{"id":4426,"date":"2020-04-28T12:46:09","date_gmt":"2020-04-28T10:46:09","guid":{"rendered":"https:\/\/www.melquiadesrodriguez.com\/?post_type=product&#038;p=4426"},"modified":"2020-09-14T14:41:50","modified_gmt":"2020-09-14T12:41:50","slug":"boneless-fodder-fed-iberian-ham-copia","status":"publish","type":"product","link":"https:\/\/www.melquiadesrodriguez.com\/en\/producto\/boneless-fodder-fed-iberian-ham-copia\/","title":{"rendered":"Boneless fodder-fed Iberian ham"},"content":{"rendered":"<p>A deboned product without fat and without rind and vacuum-packed.<br \/>\n<strong>Approximate weight<\/strong>: 5 Kg.<br \/>\n100% ham.<\/p>\n","protected":false},"excerpt":{"rendered":"<p>A deboned product without fat and without rind and vacuum-packed.<br \/>\nApproximate weight: 5 Kg. 100% ham.<\/p>\n<p><em>*Price by unit.<\/em><\/p>\n","protected":false},"featured_media":40941,"comment_status":"open","ping_status":"closed","template":"","meta":[],"product_brand":[],"product_cat":[163],"product_tag":[168,167],"class_list":{"0":"post-4426","1":"product","2":"type-product","3":"status-publish","4":"has-post-thumbnail","6":"product_cat-hams-and-shoulders","7":"product_tag-fodder-fed-iberian-ham","8":"product_tag-iberian-acorn-fed-ham","10":"first","11":"instock","12":"taxable","13":"shipping-taxable","14":"purchasable","15":"product-type-variable"},"yoast_head":"<!-- This site is optimized with the Yoast SEO plugin v27.3 - https:\/\/yoast.com\/product\/yoast-seo-wordpress\/ -->\n<title>Boneless fodder-fed Iberian ham - Melquiades Rodr\u00edguez<\/title>\n<meta name=\"description\" content=\"A deboned product without fat and without rind and vacuum-packed.\" \/>\n<meta name=\"robots\" content=\"index, follow, max-snippet:-1, max-image-preview:large, max-video-preview:-1\" \/>\n<link rel=\"canonical\" href=\"https:\/\/www.melquiadesrodriguez.com\/en\/producto\/boneless-fodder-fed-iberian-ham-copia\/\" \/>\n<meta property=\"og:locale\" content=\"en_US\" \/>\n<meta property=\"og:type\" content=\"article\" \/>\n<meta property=\"og:title\" content=\"Boneless fodder-fed Iberian ham - Melquiades Rodr\u00edguez\" \/>\n<meta property=\"og:description\" content=\"A deboned product without fat and without rind and vacuum-packed.\" \/>\n<meta property=\"og:url\" content=\"https:\/\/www.melquiadesrodriguez.com\/en\/producto\/boneless-fodder-fed-iberian-ham-copia\/\" \/>\n<meta property=\"og:site_name\" content=\"Melquiades Rodr\u00edguez\" \/>\n<meta property=\"article:publisher\" content=\"https:\/\/www.facebook.com\/Jamones-Melquiades-1517726898557586\/?fref=ts\" \/>\n<meta property=\"article:modified_time\" content=\"2020-09-14T12:41:50+00:00\" \/>\n<meta property=\"og:image\" content=\"https:\/\/www.melquiadesrodriguez.com\/wp-content\/uploads\/2020\/04\/jamon_cebo_campo_iberico_deshuesada.jpg\" \/>\n\t<meta property=\"og:image:width\" content=\"600\" \/>\n\t<meta property=\"og:image:height\" content=\"800\" \/>\n\t<meta property=\"og:image:type\" content=\"image\/jpeg\" \/>\n<meta name=\"twitter:card\" content=\"summary_large_image\" \/>\n<meta name=\"twitter:site\" content=\"@JamonMelquiades\" \/>\n<script type=\"application\/ld+json\" class=\"yoast-schema-graph\">{\"@context\":\"https:\\\/\\\/schema.org\",\"@graph\":[{\"@type\":\"WebPage\",\"@id\":\"https:\\\/\\\/www.melquiadesrodriguez.com\\\/en\\\/producto\\\/boneless-fodder-fed-iberian-ham-copia\\\/\",\"url\":\"https:\\\/\\\/www.melquiadesrodriguez.com\\\/en\\\/producto\\\/boneless-fodder-fed-iberian-ham-copia\\\/\",\"name\":\"Boneless fodder-fed Iberian ham - Melquiades Rodr\u00edguez\",\"isPartOf\":{\"@id\":\"https:\\\/\\\/www.melquiadesrodriguez.com\\\/en\\\/#website\"},\"primaryImageOfPage\":{\"@id\":\"https:\\\/\\\/www.melquiadesrodriguez.com\\\/en\\\/producto\\\/boneless-fodder-fed-iberian-ham-copia\\\/#primaryimage\"},\"image\":{\"@id\":\"https:\\\/\\\/www.melquiadesrodriguez.com\\\/en\\\/producto\\\/boneless-fodder-fed-iberian-ham-copia\\\/#primaryimage\"},\"thumbnailUrl\":\"https:\\\/\\\/www.melquiadesrodriguez.com\\\/wp-content\\\/uploads\\\/2020\\\/04\\\/Jamon-Campo-Deshuesado-1-400x400-1.jpg\",\"datePublished\":\"2020-04-28T10:46:09+00:00\",\"dateModified\":\"2020-09-14T12:41:50+00:00\",\"description\":\"A deboned product without fat and without rind and vacuum-packed.\",\"breadcrumb\":{\"@id\":\"https:\\\/\\\/www.melquiadesrodriguez.com\\\/en\\\/producto\\\/boneless-fodder-fed-iberian-ham-copia\\\/#breadcrumb\"},\"inLanguage\":\"en-US\",\"potentialAction\":[{\"@type\":\"ReadAction\",\"target\":[\"https:\\\/\\\/www.melquiadesrodriguez.com\\\/en\\\/producto\\\/boneless-fodder-fed-iberian-ham-copia\\\/\"]}]},{\"@type\":\"ImageObject\",\"inLanguage\":\"en-US\",\"@id\":\"https:\\\/\\\/www.melquiadesrodriguez.com\\\/en\\\/producto\\\/boneless-fodder-fed-iberian-ham-copia\\\/#primaryimage\",\"url\":\"https:\\\/\\\/www.melquiadesrodriguez.com\\\/wp-content\\\/uploads\\\/2020\\\/04\\\/Jamon-Campo-Deshuesado-1-400x400-1.jpg\",\"contentUrl\":\"https:\\\/\\\/www.melquiadesrodriguez.com\\\/wp-content\\\/uploads\\\/2020\\\/04\\\/Jamon-Campo-Deshuesado-1-400x400-1.jpg\",\"width\":750,\"height\":750,\"caption\":\"Jam\u00f3n Deshuesado de Cebo de Campo Ib\u00e9rico 50% Raza Ib\u00e9rica\"},{\"@type\":\"BreadcrumbList\",\"@id\":\"https:\\\/\\\/www.melquiadesrodriguez.com\\\/en\\\/producto\\\/boneless-fodder-fed-iberian-ham-copia\\\/#breadcrumb\",\"itemListElement\":[{\"@type\":\"ListItem\",\"position\":1,\"name\":\"Portada\",\"item\":\"https:\\\/\\\/www.melquiadesrodriguez.com\\\/en\\\/\"},{\"@type\":\"ListItem\",\"position\":2,\"name\":\"Online shop\",\"item\":\"https:\\\/\\\/www.melquiadesrodriguez.com\\\/en\\\/online-shop\\\/\"},{\"@type\":\"ListItem\",\"position\":3,\"name\":\"Boneless fodder-fed Iberian ham\"}]},{\"@type\":\"WebSite\",\"@id\":\"https:\\\/\\\/www.melquiadesrodriguez.com\\\/en\\\/#website\",\"url\":\"https:\\\/\\\/www.melquiadesrodriguez.com\\\/en\\\/\",\"name\":\"Melquiades Rodr\u00edguez\",\"description\":\"Jamones y Embutidos\",\"potentialAction\":[{\"@type\":\"SearchAction\",\"target\":{\"@type\":\"EntryPoint\",\"urlTemplate\":\"https:\\\/\\\/www.melquiadesrodriguez.com\\\/en\\\/?s={search_term_string}\"},\"query-input\":{\"@type\":\"PropertyValueSpecification\",\"valueRequired\":true,\"valueName\":\"search_term_string\"}}],\"inLanguage\":\"en-US\"}]}<\/script>\n<!-- \/ Yoast SEO plugin. -->","yoast_head_json":{"title":"Boneless fodder-fed Iberian ham - Melquiades Rodr\u00edguez","description":"A deboned product without fat and without rind and vacuum-packed.","robots":{"index":"index","follow":"follow","max-snippet":"max-snippet:-1","max-image-preview":"max-image-preview:large","max-video-preview":"max-video-preview:-1"},"canonical":"https:\/\/www.melquiadesrodriguez.com\/en\/producto\/boneless-fodder-fed-iberian-ham-copia\/","og_locale":"en_US","og_type":"article","og_title":"Boneless fodder-fed Iberian ham - Melquiades Rodr\u00edguez","og_description":"A deboned product without fat and without rind and vacuum-packed.","og_url":"https:\/\/www.melquiadesrodriguez.com\/en\/producto\/boneless-fodder-fed-iberian-ham-copia\/","og_site_name":"Melquiades Rodr\u00edguez","article_publisher":"https:\/\/www.facebook.com\/Jamones-Melquiades-1517726898557586\/?fref=ts","article_modified_time":"2020-09-14T12:41:50+00:00","og_image":[{"width":600,"height":800,"url":"https:\/\/www.melquiadesrodriguez.com\/wp-content\/uploads\/2020\/04\/jamon_cebo_campo_iberico_deshuesada.jpg","type":"image\/jpeg"}],"twitter_card":"summary_large_image","twitter_site":"@JamonMelquiades","schema":{"@context":"https:\/\/schema.org","@graph":[{"@type":"WebPage","@id":"https:\/\/www.melquiadesrodriguez.com\/en\/producto\/boneless-fodder-fed-iberian-ham-copia\/","url":"https:\/\/www.melquiadesrodriguez.com\/en\/producto\/boneless-fodder-fed-iberian-ham-copia\/","name":"Boneless fodder-fed Iberian ham - Melquiades Rodr\u00edguez","isPartOf":{"@id":"https:\/\/www.melquiadesrodriguez.com\/en\/#website"},"primaryImageOfPage":{"@id":"https:\/\/www.melquiadesrodriguez.com\/en\/producto\/boneless-fodder-fed-iberian-ham-copia\/#primaryimage"},"image":{"@id":"https:\/\/www.melquiadesrodriguez.com\/en\/producto\/boneless-fodder-fed-iberian-ham-copia\/#primaryimage"},"thumbnailUrl":"https:\/\/www.melquiadesrodriguez.com\/wp-content\/uploads\/2020\/04\/Jamon-Campo-Deshuesado-1-400x400-1.jpg","datePublished":"2020-04-28T10:46:09+00:00","dateModified":"2020-09-14T12:41:50+00:00","description":"A deboned product without fat and without rind and vacuum-packed.","breadcrumb":{"@id":"https:\/\/www.melquiadesrodriguez.com\/en\/producto\/boneless-fodder-fed-iberian-ham-copia\/#breadcrumb"},"inLanguage":"en-US","potentialAction":[{"@type":"ReadAction","target":["https:\/\/www.melquiadesrodriguez.com\/en\/producto\/boneless-fodder-fed-iberian-ham-copia\/"]}]},{"@type":"ImageObject","inLanguage":"en-US","@id":"https:\/\/www.melquiadesrodriguez.com\/en\/producto\/boneless-fodder-fed-iberian-ham-copia\/#primaryimage","url":"https:\/\/www.melquiadesrodriguez.com\/wp-content\/uploads\/2020\/04\/Jamon-Campo-Deshuesado-1-400x400-1.jpg","contentUrl":"https:\/\/www.melquiadesrodriguez.com\/wp-content\/uploads\/2020\/04\/Jamon-Campo-Deshuesado-1-400x400-1.jpg","width":750,"height":750,"caption":"Jam\u00f3n Deshuesado de Cebo de Campo Ib\u00e9rico 50% Raza Ib\u00e9rica"},{"@type":"BreadcrumbList","@id":"https:\/\/www.melquiadesrodriguez.com\/en\/producto\/boneless-fodder-fed-iberian-ham-copia\/#breadcrumb","itemListElement":[{"@type":"ListItem","position":1,"name":"Portada","item":"https:\/\/www.melquiadesrodriguez.com\/en\/"},{"@type":"ListItem","position":2,"name":"Online shop","item":"https:\/\/www.melquiadesrodriguez.com\/en\/online-shop\/"},{"@type":"ListItem","position":3,"name":"Boneless fodder-fed Iberian ham"}]},{"@type":"WebSite","@id":"https:\/\/www.melquiadesrodriguez.com\/en\/#website","url":"https:\/\/www.melquiadesrodriguez.com\/en\/","name":"Melquiades Rodr\u00edguez","description":"Jamones y Embutidos","potentialAction":[{"@type":"SearchAction","target":{"@type":"EntryPoint","urlTemplate":"https:\/\/www.melquiadesrodriguez.com\/en\/?s={search_term_string}"},"query-input":{"@type":"PropertyValueSpecification","valueRequired":true,"valueName":"search_term_string"}}],"inLanguage":"en-US"}]}},"_links":{"self":[{"href":"https:\/\/www.melquiadesrodriguez.com\/en\/wp-json\/wp\/v2\/product\/4426","targetHints":{"allow":["GET"]}}],"collection":[{"href":"https:\/\/www.melquiadesrodriguez.com\/en\/wp-json\/wp\/v2\/product"}],"about":[{"href":"https:\/\/www.melquiadesrodriguez.com\/en\/wp-json\/wp\/v2\/types\/product"}],"replies":[{"embeddable":true,"href":"https:\/\/www.melquiadesrodriguez.com\/en\/wp-json\/wp\/v2\/comments?post=4426"}],"wp:featuredmedia":[{"embeddable":true,"href":"https:\/\/www.melquiadesrodriguez.com\/en\/wp-json\/wp\/v2\/media\/40941"}],"wp:attachment":[{"href":"https:\/\/www.melquiadesrodriguez.com\/en\/wp-json\/wp\/v2\/media?parent=4426"}],"wp:term":[{"taxonomy":"product_brand","embeddable":true,"href":"https:\/\/www.melquiadesrodriguez.com\/en\/wp-json\/wp\/v2\/product_brand?post=4426"},{"taxonomy":"product_cat","embeddable":true,"href":"https:\/\/www.melquiadesrodriguez.com\/en\/wp-json\/wp\/v2\/product_cat?post=4426"},{"taxonomy":"product_tag","embeddable":true,"href":"https:\/\/www.melquiadesrodriguez.com\/en\/wp-json\/wp\/v2\/product_tag?post=4426"}],"curies":[{"name":"wp","href":"https:\/\/api.w.org\/{rel}","templated":true}]}}