{"id":1634,"date":"2016-04-20T12:50:43","date_gmt":"2016-04-20T10:50:43","guid":{"rendered":"http:\/\/melquiades.questiondeimagen.com\/?page_id=1634&#038;lang=fr"},"modified":"2017-03-16T18:33:07","modified_gmt":"2017-03-16T16:33:07","slug":"avertissement-legal","status":"publish","type":"page","link":"https:\/\/www.melquiadesrodriguez.com\/fr\/avertissement-legal\/","title":{"rendered":"Avertissement L\u00e9gal"},"content":{"rendered":"<h2>INFORMATIONS SUR L&#8217;ENTREPRISE<\/h2>\n<p>Conform\u00e9ment \u00e0 l&#8217;article 10 de la <strong>Loi 34\/2002, du 11 juillet, des Services de la Soci\u00e9t\u00e9 de l&#8217;Information et du Commerce Electronique<\/strong>, Melquiades Rodr\u00edguez, S.A. vous informe qu&#8217;elle se trouve inscrite sur le Registre Commercial de Zamora, ses informations d&#8217;identification \u00e9tant les suivantes :<\/p>\n<ul>\n<li>Appellation Sociale : <strong class=\"dorado\">Melquiades Rodr\u00edguez, S.A.<\/strong><\/li>\n<li>CIF : <strong>A49004484<\/strong><\/li>\n<li>Domicile social : Ctra. Nacional 122-Km. 450 &#8211; 49530 Coreses (Zamora)<\/li>\n<li>Tel\u00e9fono: 980 500 101<\/li>\n<li>FAX: 980 527 341<\/li>\n<\/ul>\n<p>Toutes les notifications et communications entre les usagers et Melquiades Rodr\u00edguez, S.A. seront consid\u00e9r\u00e9es efficaces, \u00e0 tous les effets, quand elles se feront par le biais de courrier postal ou par quelque autre moyen d\u00e9taill\u00e9 ant\u00e9rieurement.<\/p>\n<h2>CONDITIONS D&#8217;ACCES ET D&#8217;UTILISATION<\/h2>\n<p>Le pr\u00e9sent avertissement l\u00e9gal r\u00e9gule l&#8217;usage du site web dont est titulaire Melquiades Rodr\u00edguez, S.A.<br \/>\nLa navigation sur le site web de Melquiades Rodr\u00edgues, S.A. attribue la condition d&#8217;utilisateur \u00e0 lui m\u00eame et implique la pleine acceptation et sans r\u00e9serve de toutes et chacune des dispositions inclues dans cet Avertissement L\u00e9gal, qui peuvent subir des modifications.<\/p>\n<p>Le site web et ses services ont un acc\u00e8s libre et gratuit, cependant, Melquiades Rodr\u00edguez, S.A. conditionne l&#8217;utilisation de quelques uns des services offerts sur son site web au remplissage pr\u00e9alable du formulaire correspondant.<\/p>\n<p>Tous les contenus du site web, comme les textes, les photographies, les graphiques, les images, les ic\u00f4nes, la technologie, software ainsi que leur infographie et leurs codes sources, constituent une oeuvre dont la propri\u00e9t\u00e9 appartient \u00e0 Melquiades Rodr\u00edguez, S.A., sans que puissent \u00eatre communiqu\u00e9s \u00e0 l&#8217;utilisateur aucun des droits d&#8217;exploitation sur ces derniers au del\u00e0 du strictement n\u00e9cessaire pour l&#8217;usage correct du site web.<\/p>\n<p>L&#8217;utilisateur garantie l&#8217;authenticit\u00e9 et l&#8217;actualit\u00e9 de toutes les informations qu&#8217;il communique \u00e0 Melquiades Rodr\u00edguez, S.A. et sera l&#8217;unique responsables des fausses ou inexactes d\u00e9clarations qu&#8217;il r\u00e9alise.<\/p>\n<p>L&#8217;utilisateur s&#8217;oblige \u00e0 faire un usage correct du site web en conformit\u00e9 avec les lois, la bonne foi, l&#8217;ordre publique, les usages du trafique et le pr\u00e9sent Avertissement l\u00e9gal. L&#8217;utilisateur r\u00e9pondra face \u00e0 Melquiades Rodr\u00edguez, S.A. ou face \u00e0 un tiers, de n&#8217;importe quel dommages et int\u00e9r\u00eats qui puissent causer comme cons\u00e9quence du manquement \u00e0 cette dite obligation.<\/p>\n<h2>POLITIQUE DES LIENS ET EXCLUSION DES RESPONSABILITES<\/h2>\n<p>Melquiades Rodr\u00edguez, S.A. n&#8217;est pas responsable du contenu des pages web auxquelles l&#8217;utilisateur peut acc\u00e9der \u00e0 travers des liens \u00e9tablis dans vos sites web et d\u00e9clare qu&#8217;en aucun cas il ne proc\u00e8dera \u00e0 l&#8217;examination ou l&#8217;exercice d&#8217;aucun type de contr\u00f4le sur le contenu des autres pages du r\u00e9seau. De m\u00eame, il ne garantira pas non plus la disponibilit\u00e9 technique, l&#8217;exactitude, la v\u00e9racit\u00e9, la validit\u00e9 ou la l\u00e9galit\u00e9 des pages ext\u00e9rieures \u00e0 sa propri\u00e9t\u00e9 \u00e0 celles o\u00f9 l&#8217;on peut acc\u00e9der par l&#8217;interm\u00e9diaire des liens.<\/p>\n<p>Melquiades Rodr\u00edguez, S.A. d\u00e9clare avoir adopt\u00e9 toutes les mesures n\u00e9cessaire pour \u00e9viter n&#8217;importe quel dommage qui pourrait d\u00e9river les utilisateurs du site internet dans la navigation de la page web.<\/p>\n<h2>USAGE DE COOKIES ET DONNEES STATISTIQUES<\/h2>\n<p>Cette page web ne recueille ni ne stocke les informations personnelles de ses visiteurs.<\/p>\n<p>Uniquement, avec la finalit\u00e9 de vous offrir le meilleur service \u00e0 travers de cette page, et avec l&#8217;objectif de faciliter son usage, le nombre de pages visit\u00e9es est analys\u00e9, ainsi que le nombre de visites et sa fr\u00e9quence d&#8217;utilisation.<\/p>\n<p>A cet effet, on utilise les donn\u00e9es statistiques \u00e9labor\u00e9es par le Fournisseur de Services Internet de Melquiades Rodriguez, S.A. Avec cette information, on analyse la fr\u00e9quence d&#8217;usage du site commercial \u00e0 partir des informations de connection et des sections les plus visit\u00e9es.<\/p>\n<p>Melquiades Rodriguez, S.A. pourra utiliser les cookies durant la prestation des services du site web. L&#8217;utilisateur a la possibilit\u00e9 de configurer son navigateur de fa\u00e7ons \u00e0 ce qu&#8217;on les informe de la r\u00e9ception des cookies, pouvant, s&#8217;il le d\u00e9sire, interdire qu&#8217;ils soient install\u00e9s sur son disque dur.<\/p>\n<p>Si vous choisissez d&#8217;abandonner notre site web \u00e0 travers les liens vers d&#8217;autre sites web n&#8217;appartenant pas \u00e0 notre soci\u00e9t\u00e9, Melquiades Rodriguez, S.A. ne sera pas responsable des politiques de confidentialit\u00e9 de ces dits sites web ni des cookies que ceux-ci peuvent stocker dans l&#8217;ordinateur de l&#8217;utilisateur.<\/p>\n<h2>PROTECTION DES INFORMATIONS<\/h2>\n<p>Nous vous informons que les informations personnelles que vous nous fournissez volontairement, \u00e0 travers des diff\u00e9rents formulaires du site web, sont d\u00e9pos\u00e9es dans un ficher de titularisation de Melquiades Rodr\u00edguez, S.A. domicili\u00e9 \u00e0 Ctra. Nacional 122-Km. 450 &#8211; 49530 Coreses (Zamora), qui respecte les mesures de s\u00e9curit\u00e9 exig\u00e9es dans le d\u00e9cret Royal 1720\/2007 du 21 d\u00e9cembre. La finalit\u00e9 de ce dernier est la prestation et l&#8217;administration du service contract\u00e9 ou sollicit\u00e9, ainsi que la r\u00e9alisation de statitistiques, le renvoi de publicit\u00e9 ou autres promotions commerciales que Melquiades Rodr\u00edguez, S.A. peut effectuer dans le futur.<\/p>\n<p>Gr\u00e2ce \u00e0 l&#8217;information volontaire de vos donn\u00e9es, vous autorisez que les ces derni\u00e8res soient utilis\u00e9e par l&#8217;entreprise avec la finalit\u00e9 de g\u00e9rer et donner suite au service qui recherche, vous adresse les offres commerciales des produits et des services de l&#8217;entreprise, l&#8217;envoie de publicit\u00e9, prospection commerciale, enqu\u00eates de satisfaction, envoie de voeux, de promotions et de tirage au sort. De m\u00eame, vous autorisez que vos donn\u00e9es puissent \u00eatre c\u00e9d\u00e9es aux compagnies a\u00e9riennes, aux \u00e9tablissement h\u00f4teliers, aux entreprises de location de v\u00e9hicules et aux tours op\u00e9rateurs, avec pour fin d&#8217;embaucher les services de ces derniers ou de solliciter les informations tant de disponibit\u00e9 comme de prix. De plus, en nous fournisant votre adresse de courrier \u00e9lectronique et votre num\u00e9ro de t\u00e9l\u00e9phone portable, vous autorisez expr\u00e9ssement l&#8217;entreprise et son r\u00e9seau commercial \u00e0 l&#8217;envoi \u00e0 travers de ces derniers les communications promotionnelles et commerciales avec les finalit\u00e9s indiqu\u00e9es, autorisation qui peut \u00eatre r\u00e9voqu\u00e9 \u00e0 n&#8217;importe quel moment.<\/p>\n<p>Gr\u00e2ce \u00e0 l&#8217;envoie des formulaires mentionn\u00e9s, l&#8217;utilisateur autorise \u00e0 ce qu&#8217;on lui envoie des informations et des communications commerciales \u00e0 travers du courrier postal, du courrier \u00e9lectronique ou du fax sur les produits et les services.<\/p>\n<p>De m\u00eame, Melquiades Rodr\u00edguez, S.A. annulera ou r\u00e9ctifiera les donn\u00e9e quand elles seront inexactes, incompl\u00e8tes ou ne seront plus n\u00e9cessaires pour leur finalit\u00e9, conform\u00e9ment \u00e0 ce qui est p\u00e9vu dans la Loi Organique 15\/1999, du 13 d\u00e9cembre, de Protection des Donn\u00e9es \u00e0 Caract\u00e8re Personnel.<\/p>\n<p>L&#8217;utilisateur pourra r\u00e9voqu\u00e9 le consentement pr\u00e9t\u00e9 et exercer les droits d&#8217;acc\u00e8s, de r\u00e9ctification, d&#8217;annulation et d&#8217;oppostion, en se dirigeant par \u00e9crit \u00e0 Melquiades Rodr\u00edguez, S.A., \u00e0 l&#8217;adresse suivante Ctra. Nacional 122-Km. 450 &#8211; 49530 Coreses (Zamora), en s&#8217;identifiant d\u00fbment et en indiquant de fa\u00e7on visible le droit concret qui s&#8217;exerce.<\/p>\n<p>Melquiades Rodr\u00edguez, S.A. adopte les niveaux de s\u00e9curit\u00e9 correspondants exig\u00e9s pour la cit\u00e9e Loi Organique 15\/1999 et autre r\u00e8glementation applicable. Cependant, elle n&#8217;assume aucune responsabilit\u00e9 pour les dommages et int\u00e9r\u00eats d\u00e9riv\u00e9s des alterations qu&#8217;un tiers puisse causer dans les syst\u00e8mes informatiques, dans les documents \u00e9lectroniques, ou dans les fichiers de l&#8217;utilisateur.<\/p>\n","protected":false},"excerpt":{"rendered":"<p>INFORMATIONS SUR L&#8217;ENTREPRISE Conform\u00e9ment \u00e0 l&#8217;article 10 de la Loi 34\/2002, du 11 juillet, des Services de la Soci\u00e9t\u00e9 de l&#8217;Information et du Commerce Electronique, Melquiades Rodr\u00edguez, S.A. vous informe qu&#8217;elle se trouve inscrite sur le Registre Commercial de Zamora, ses informations d&#8217;identification \u00e9tant les suivantes : Appellation Sociale : Melquiades Rodr\u00edguez, S.A. CIF : &hellip; <\/p>\n<p class=\"link-more\"><a href=\"https:\/\/www.melquiadesrodriguez.com\/fr\/avertissement-legal\/\" class=\"more-link\">Continue reading&lt;span class=&quot;screen-reader-text&quot;&gt; &quot;Avertissement L\u00e9gal&quot;&lt;\/span&gt;<\/a><\/p>\n","protected":false},"author":1,"featured_media":0,"parent":0,"menu_order":0,"comment_status":"closed","ping_status":"closed","template":"","meta":{"footnotes":""},"class_list":["post-1634","page","type-page","status-publish","hentry"],"yoast_head":"<!-- This site is optimized with the Yoast SEO plugin v27.3 - https:\/\/yoast.com\/product\/yoast-seo-wordpress\/ -->\n<title>Avertissement L\u00e9gal - Melquiades Rodr\u00edguez<\/title>\n<meta name=\"robots\" content=\"index, follow, max-snippet:-1, max-image-preview:large, max-video-preview:-1\" \/>\n<link rel=\"canonical\" href=\"https:\/\/www.melquiadesrodriguez.com\/fr\/avertissement-legal\/\" \/>\n<meta property=\"og:locale\" content=\"fr_FR\" \/>\n<meta property=\"og:type\" content=\"article\" \/>\n<meta property=\"og:title\" content=\"Avertissement L\u00e9gal - Melquiades Rodr\u00edguez\" \/>\n<meta property=\"og:description\" content=\"INFORMATIONS SUR L&#8217;ENTREPRISE Conform\u00e9ment \u00e0 l&#8217;article 10 de la Loi 34\/2002, du 11 juillet, des Services de la Soci\u00e9t\u00e9 de l&#8217;Information et du Commerce Electronique, Melquiades Rodr\u00edguez, S.A. vous informe qu&#8217;elle se trouve inscrite sur le Registre Commercial de Zamora, ses informations d&#8217;identification \u00e9tant les suivantes : Appellation Sociale : Melquiades Rodr\u00edguez, S.A. CIF : &hellip; Continue reading&lt;span class=&quot;screen-reader-text&quot;&gt; &quot;Avertissement L\u00e9gal&quot;&lt;\/span&gt;\" \/>\n<meta property=\"og:url\" content=\"https:\/\/www.melquiadesrodriguez.com\/fr\/avertissement-legal\/\" \/>\n<meta property=\"og:site_name\" content=\"Melquiades Rodr\u00edguez\" \/>\n<meta property=\"article:publisher\" content=\"https:\/\/www.facebook.com\/Jamones-Melquiades-1517726898557586\/?fref=ts\" \/>\n<meta property=\"article:modified_time\" content=\"2017-03-16T16:33:07+00:00\" \/>\n<meta name=\"twitter:card\" content=\"summary_large_image\" \/>\n<meta name=\"twitter:site\" content=\"@JamonMelquiades\" \/>\n<meta name=\"twitter:label1\" content=\"Dur\u00e9e de lecture estim\u00e9e\" \/>\n\t<meta name=\"twitter:data1\" content=\"6 minutes\" \/>\n<script type=\"application\/ld+json\" class=\"yoast-schema-graph\">{\"@context\":\"https:\\\/\\\/schema.org\",\"@graph\":[{\"@type\":\"WebPage\",\"@id\":\"https:\\\/\\\/www.melquiadesrodriguez.com\\\/fr\\\/avertissement-legal\\\/\",\"url\":\"https:\\\/\\\/www.melquiadesrodriguez.com\\\/fr\\\/avertissement-legal\\\/\",\"name\":\"Avertissement L\u00e9gal - Melquiades Rodr\u00edguez\",\"isPartOf\":{\"@id\":\"https:\\\/\\\/www.melquiadesrodriguez.com\\\/fr\\\/#website\"},\"datePublished\":\"2016-04-20T10:50:43+00:00\",\"dateModified\":\"2017-03-16T16:33:07+00:00\",\"breadcrumb\":{\"@id\":\"https:\\\/\\\/www.melquiadesrodriguez.com\\\/fr\\\/avertissement-legal\\\/#breadcrumb\"},\"inLanguage\":\"fr-FR\",\"potentialAction\":[{\"@type\":\"ReadAction\",\"target\":[\"https:\\\/\\\/www.melquiadesrodriguez.com\\\/fr\\\/avertissement-legal\\\/\"]}]},{\"@type\":\"BreadcrumbList\",\"@id\":\"https:\\\/\\\/www.melquiadesrodriguez.com\\\/fr\\\/avertissement-legal\\\/#breadcrumb\",\"itemListElement\":[{\"@type\":\"ListItem\",\"position\":1,\"name\":\"Portada\",\"item\":\"https:\\\/\\\/www.melquiadesrodriguez.com\\\/fr\\\/\"},{\"@type\":\"ListItem\",\"position\":2,\"name\":\"Avertissement L\u00e9gal\"}]},{\"@type\":\"WebSite\",\"@id\":\"https:\\\/\\\/www.melquiadesrodriguez.com\\\/fr\\\/#website\",\"url\":\"https:\\\/\\\/www.melquiadesrodriguez.com\\\/fr\\\/\",\"name\":\"Melquiades Rodr\u00edguez\",\"description\":\"Jamones y Embutidos\",\"potentialAction\":[{\"@type\":\"SearchAction\",\"target\":{\"@type\":\"EntryPoint\",\"urlTemplate\":\"https:\\\/\\\/www.melquiadesrodriguez.com\\\/fr\\\/?s={search_term_string}\"},\"query-input\":{\"@type\":\"PropertyValueSpecification\",\"valueRequired\":true,\"valueName\":\"search_term_string\"}}],\"inLanguage\":\"fr-FR\"}]}<\/script>\n<!-- \/ Yoast SEO plugin. -->","yoast_head_json":{"title":"Avertissement L\u00e9gal - Melquiades Rodr\u00edguez","robots":{"index":"index","follow":"follow","max-snippet":"max-snippet:-1","max-image-preview":"max-image-preview:large","max-video-preview":"max-video-preview:-1"},"canonical":"https:\/\/www.melquiadesrodriguez.com\/fr\/avertissement-legal\/","og_locale":"fr_FR","og_type":"article","og_title":"Avertissement L\u00e9gal - Melquiades Rodr\u00edguez","og_description":"INFORMATIONS SUR L&#8217;ENTREPRISE Conform\u00e9ment \u00e0 l&#8217;article 10 de la Loi 34\/2002, du 11 juillet, des Services de la Soci\u00e9t\u00e9 de l&#8217;Information et du Commerce Electronique, Melquiades Rodr\u00edguez, S.A. vous informe qu&#8217;elle se trouve inscrite sur le Registre Commercial de Zamora, ses informations d&#8217;identification \u00e9tant les suivantes : Appellation Sociale : Melquiades Rodr\u00edguez, S.A. CIF : &hellip; Continue reading&lt;span class=&quot;screen-reader-text&quot;&gt; &quot;Avertissement L\u00e9gal&quot;&lt;\/span&gt;","og_url":"https:\/\/www.melquiadesrodriguez.com\/fr\/avertissement-legal\/","og_site_name":"Melquiades Rodr\u00edguez","article_publisher":"https:\/\/www.facebook.com\/Jamones-Melquiades-1517726898557586\/?fref=ts","article_modified_time":"2017-03-16T16:33:07+00:00","twitter_card":"summary_large_image","twitter_site":"@JamonMelquiades","twitter_misc":{"Dur\u00e9e de lecture estim\u00e9e":"6 minutes"},"schema":{"@context":"https:\/\/schema.org","@graph":[{"@type":"WebPage","@id":"https:\/\/www.melquiadesrodriguez.com\/fr\/avertissement-legal\/","url":"https:\/\/www.melquiadesrodriguez.com\/fr\/avertissement-legal\/","name":"Avertissement L\u00e9gal - Melquiades Rodr\u00edguez","isPartOf":{"@id":"https:\/\/www.melquiadesrodriguez.com\/fr\/#website"},"datePublished":"2016-04-20T10:50:43+00:00","dateModified":"2017-03-16T16:33:07+00:00","breadcrumb":{"@id":"https:\/\/www.melquiadesrodriguez.com\/fr\/avertissement-legal\/#breadcrumb"},"inLanguage":"fr-FR","potentialAction":[{"@type":"ReadAction","target":["https:\/\/www.melquiadesrodriguez.com\/fr\/avertissement-legal\/"]}]},{"@type":"BreadcrumbList","@id":"https:\/\/www.melquiadesrodriguez.com\/fr\/avertissement-legal\/#breadcrumb","itemListElement":[{"@type":"ListItem","position":1,"name":"Portada","item":"https:\/\/www.melquiadesrodriguez.com\/fr\/"},{"@type":"ListItem","position":2,"name":"Avertissement L\u00e9gal"}]},{"@type":"WebSite","@id":"https:\/\/www.melquiadesrodriguez.com\/fr\/#website","url":"https:\/\/www.melquiadesrodriguez.com\/fr\/","name":"Melquiades Rodr\u00edguez","description":"Jamones y Embutidos","potentialAction":[{"@type":"SearchAction","target":{"@type":"EntryPoint","urlTemplate":"https:\/\/www.melquiadesrodriguez.com\/fr\/?s={search_term_string}"},"query-input":{"@type":"PropertyValueSpecification","valueRequired":true,"valueName":"search_term_string"}}],"inLanguage":"fr-FR"}]}},"_links":{"self":[{"href":"https:\/\/www.melquiadesrodriguez.com\/fr\/wp-json\/wp\/v2\/pages\/1634","targetHints":{"allow":["GET"]}}],"collection":[{"href":"https:\/\/www.melquiadesrodriguez.com\/fr\/wp-json\/wp\/v2\/pages"}],"about":[{"href":"https:\/\/www.melquiadesrodriguez.com\/fr\/wp-json\/wp\/v2\/types\/page"}],"author":[{"embeddable":true,"href":"https:\/\/www.melquiadesrodriguez.com\/fr\/wp-json\/wp\/v2\/users\/1"}],"replies":[{"embeddable":true,"href":"https:\/\/www.melquiadesrodriguez.com\/fr\/wp-json\/wp\/v2\/comments?post=1634"}],"version-history":[{"count":0,"href":"https:\/\/www.melquiadesrodriguez.com\/fr\/wp-json\/wp\/v2\/pages\/1634\/revisions"}],"wp:attachment":[{"href":"https:\/\/www.melquiadesrodriguez.com\/fr\/wp-json\/wp\/v2\/media?parent=1634"}],"curies":[{"name":"wp","href":"https:\/\/api.w.org\/{rel}","templated":true}]}}