{"id":1639,"date":"2016-04-20T13:26:37","date_gmt":"2016-04-20T11:26:37","guid":{"rendered":"http:\/\/melquiades.questiondeimagen.com\/fr\/?page_id=1639"},"modified":"2022-02-28T14:20:41","modified_gmt":"2022-02-28T12:20:41","slug":"conditions-dutilisation","status":"publish","type":"page","link":"https:\/\/www.melquiadesrodriguez.com\/fr\/conditions-dutilisation\/","title":{"rendered":"Conditions D&#8217;Utilisation"},"content":{"rendered":"<p>Tous les produits qui apparaissent dans la boutique sont disponibles, ils sont accompagn\u00e9s d&#8217;une description sur leurs caract\u00e9ristiques et de leur prix, T.V.A. Incluse, ainsi que d&#8217;autres informations d&#8217;int\u00e9r\u00eat. Au cas o\u00f9 certains produits ne seraient pas disponibles, cela sera indiqu\u00e9 express\u00e9ment. Tous les produits sont livr\u00e9s pr\u00eats \u00e0 \u00eatre consomm\u00e9s en parfait \u00e9tat de conservation et \u00e9tiquet\u00e9s, nous recommandons de sortir de leur sac les produits sous vide au moins 12 heures avant leur consommation.<\/p>\n<h2>PRIX<\/h2>\n<p>Les prix applicables aux produits sont ceux qui figurent au moment de la commande. A la vue des produits ou au listong de ceux-ci, les prix apparaissent avec les taxes incluses. Au moment de r\u00e9aliser la commande ferme, le syst\u00e8me vous informera sur les frais de port d\u00e9taill\u00e9s.<\/p>\n<p>Les offres sur les produits d\u00e9termin\u00e9s se trouveront dans la section des offres ou seront indiqu\u00e9es sur la fiche du produit ou du service et, s&#8217;il n&#8217;est pas indiqu\u00e9 le contraire, elles seront valides tant qu&#8217;elles s&#8217;afficheront sur l&#8217;\u00e9cran.<\/p>\n<h2>MOYEN DE PAIEMENT<\/h2>\n<p>Les paiements des produits pouront \u00eatre r\u00e9alis\u00e9s avec la carte de cr\u00e9dit ou un d\u00e9bit gr\u00e2ce au serveur s\u00e9curis\u00e9 de Passat 4B, PayPal et gr\u00e2ce au virement bancaire sur le compte qui vous sera indiqu\u00e9 une fois confirm\u00e9e votre commande sur l&#8217;\u00e9cran et dans l&#8217;e-mail que vous recevrez avec les informations sur celui-ci.<\/p>\n<p>La commande sera envoy\u00e9e au moment o\u00f9 le montant de la facture sera effectif sur le compte bancaire.<\/p>\n<h2>COMMANDE<\/h2>\n<p>Une fois r\u00e9alis\u00e9e une commande par le syst\u00e8me, vous recevrez un e-mail \u00e0 l&#8217;adresse que vous nous aurez communiqu\u00e9e, avec l&#8217;information compl\u00e8te de la commande, le num\u00e9ro de commande, le moyen de paiement, la m\u00e9thode d&#8217;envoie et les prix complets des produits, de l&#8217;envoie et des taxes. Ce recu \u00e9lectronique vous servira pour vos futures gestions et pour vous donner les informations sur votre commande.<br \/>\nRappelez-vous que une fois la commande plac\u00e9e si ce ne est effectu\u00e9 le paiement de celui-ci dans huit jours, la commande sera annul\u00e9e.<\/p>\n<h2>ENVOI<\/h2>\n<p><strong>UNIQUEMENT LIVRAISON \u00c0 L&#8217;ESPAGNE P\u00c9NINSULAIRE, LE \u00ceLES BAL\u00c9ARES, LA FRANCE, PORTUGAL P\u00c9NINSULAIRE, ALLEMAGNE, ITALIE, BELGIQUE, PAYS BAS, LA SUISSE, L&#8217;AUTRICHE, ET LUXEMBOURG. LES COMMANDES PASS\u00c9ES DANS UN AUTRE PAYS \u00caTRE RETOURN\u00c9S.<\/strong><\/p>\n<p>Les frais d\u00e9riv\u00e9s de l&#8217;envoi seront pris en charge par le client, en l&#8217;informant \u00e0 tout moment avant d&#8217;accepter la commande, des frais d&#8217;envoi exacts, T.V.A. incluses, qui d\u00e9rive de la dite commande.<\/p>\n<p>Les produits achet\u00e9s seront livr\u00e9s \u00e0 la personne\/entreprise \u00e0 l&#8217;adresse indiqu\u00e9e, dans le d\u00e9lai indiqu\u00e9 pour le type d&#8217;envoi.<\/p>\n<p>L&#8217;acceptation et le paiement de la commande accepte express\u00e9ment la forme d&#8217;envoie choisi et le co\u00fbt de ces frais.<\/p>\n<p>Pour les envois nationnaux le d\u00e9lai de livraison est entre 48 et 72 heures \u00e0 partir de la date du processus de la commande de la part de Melquiades Rodr\u00edguez S.A.. Dans votre fiche de client de la boutique virtuelle vous pourrez voir \u00e0 tout moment le statut actuel de votre commande. On commence \u00e0 calculer le d\u00e9lai de livraison quand le statut passe de \u201cpay\u00e9\u201d \u00e0 \u201cenvoy\u00e9\u201d. Si pour quelque raison que ce soit, la commande d\u00e9passait un processus sup\u00e9rieur \u00e0 4 jours ouvrables, vous en serez inform\u00e9 gr\u00e2ce aux informations que vous aurez donn\u00e9es en vous inscrivant.<\/p>\n<h2>FRAIS D&#8217;ENVOI<\/h2>\n<p>Les frais d&#8217;envoi qui sont encaiss\u00e9s d\u00e9pendent du poids du caddie de l&#8217;achat. Les ports se calculs avec le tableau suivant:<\/p>\n<table width=\"95%\" align=\"center\" cellspacing=\"0\" cellpading=\"0\">\n<tr>\n<th>DESTINATION<\/th>\n<th>FORME DE EXP\u00c9DITION<\/th>\n<th>WEIGHT (de \/ \u00e0)<\/th>\n<th>PRIX<\/th>\n<\/tr>\n<tr>\n<td rowspan=\"7\"><strong>Espagne (p\u00e9ninsulaire)<\/strong><\/td>\n<td>Espagne 24 heures<\/td>\n<td>0 Kg. &#8211; 5 Kg.<\/td>\n<td>5,25 \u20ac<\/td>\n<\/tr>\n<tr>\n<td>Espagne 24 heures<\/td>\n<td>5,01 Kg. &#8211; 10 Kg.<\/td>\n<td>6,50 \u20ac<\/td>\n<\/tr>\n<tr>\n<td>Espagne 24 heures<\/td>\n<td>10,01 Kg. &#8211; 15 Kg.<\/td>\n<td>8,00 \u20ac<\/td>\n<\/tr>\n<tr>\n<td>Espagne 24 heures<\/td>\n<td>15,01 Kg. &#8211; 20 Kg.<\/td>\n<td>9,50 \u20ac<\/td>\n<\/tr>\n<tr>\n<td>Espagne 24 heures<\/td>\n<td>20,01 Kg. &#8211; 25 Kg.<\/td>\n<td>11,00 \u20ac<\/td>\n<\/tr>\n<tr>\n<td>Espagne 24 heures<\/td>\n<td>25,01 Kg. &#8211; 50 Kg.<\/td>\n<td>15,50 \u20ac<\/td>\n<\/tr>\n<tr>\n<td>Espagne 24 heures<\/td>\n<td>&gt;50 Kg.<\/td>\n<td>\u00c0 consulter<\/td>\n<\/tr>\n<tr>\n<td rowspan=\"7\"><strong>Espagne (Les \u00eeles Bal\u00e9ares)<\/strong><\/td>\n<td>Les \u00eeles Bal\u00e9ares 48 heures<\/td>\n<td>0 Kg. &#8211; 5 Kg.<\/td>\n<td>10,50 \u20ac<\/td>\n<\/tr>\n<tr>\n<td>Les \u00eeles Bal\u00e9ares 48 heuress<\/td>\n<td>5,01 Kg. &#8211; 10 Kg.<\/td>\n<td>11,75 \u20ac<\/td>\n<\/tr>\n<tr>\n<td>Les \u00eeles Bal\u00e9ares 48 heures<\/td>\n<td>10,01 Kg. &#8211; 15 Kg.<\/td>\n<td>18,00 \u20ac<\/td>\n<\/tr>\n<tr>\n<td>Les \u00eeles Bal\u00e9ares 48 heures<\/td>\n<td>15,01 Kg. &#8211; 20 Kg.<\/td>\n<td>19,00 \u20ac<\/td>\n<\/tr>\n<tr>\n<td>Les \u00eeles Bal\u00e9ares 48 heures<\/td>\n<td>20,01 Kg. &#8211; 25 Kg.<\/td>\n<td>22,00 \u20ac<\/td>\n<\/tr>\n<tr>\n<td>Les \u00eeles Bal\u00e9ares 48 heures<\/td>\n<td>25,01 Kg. &#8211; 50 Kg.<\/td>\n<td>28,00 \u20ac<\/td>\n<\/tr>\n<tr>\n<td>Les \u00eeles Bal\u00e9ares 48 heures<\/td>\n<td>&gt;50 Kg.<\/td>\n<td>\u00c0 consulter<\/td>\n<\/tr>\n<tr>\n<td rowspan=\"7\"><strong>Portugal (p\u00e9ninsulaire)<\/strong><\/td>\n<td>Portugal 24 heures<\/td>\n<td>0 Kg. &#8211; 5 Kg.<\/td>\n<td>5,25 \u20ac<\/td>\n<\/tr>\n<tr>\n<td>Portugal 24 heures<\/td>\n<td>5,01 Kg. &#8211; 10 Kg.<\/td>\n<td>6,50 \u20ac<\/td>\n<\/tr>\n<tr>\n<td>Portugal 24 heures<\/td>\n<td>10,01 Kg. &#8211; 15 Kg.<\/td>\n<td>8,00 \u20ac<\/td>\n<\/tr>\n<tr>\n<td>Portugal 24 heures<\/td>\n<td>15,01 Kg. &#8211; 20 Kg.<\/td>\n<td>9,50 \u20ac<\/td>\n<\/tr>\n<tr>\n<td>Portugal 24 heures<\/td>\n<td>20,01 Kg. &#8211; 25 Kg.<\/td>\n<td>11,00 \u20ac<\/td>\n<\/tr>\n<tr>\n<td>Portugal 24 heures<\/td>\n<td>25,01 Kg. &#8211; 50 Kg.<\/td>\n<td>15,50 \u20ac<\/td>\n<\/tr>\n<tr>\n<td>Portugal 24 heures<\/td>\n<td>&gt;50 Kg.<\/td>\n<td>\u00c0 consulter<\/td>\n<\/tr>\n<tr>\n<td rowspan=\"5\"><strong>France<\/strong><\/td>\n<td>France (3-5 jours)<\/td>\n<td>0 Kg. &#8211; 10 Kg.<\/td>\n<td>20,00 \u20ac<\/td>\n<\/tr>\n<tr>\n<td>France (3-5 jours)<\/td>\n<td>10,01 Kg. &#8211; 20 Kg.<\/td>\n<td>25,00 \u20ac<\/td>\n<\/tr>\n<tr>\n<td>France (3-5 jours)<\/td>\n<td>20,01 Kg. &#8211; 30 Kg.<\/td>\n<td>30,00 \u20ac<\/td>\n<\/tr>\n<tr>\n<td>France (3-5 jours)<\/td>\n<td>30,01 Kg. &#8211; 50 Kg.<\/td>\n<td>50,00 \u20ac<\/td>\n<\/tr>\n<tr>\n<td>France (3-5 jours)<\/td>\n<td>&gt;50 Kg.<\/td>\n<td>\u00c0 consulter<\/td>\n<\/tr>\n<tr>\n<td rowspan=\"5\"><strong>Italie<\/strong><\/td>\n<td>Italie (3-5 jours)<\/td>\n<td>0 Kg. &#8211; 10 Kg.<\/td>\n<td>20,00 \u20ac<\/td>\n<\/tr>\n<tr>\n<td>Italie (3-5 jours)<\/td>\n<td>10,01 Kg. &#8211; 20 Kg.<\/td>\n<td>31,00 \u20ac<\/td>\n<\/tr>\n<tr>\n<td>Italie (3-5 jours)<\/td>\n<td>20,01 Kg. &#8211; 30 Kg.<\/td>\n<td>40,00 \u20ac<\/td>\n<\/tr>\n<tr>\n<td>Italie (3-5 jours)<\/td>\n<td>30,01 Kg. &#8211; 50 Kg.<\/td>\n<td>64,00 \u20ac<\/td>\n<\/tr>\n<tr>\n<td>Italie (3-5 jours)<\/td>\n<td>&gt;50 Kg.<\/td>\n<td>\u00c0 consulter<\/td>\n<\/tr>\n<tr>\n<td rowspan=\"5\"><strong>Allemagne<\/strong><\/td>\n<td>Allemagne (5-7 jours)<\/td>\n<td>0 Kg. &#8211; 10 Kg.<\/td>\n<td>29,00 \u20ac<\/td>\n<\/tr>\n<tr>\n<td>Allemagne (5-7 jours)<\/td>\n<td>10,01 Kg. &#8211; 20 Kg.<\/td>\n<td>38,00 \u20ac<\/td>\n<\/tr>\n<tr>\n<td>Allemagne (5-7 jours)<\/td>\n<td>20,01 Kg. &#8211; 30 Kg.<\/td>\n<td>55,00 \u20ac<\/td>\n<\/tr>\n<tr>\n<td>Allemagne (5-7 jours)<\/td>\n<td>30,01 Kg. &#8211; 50 Kg.<\/td>\n<td>90,00 \u20ac<\/td>\n<\/tr>\n<tr>\n<td>Allemagne (5-7 jours)<\/td>\n<td>&gt;50 Kg.<\/td>\n<td>\u00c0 consulter<\/td>\n<\/tr>\n<tr>\n<td rowspan=\"5\"><strong>Belgique<\/strong><\/td>\n<td>Belgique (5-7 jours)<\/td>\n<td>0 Kg. &#8211; 10 Kg.<\/td>\n<td>29,00 \u20ac<\/td>\n<\/tr>\n<tr>\n<td>Belgique (5-7 jours)<\/td>\n<td>10,01 Kg. &#8211; 20 Kg.<\/td>\n<td>38,00 \u20ac<\/td>\n<\/tr>\n<tr>\n<td>Belgique (5-7 jours)<\/td>\n<td>20,01 Kg. &#8211; 30 Kg.<\/td>\n<td>55,00 \u20ac<\/td>\n<\/tr>\n<tr>\n<td>Belgique (5-7 jours)<\/td>\n<td>30,01 Kg. &#8211; 50 Kg.<\/td>\n<td>90,00 \u20ac<\/td>\n<\/tr>\n<tr>\n<td>Belgique (5-7 jours)<\/td>\n<td>&gt;50 Kg.<\/td>\n<td>\u00c0 consulter<\/td>\n<\/tr>\n<tr>\n<td rowspan=\"5\"><strong>Pays Bas<\/strong><\/td>\n<td>Pays Bas (5-7 jours)<\/td>\n<td>0 Kg. &#8211; 10 Kg.<\/td>\n<td>31,00 \u20ac<\/td>\n<\/tr>\n<tr>\n<td>Pays Bas (5-7 jours)<\/td>\n<td>10,01 Kg. &#8211; 20 Kg.<\/td>\n<td>46,00 \u20ac<\/td>\n<\/tr>\n<tr>\n<td>Pays Bas (5-7 jours)<\/td>\n<td>20,01 Kg. &#8211; 30 Kg.<\/td>\n<td>60,00 \u20ac<\/td>\n<\/tr>\n<tr>\n<td>Pays Bas (5-7 jours)<\/td>\n<td>30,01 Kg. &#8211; 50 Kg.<\/td>\n<td>90,00 \u20ac<\/td>\n<\/tr>\n<tr>\n<td>Pays Bas (5-7 jours)<\/td>\n<td>&gt;50 Kg.<\/td>\n<td>\u00c0 consulter<\/td>\n<\/tr>\n<tr>\n<td rowspan=\"5\"><strong>Luxembourg<\/strong><\/td>\n<td>Luxembourg (5-7 jours)<\/td>\n<td>0 Kg. &#8211; 10 Kg.<\/td>\n<td>29,00 \u20ac<\/td>\n<\/tr>\n<tr>\n<td>Luxembourg (5-7 jours)<\/td>\n<td>10,01 Kg. &#8211; 20 Kg.<\/td>\n<td>38,00 \u20ac<\/td>\n<\/tr>\n<tr>\n<td>Luxembourg (5-7 jours)<\/td>\n<td>20,01 Kg. &#8211; 30 Kg.<\/td>\n<td>55,00 \u20ac<\/td>\n<\/tr>\n<tr>\n<td>Luxembourg (5-7 jours)<\/td>\n<td>30,01 Kg. &#8211; 50 Kg.<\/td>\n<td>90,00 \u20ac<\/td>\n<\/tr>\n<tr>\n<td>Luxembourg (5-7 jours)<\/td>\n<td>&gt;50 Kg.<\/td>\n<td>\u00c0 consulter<\/td>\n<\/tr>\n<tr>\n<td rowspan=\"5\"><strong>La Suisse<\/strong><\/td>\n<td>La Suisse (5-7 jours)<\/td>\n<td>0 Kg. &#8211; 10 Kg.<\/td>\n<td>52,00 \u20ac<\/td>\n<\/tr>\n<tr>\n<td>La Suisse(5-7 jours)<\/td>\n<td>10,01 Kg. &#8211; 20 Kg.<\/td>\n<td>75,00 \u20ac<\/td>\n<\/tr>\n<tr>\n<td>La Suisse (5-7 jours)<\/td>\n<td>20,01 Kg. &#8211; 30 Kg.<\/td>\n<td>88,00 \u20ac<\/td>\n<\/tr>\n<tr>\n<td>La Suisse (5-7 jours)<\/td>\n<td>30,01 Kg. &#8211; 50 Kg.<\/td>\n<td>110,00 \u20ac<\/td>\n<\/tr>\n<tr>\n<td>La Suisse (5-7 jours)<\/td>\n<td>&gt;50 Kg.<\/td>\n<td>\u00c0 consulter<\/td>\n<\/tr>\n<tr>\n<td rowspan=\"5\"><strong>Autriche<\/strong><\/td>\n<td>Autriche (5-7 jours)<\/td>\n<td>0 Kg. &#8211; 10 Kg.<\/td>\n<td>22,00 \u20ac<\/td>\n<\/tr>\n<tr>\n<td>Autriche (5-7 jours)<\/td>\n<td>10,01 Kg. &#8211; 20 Kg.<\/td>\n<td>33,00 \u20ac<\/td>\n<\/tr>\n<tr>\n<td>Autriche (5-7 jours)<\/td>\n<td>20,01 Kg. &#8211; 30 Kg.<\/td>\n<td>42,00 \u20ac<\/td>\n<\/tr>\n<tr>\n<td>Autriche (5-7 jours)<\/td>\n<td>30,01 Kg. &#8211; 50 Kg.<\/td>\n<td>70,00 \u20ac<\/td>\n<\/tr>\n<tr>\n<td>Autriche (5-7 jours)<\/td>\n<td>&gt;50 Kg.<\/td>\n<td>\u00c0 consulter<\/td>\n<\/tr>\n<\/table>\n<p><\/p>\n<p><strong>UNIQUEMENT LIVRAISON \u00c0 L&#8217;ESPAGNE P\u00c9NINSULAIRE, LE \u00ceLES BAL\u00c9ARES, LA FRANCE, PORTUGAL P\u00c9NINSULAIRE, ALLEMAGNE, ITALIE, BELGIQUE, PAYS BAS, LA SUISSE, L&#8217;AUTRICHE, ET LUXEMBOURG. LES COMMANDES PASS\u00c9ES DANS UN AUTRE PAYS \u00caTRE RETOURN\u00c9S.<\/strong><\/p>\n<p>Pour les commandes avec d&#8217;autres destinations et poids, <a href=\"http:\/\/www.melquiadesrodriguez.com\/fr\/contact\/\">consultez l&#8217;administrateur<\/a>.<\/p>\n<h2>RENVOI<\/h2>\n<p>Le delai de renvoi est de trois jours \u00e0 partir de la r\u00e9ception de la commande. Melquiades Rodr\u00edguez S.A., renverra le montant de l&#8217;achat ou bien pourra l&#8217;\u00e9changer pour autre chose d&#8217;un m\u00eame montant, pourvu que le produit soit retourn\u00e9 dans son emballage d&#8217;origine et scell\u00e9 convenablement.<\/p>\n<p>Les retours de produits p\u00e9rissables une fois l&#8217;emballage cass\u00e9 et une partie de la marchandise consomm\u00e9e ne seront pas accept\u00e9s.<\/p>\n<p>Si le produit arrive en mauvais \u00e9tat, Melquiades Rodr\u00edguez S.A. assumera les frais d&#8217;envoi encourrus par le retour si les produits se trouvent dans leur emballage d&#8217;origine et n&#8217;ont pas \u00e9t\u00e9 consomm\u00e9s.<\/p>\n<p>Les retours de produits p\u00e9rim\u00e9s ne sont pas accept\u00e9s.<\/p>\n<p>Pour les d\u00e9marches de retour envoyez-nous un e-mail \u00e0 <a href=\"mailto:info@melquiadesrodriguez.com\">info@melquiadesrodriguez.com<\/a> ou appellez-nous au 980 500 101 en indicant votre num\u00e9ro de commande, les information de client, la date d&#8217;achat, la date d&#8217;arriv\u00e9e au domicile, la r\u00e9f\u00e9rence des produits et la cause du retour.<\/p>\n<h2>L\u00c9GISLATION ET JURIDICTION APPLICABLE<\/h2>\n<p>Ces conditions doivent \u00eatre interpr\u00e9t\u00e9es et r\u00e9gies par la l\u00e9gislation espagnole en vigueur. Quelque dispute d\u00e9riv\u00e9e de ces conditions devra \u00eatre r\u00e9gl\u00e9e devant les tribunaux de Zamora, Espagne. Cependant, ceci n&#8217;interdira pas \u00e0 Melquiades Rodriguez S.A. d&#8217;exercer le droit de r\u00e9soudre quelconque litige dans une autre jurisdiction comp\u00e9tente.<\/p>\n<h2>INFORMATION L\u00c9GALE<\/h2>\n<p>En vertue de ce qui a \u00e9t\u00e9 \u00e9tabli dans la Loi 34\/2002 de Services de la Soci\u00e9t\u00e9 de l&#8217;Information et du Commerce Electronique (LSSI), s&#8217;offre \u00e0 vous l&#8217;information suivante.<\/p>\n<p><strong class=\"dorado\">Melquiades Rodr\u00edguez S.A.<\/strong><br \/>\n<strong>CIF: A-49004484<\/strong><br \/>\nAdresse: Crta. Nacional 122-Km. 450 &#8211; 49530 Coreses (Zamora)<br \/>\nT\u00e9l\u00e9phone.: +34 980 500 101<br \/>\nDonn\u00e9es d&#8217;Inscription dans le Registre : Inscrite dans le R.Commercial de Zamora Tome 21 de Soci\u00e9t\u00e9s, Livre 4, Section 3\u00b0, Folio 194, Feuille 7n\u00b073, Inscription 1\u00e8re.<\/p>\n","protected":false},"excerpt":{"rendered":"<p>Tous les produits qui apparaissent dans la boutique sont disponibles, ils sont accompagn\u00e9s d&#8217;une description sur leurs caract\u00e9ristiques et de leur prix, T.V.A. Incluse, ainsi que d&#8217;autres informations d&#8217;int\u00e9r\u00eat. Au cas o\u00f9 certains produits ne seraient pas disponibles, cela sera indiqu\u00e9 express\u00e9ment. Tous les produits sont livr\u00e9s pr\u00eats \u00e0 \u00eatre consomm\u00e9s en parfait \u00e9tat de &hellip; <\/p>\n<p class=\"link-more\"><a href=\"https:\/\/www.melquiadesrodriguez.com\/fr\/conditions-dutilisation\/\" class=\"more-link\">Continue reading&lt;span class=&quot;screen-reader-text&quot;&gt; &quot;Conditions D&#8217;Utilisation&quot;&lt;\/span&gt;<\/a><\/p>\n","protected":false},"author":1,"featured_media":0,"parent":0,"menu_order":0,"comment_status":"closed","ping_status":"closed","template":"","meta":{"footnotes":""},"class_list":["post-1639","page","type-page","status-publish","hentry"],"yoast_head":"<!-- This site is optimized with the Yoast SEO plugin v27.3 - https:\/\/yoast.com\/product\/yoast-seo-wordpress\/ -->\n<title>Conditions D&#039;Utilisation - Melquiades Rodr\u00edguez<\/title>\n<meta name=\"robots\" content=\"index, follow, max-snippet:-1, max-image-preview:large, max-video-preview:-1\" \/>\n<link rel=\"canonical\" href=\"https:\/\/www.melquiadesrodriguez.com\/fr\/conditions-dutilisation\/\" \/>\n<meta property=\"og:locale\" content=\"fr_FR\" \/>\n<meta property=\"og:type\" content=\"article\" \/>\n<meta property=\"og:title\" content=\"Conditions D&#039;Utilisation - Melquiades Rodr\u00edguez\" \/>\n<meta property=\"og:description\" content=\"Tous les produits qui apparaissent dans la boutique sont disponibles, ils sont accompagn\u00e9s d&#8217;une description sur leurs caract\u00e9ristiques et de leur prix, T.V.A. Incluse, ainsi que d&#8217;autres informations d&#8217;int\u00e9r\u00eat. Au cas o\u00f9 certains produits ne seraient pas disponibles, cela sera indiqu\u00e9 express\u00e9ment. Tous les produits sont livr\u00e9s pr\u00eats \u00e0 \u00eatre consomm\u00e9s en parfait \u00e9tat de &hellip; Continue reading&lt;span class=&quot;screen-reader-text&quot;&gt; &quot;Conditions D&#8217;Utilisation&quot;&lt;\/span&gt;\" \/>\n<meta property=\"og:url\" content=\"https:\/\/www.melquiadesrodriguez.com\/fr\/conditions-dutilisation\/\" \/>\n<meta property=\"og:site_name\" content=\"Melquiades Rodr\u00edguez\" \/>\n<meta property=\"article:publisher\" content=\"https:\/\/www.facebook.com\/Jamones-Melquiades-1517726898557586\/?fref=ts\" \/>\n<meta property=\"article:modified_time\" content=\"2022-02-28T12:20:41+00:00\" \/>\n<meta name=\"twitter:card\" content=\"summary_large_image\" \/>\n<meta name=\"twitter:site\" content=\"@JamonMelquiades\" \/>\n<meta name=\"twitter:label1\" content=\"Dur\u00e9e de lecture estim\u00e9e\" \/>\n\t<meta name=\"twitter:data1\" content=\"7 minutes\" \/>\n<script type=\"application\/ld+json\" class=\"yoast-schema-graph\">{\"@context\":\"https:\\\/\\\/schema.org\",\"@graph\":[{\"@type\":\"WebPage\",\"@id\":\"https:\\\/\\\/www.melquiadesrodriguez.com\\\/fr\\\/conditions-dutilisation\\\/\",\"url\":\"https:\\\/\\\/www.melquiadesrodriguez.com\\\/fr\\\/conditions-dutilisation\\\/\",\"name\":\"Conditions D'Utilisation - Melquiades Rodr\u00edguez\",\"isPartOf\":{\"@id\":\"https:\\\/\\\/www.melquiadesrodriguez.com\\\/fr\\\/#website\"},\"datePublished\":\"2016-04-20T11:26:37+00:00\",\"dateModified\":\"2022-02-28T12:20:41+00:00\",\"breadcrumb\":{\"@id\":\"https:\\\/\\\/www.melquiadesrodriguez.com\\\/fr\\\/conditions-dutilisation\\\/#breadcrumb\"},\"inLanguage\":\"fr-FR\",\"potentialAction\":[{\"@type\":\"ReadAction\",\"target\":[\"https:\\\/\\\/www.melquiadesrodriguez.com\\\/fr\\\/conditions-dutilisation\\\/\"]}]},{\"@type\":\"BreadcrumbList\",\"@id\":\"https:\\\/\\\/www.melquiadesrodriguez.com\\\/fr\\\/conditions-dutilisation\\\/#breadcrumb\",\"itemListElement\":[{\"@type\":\"ListItem\",\"position\":1,\"name\":\"Portada\",\"item\":\"https:\\\/\\\/www.melquiadesrodriguez.com\\\/fr\\\/\"},{\"@type\":\"ListItem\",\"position\":2,\"name\":\"Conditions D&#8217;Utilisation\"}]},{\"@type\":\"WebSite\",\"@id\":\"https:\\\/\\\/www.melquiadesrodriguez.com\\\/fr\\\/#website\",\"url\":\"https:\\\/\\\/www.melquiadesrodriguez.com\\\/fr\\\/\",\"name\":\"Melquiades Rodr\u00edguez\",\"description\":\"Jamones y Embutidos\",\"potentialAction\":[{\"@type\":\"SearchAction\",\"target\":{\"@type\":\"EntryPoint\",\"urlTemplate\":\"https:\\\/\\\/www.melquiadesrodriguez.com\\\/fr\\\/?s={search_term_string}\"},\"query-input\":{\"@type\":\"PropertyValueSpecification\",\"valueRequired\":true,\"valueName\":\"search_term_string\"}}],\"inLanguage\":\"fr-FR\"}]}<\/script>\n<!-- \/ Yoast SEO plugin. -->","yoast_head_json":{"title":"Conditions D'Utilisation - Melquiades Rodr\u00edguez","robots":{"index":"index","follow":"follow","max-snippet":"max-snippet:-1","max-image-preview":"max-image-preview:large","max-video-preview":"max-video-preview:-1"},"canonical":"https:\/\/www.melquiadesrodriguez.com\/fr\/conditions-dutilisation\/","og_locale":"fr_FR","og_type":"article","og_title":"Conditions D'Utilisation - Melquiades Rodr\u00edguez","og_description":"Tous les produits qui apparaissent dans la boutique sont disponibles, ils sont accompagn\u00e9s d&#8217;une description sur leurs caract\u00e9ristiques et de leur prix, T.V.A. Incluse, ainsi que d&#8217;autres informations d&#8217;int\u00e9r\u00eat. Au cas o\u00f9 certains produits ne seraient pas disponibles, cela sera indiqu\u00e9 express\u00e9ment. Tous les produits sont livr\u00e9s pr\u00eats \u00e0 \u00eatre consomm\u00e9s en parfait \u00e9tat de &hellip; Continue reading&lt;span class=&quot;screen-reader-text&quot;&gt; &quot;Conditions D&#8217;Utilisation&quot;&lt;\/span&gt;","og_url":"https:\/\/www.melquiadesrodriguez.com\/fr\/conditions-dutilisation\/","og_site_name":"Melquiades Rodr\u00edguez","article_publisher":"https:\/\/www.facebook.com\/Jamones-Melquiades-1517726898557586\/?fref=ts","article_modified_time":"2022-02-28T12:20:41+00:00","twitter_card":"summary_large_image","twitter_site":"@JamonMelquiades","twitter_misc":{"Dur\u00e9e de lecture estim\u00e9e":"7 minutes"},"schema":{"@context":"https:\/\/schema.org","@graph":[{"@type":"WebPage","@id":"https:\/\/www.melquiadesrodriguez.com\/fr\/conditions-dutilisation\/","url":"https:\/\/www.melquiadesrodriguez.com\/fr\/conditions-dutilisation\/","name":"Conditions D'Utilisation - Melquiades Rodr\u00edguez","isPartOf":{"@id":"https:\/\/www.melquiadesrodriguez.com\/fr\/#website"},"datePublished":"2016-04-20T11:26:37+00:00","dateModified":"2022-02-28T12:20:41+00:00","breadcrumb":{"@id":"https:\/\/www.melquiadesrodriguez.com\/fr\/conditions-dutilisation\/#breadcrumb"},"inLanguage":"fr-FR","potentialAction":[{"@type":"ReadAction","target":["https:\/\/www.melquiadesrodriguez.com\/fr\/conditions-dutilisation\/"]}]},{"@type":"BreadcrumbList","@id":"https:\/\/www.melquiadesrodriguez.com\/fr\/conditions-dutilisation\/#breadcrumb","itemListElement":[{"@type":"ListItem","position":1,"name":"Portada","item":"https:\/\/www.melquiadesrodriguez.com\/fr\/"},{"@type":"ListItem","position":2,"name":"Conditions D&#8217;Utilisation"}]},{"@type":"WebSite","@id":"https:\/\/www.melquiadesrodriguez.com\/fr\/#website","url":"https:\/\/www.melquiadesrodriguez.com\/fr\/","name":"Melquiades Rodr\u00edguez","description":"Jamones y Embutidos","potentialAction":[{"@type":"SearchAction","target":{"@type":"EntryPoint","urlTemplate":"https:\/\/www.melquiadesrodriguez.com\/fr\/?s={search_term_string}"},"query-input":{"@type":"PropertyValueSpecification","valueRequired":true,"valueName":"search_term_string"}}],"inLanguage":"fr-FR"}]}},"_links":{"self":[{"href":"https:\/\/www.melquiadesrodriguez.com\/fr\/wp-json\/wp\/v2\/pages\/1639","targetHints":{"allow":["GET"]}}],"collection":[{"href":"https:\/\/www.melquiadesrodriguez.com\/fr\/wp-json\/wp\/v2\/pages"}],"about":[{"href":"https:\/\/www.melquiadesrodriguez.com\/fr\/wp-json\/wp\/v2\/types\/page"}],"author":[{"embeddable":true,"href":"https:\/\/www.melquiadesrodriguez.com\/fr\/wp-json\/wp\/v2\/users\/1"}],"replies":[{"embeddable":true,"href":"https:\/\/www.melquiadesrodriguez.com\/fr\/wp-json\/wp\/v2\/comments?post=1639"}],"version-history":[{"count":0,"href":"https:\/\/www.melquiadesrodriguez.com\/fr\/wp-json\/wp\/v2\/pages\/1639\/revisions"}],"wp:attachment":[{"href":"https:\/\/www.melquiadesrodriguez.com\/fr\/wp-json\/wp\/v2\/media?parent=1639"}],"curies":[{"name":"wp","href":"https:\/\/api.w.org\/{rel}","templated":true}]}}