{"id":1643,"date":"2016-04-20T13:29:54","date_gmt":"2016-04-20T11:29:54","guid":{"rendered":"http:\/\/melquiades.questiondeimagen.com\/fr\/?page_id=1643"},"modified":"2020-06-24T19:14:58","modified_gmt":"2020-06-24T17:14:58","slug":"boutiques","status":"publish","type":"page","link":"https:\/\/www.melquiadesrodriguez.com\/fr\/boutiques\/","title":{"rendered":"Nos boutiques"},"content":{"rendered":"<div class=\"wpb-content-wrapper\"><p>[vc_row][vc_column][vc_column_text]<\/p>\n<h2 class=\"dorado tiendas\">Melquiades Candelaria Ru\u00edz del \u00c1rbol<\/h2>\n<p>[\/vc_column_text][vc_row_inner][vc_column_inner width=&#8221;1\/2&#8243;][vc_single_image image=&#8221;1869&#8243; img_size=&#8221;full&#8221; onclick=&#8221;link_image&#8221;][\/vc_column_inner][vc_column_inner width=&#8221;1\/2&#8243;][vc_gmaps link=&#8221;#E-8_JTNDaWZyYW1lJTIwc3JjJTNEJTIyaHR0cHMlM0ElMkYlMkZ3d3cuZ29vZ2xlLmNvbSUyRm1hcHMlMkZlbWJlZCUzRnBiJTNEJTIxMW0xOCUyMTFtMTIlMjExbTMlMjExZDI5ODcuOTkyMjY3MzI0MzEwNCUyMTJkLTUuNzM4NzEzMDg0NjIxNjA4JTIxM2Q0MS41MDQ0NDIzNzkyNTM2MSUyMTJtMyUyMTFmMCUyMTJmMCUyMTNmMCUyMTNtMiUyMTFpMTAyNCUyMTJpNzY4JTIxNGYxMy4xJTIxM20zJTIxMW0yJTIxMXMweGQzOTFlMmU5MzJmOWU4OSUyNTNBMHgyMjk1NWNhNDhmY2E1ODBiJTIxMnNNZWxxdWlhZGVzJTI1MjBDQU5ERUxBUklBJTIxNWUwJTIxM20yJTIxMXNlcyUyMTJzdXMlMjE0djE1OTI5MDA5OTIwNzAlMjE1bTIlMjExc2VzJTIxMnN1cyUyMiUyMHdpZHRoJTNEJTIyMTAwJTI1JTIyJTIwaGVpZ2h0JTNEJTIyMjk3JTIyJTIwZnJhbWVib3JkZXIlM0QlMjIwJTIyJTIwc3R5bGUlM0QlMjJib3JkZXIlM0EwJTNCJTIyJTIwYWxsb3dmdWxsc2NyZWVuJTNEJTIyJTIyJTIwYXJpYS1oaWRkZW4lM0QlMjJmYWxzZSUyMiUyMHRhYmluZGV4JTNEJTIyMCUyMiUzRSUzQyUyRmlmcmFtZSUzRQ==&#8221;][vc_column_text]<\/p>\n<p class=\"dorado derecha\"><strong>Candelaria Ru\u00edz del \u00c1rbol, 12<\/strong> 49016 Zamora (Espagne)<br \/>\nTel.: <strong>+34 980 52 86 64<\/strong><\/p>\n<p>[\/vc_column_text][\/vc_column_inner][\/vc_row_inner][vc_separator color=&#8221;sandy_brown&#8221; border_width=&#8221;1&#8243;][\/vc_column][\/vc_row][vc_row][vc_column][vc_column_text]<\/p>\n<h2 class=\"dorado tiendas\">Melquiades Obispo Nieto<\/h2>\n<p>[\/vc_column_text][vc_row_inner][vc_column_inner width=&#8221;1\/2&#8243;][vc_single_image image=&#8221;1862&#8243; img_size=&#8221;full&#8221; onclick=&#8221;link_image&#8221;][\/vc_column_inner][vc_column_inner width=&#8221;1\/2&#8243;][vc_gmaps link=&#8221;#E-8_JTNDaWZyYW1lJTIwc3JjJTNEJTIyaHR0cHMlM0ElMkYlMkZ3d3cuZ29vZ2xlLmNvbSUyRm1hcHMlMkZlbWJlZCUzRnBiJTNEJTIxMW0xOCUyMTFtMTIlMjExbTMlMjExZDI5ODcuOTMyNTM1MzA5NDIlMjEyZC01Ljc1MjY1MTE4NDYyMTYwNCUyMTNkNDEuNTA1NzM2Nzc5MjUzNCUyMTJtMyUyMTFmMCUyMTJmMCUyMTNmMCUyMTNtMiUyMTFpMTAyNCUyMTJpNzY4JTIxNGYxMy4xJTIxM20zJTIxMW0yJTIxMXMweGQzOTFlMzdkYWJkMmViMyUyNTNBMHg4ZjNhZTNlZTExZDlmNGM3JTIxMnNtZWxxdWlhZGVzJTI1MjBvYmlzcG8lMjUyMG5pZXRvJTIxNWUwJTIxM20yJTIxMXNlcyUyMTJzdXMlMjE0djE1OTI5MDE4MjYyMTAlMjE1bTIlMjExc2VzJTIxMnN1cyUyMiUyMHdpZHRoJTNEJTIyMTAwJTI1JTIyJTIwaGVpZ2h0JTNEJTIyMjQwJTIyJTIwZnJhbWVib3JkZXIlM0QlMjIwJTIyJTIwc3R5bGUlM0QlMjJib3JkZXIlM0EwJTNCJTIyJTIwYWxsb3dmdWxsc2NyZWVuJTNEJTIyJTIyJTIwYXJpYS1oaWRkZW4lM0QlMjJmYWxzZSUyMiUyMHRhYmluZGV4JTNEJTIyMCUyMiUzRSUzQyUyRmlmcmFtZSUzRQ==&#8221;][vc_column_text]<\/p>\n<p class=\"dorado derecha\"><strong>Calle del Obispo Nieto, 3<\/strong> 49031 Zamora (Espagne)<br \/>\nTel.: <strong>+34 980 52 61 12<\/strong><\/p>\n<p>[\/vc_column_text][\/vc_column_inner][\/vc_row_inner][vc_separator color=&#8221;sandy_brown&#8221; border_width=&#8221;1&#8243;][\/vc_column][\/vc_row][vc_row][vc_column][vc_column_text]<\/p>\n<h2 class=\"dorado tiendas\">Melquiades Riego<\/h2>\n<p>[\/vc_column_text][vc_row_inner][vc_column_inner width=&#8221;1\/2&#8243;][vc_single_image image=&#8221;1869&#8243; img_size=&#8221;full&#8221; onclick=&#8221;link_image&#8221;][\/vc_column_inner][vc_column_inner width=&#8221;1\/2&#8243;][vc_gmaps link=&#8221;#E-8_JTNDaWZyYW1lJTIwc3JjJTNEJTIyaHR0cHMlM0ElMkYlMkZ3d3cuZ29vZ2xlLmNvbSUyRm1hcHMlMkZlbWJlZCUzRnBiJTNEJTIxMW0xOCUyMTFtMTIlMjExbTMlMjExZDI5ODcuOTYxNzM2OTk3OTU5NiUyMTJkLTUuNzQ3NjM4Njg0NjIxNjE5JTIxM2Q0MS41MDUxMDM5NzkyNTM0NiUyMTJtMyUyMTFmMCUyMTJmMCUyMTNmMCUyMTNtMiUyMTFpMTAyNCUyMTJpNzY4JTIxNGYxMy4xJTIxM20zJTIxMW0yJTIxMXMweGQzOTFlMzEyYjliZTlmZiUyNTNBMHhkNjkxYjBiMGE0NmQxZmU3JTIxMnNNZWxxdSUyNUMzJTI1QURhZGVzJTI1MjBSSUVHTyUyMTVlMCUyMTNtMiUyMTFzZXMlMjEyc3VzJTIxNHYxNTkyOTAyMzg0OTcyJTIxNW0yJTIxMXNlcyUyMTJzdXMlMjIlMjB3aWR0aCUzRCUyMjEwMCUyNSUyMiUyMGhlaWdodCUzRCUyMjMxMCUyMiUyMGZyYW1lYm9yZGVyJTNEJTIyMCUyMiUyMHN0eWxlJTNEJTIyYm9yZGVyJTNBMCUzQiUyMiUyMGFsbG93ZnVsbHNjcmVlbiUzRCUyMiUyMiUyMGFyaWEtaGlkZGVuJTNEJTIyZmFsc2UlMjIlMjB0YWJpbmRleCUzRCUyMjAlMjIlM0UlM0MlMkZpZnJhbWUlM0U=&#8221;][vc_column_text]<\/p>\n<p class=\"dorado derecha\"><strong>Calle del Riego, 3<\/strong> 49004 Zamora (Espagne)<br \/>\nTel.: <strong>+34 980 53 21 15<\/strong><\/p>\n<p>[\/vc_column_text][\/vc_column_inner][\/vc_row_inner][vc_separator color=&#8221;sandy_brown&#8221; border_width=&#8221;1&#8243;][\/vc_column][\/vc_row][vc_row][vc_column][vc_column_text]<\/p>\n<h2 class=\"dorado tiendas\">Melquiades Tres Cruces<\/h2>\n<p>[\/vc_column_text][vc_empty_space height=&#8221;30px&#8221;][vc_row_inner][vc_column_inner width=&#8221;1\/2&#8243;][vc_single_image image=&#8221;1863&#8243; img_size=&#8221;full&#8221; onclick=&#8221;link_image&#8221;][\/vc_column_inner][vc_column_inner width=&#8221;1\/2&#8243;][vc_gmaps link=&#8221;#E-8_JTNDaWZyYW1lJTIwc3JjJTNEJTIyaHR0cHMlM0ElMkYlMkZ3d3cuZ29vZ2xlLmNvbSUyRm1hcHMlMkZlbWJlZCUzRnBiJTNEJTIxMW0xOCUyMTFtMTIlMjExbTMlMjExZDI5ODcuNzQ0MDk5OTc0NDAwMyUyMTJkLTUuNzQ0MTcyNjg0NjIxNTAyJTIxM2Q0MS41MDk4MTk5NzkyNTMyMyUyMTJtMyUyMTFmMCUyMTJmMCUyMTNmMCUyMTNtMiUyMTFpMTAyNCUyMTJpNzY4JTIxNGYxMy4xJTIxM20zJTIxMW0yJTIxMXMweGQzOTFlM2FlOGYyZGI3MSUyNTNBMHhhODAwNDIxZTY5NGI0ZjUyJTIxMnNNZWxxdWlhZGVzJTI1MjBUcmVzJTI1MjBDcnVjZXMlMjE1ZTAlMjEzbTIlMjExc2VzJTIxMnN1cyUyMTR2MTU5MjkwMjU1OTU4NyUyMTVtMiUyMTFzZXMlMjEyc3VzJTIyJTIwd2lkdGglM0QlMjIxMDAlMjUlMjIlMjBoZWlnaHQlM0QlMjIyNDAlMjIlMjBmcmFtZWJvcmRlciUzRCUyMjAlMjIlMjBzdHlsZSUzRCUyMmJvcmRlciUzQTAlM0IlMjIlMjBhbGxvd2Z1bGxzY3JlZW4lM0QlMjIlMjIlMjBhcmlhLWhpZGRlbiUzRCUyMmZhbHNlJTIyJTIwdGFiaW5kZXglM0QlMjIwJTIyJTNFJTNDJTJGaWZyYW1lJTNF&#8221;][vc_column_text]<\/p>\n<p class=\"dorado derecha\"><strong>Avda. Tres Cruces, 7<\/strong> 49008 Zamora (Espagne)<br \/>\nTel.: <strong>+34 980 52 16 65<\/strong><\/p>\n<p>[\/vc_column_text][\/vc_column_inner][\/vc_row_inner][vc_separator color=&#8221;sandy_brown&#8221; border_width=&#8221;1&#8243;][\/vc_column][\/vc_row][vc_row][vc_column][vc_column_text]<\/p>\n<p><strong>Heures d\u2019ouverture:<\/strong> De 09h00 \u00e0 14h00 et \u00e0 20h00 du 17:30 du lundi au vendredi . Samedi: 9:00-14h00.[\/vc_column_text][\/vc_column][\/vc_row]<\/p>\n<\/div>","protected":false},"excerpt":{"rendered":"<p>[vc_row][vc_column][vc_column_text] Melquiades Candelaria Ru\u00edz del \u00c1rbol [\/vc_column_text][vc_row_inner][vc_column_inner width=&#8221;1\/2&#8243;][vc_single_image image=&#8221;1869&#8243; img_size=&#8221;full&#8221; onclick=&#8221;link_image&#8221;][\/vc_column_inner][vc_column_inner width=&#8221;1\/2&#8243;][vc_gmaps link=&#8221;#E-8_JTNDaWZyYW1lJTIwc3JjJTNEJTIyaHR0cHMlM0ElMkYlMkZ3d3cuZ29vZ2xlLmNvbSUyRm1hcHMlMkZlbWJlZCUzRnBiJTNEJTIxMW0xOCUyMTFtMTIlMjExbTMlMjExZDI5ODcuOTkyMjY3MzI0MzEwNCUyMTJkLTUuNzM4NzEzMDg0NjIxNjA4JTIxM2Q0MS41MDQ0NDIzNzkyNTM2MSUyMTJtMyUyMTFmMCUyMTJmMCUyMTNmMCUyMTNtMiUyMTFpMTAyNCUyMTJpNzY4JTIxNGYxMy4xJTIxM20zJTIxMW0yJTIxMXMweGQzOTFlMmU5MzJmOWU4OSUyNTNBMHgyMjk1NWNhNDhmY2E1ODBiJTIxMnNNZWxxdWlhZGVzJTI1MjBDQU5ERUxBUklBJTIxNWUwJTIxM20yJTIxMXNlcyUyMTJzdXMlMjE0djE1OTI5MDA5OTIwNzAlMjE1bTIlMjExc2VzJTIxMnN1cyUyMiUyMHdpZHRoJTNEJTIyMTAwJTI1JTIyJTIwaGVpZ2h0JTNEJTIyMjk3JTIyJTIwZnJhbWVib3JkZXIlM0QlMjIwJTIyJTIwc3R5bGUlM0QlMjJib3JkZXIlM0EwJTNCJTIyJTIwYWxsb3dmdWxsc2NyZWVuJTNEJTIyJTIyJTIwYXJpYS1oaWRkZW4lM0QlMjJmYWxzZSUyMiUyMHRhYmluZGV4JTNEJTIyMCUyMiUzRSUzQyUyRmlmcmFtZSUzRQ==&#8221;][vc_column_text] Candelaria Ru\u00edz del \u00c1rbol, 12 49016 Zamora (Espagne) Tel.: +34 980 52 86 64 [\/vc_column_text][\/vc_column_inner][\/vc_row_inner][vc_separator color=&#8221;sandy_brown&#8221; border_width=&#8221;1&#8243;][\/vc_column][\/vc_row][vc_row][vc_column][vc_column_text] Melquiades Obispo Nieto [\/vc_column_text][vc_row_inner][vc_column_inner width=&#8221;1\/2&#8243;][vc_single_image image=&#8221;1862&#8243; img_size=&#8221;full&#8221; onclick=&#8221;link_image&#8221;][\/vc_column_inner][vc_column_inner width=&#8221;1\/2&#8243;][vc_gmaps link=&#8221;#E-8_JTNDaWZyYW1lJTIwc3JjJTNEJTIyaHR0cHMlM0ElMkYlMkZ3d3cuZ29vZ2xlLmNvbSUyRm1hcHMlMkZlbWJlZCUzRnBiJTNEJTIxMW0xOCUyMTFtMTIlMjExbTMlMjExZDI5ODcuOTMyNTM1MzA5NDIlMjEyZC01Ljc1MjY1MTE4NDYyMTYwNCUyMTNkNDEuNTA1NzM2Nzc5MjUzNCUyMTJtMyUyMTFmMCUyMTJmMCUyMTNmMCUyMTNtMiUyMTFpMTAyNCUyMTJpNzY4JTIxNGYxMy4xJTIxM20zJTIxMW0yJTIxMXMweGQzOTFlMzdkYWJkMmViMyUyNTNBMHg4ZjNhZTNlZTExZDlmNGM3JTIxMnNtZWxxdWlhZGVzJTI1MjBvYmlzcG8lMjUyMG5pZXRvJTIxNWUwJTIxM20yJTIxMXNlcyUyMTJzdXMlMjE0djE1OTI5MDE4MjYyMTAlMjE1bTIlMjExc2VzJTIxMnN1cyUyMiUyMHdpZHRoJTNEJTIyMTAwJTI1JTIyJTIwaGVpZ2h0JTNEJTIyMjQwJTIyJTIwZnJhbWVib3JkZXIlM0QlMjIwJTIyJTIwc3R5bGUlM0QlMjJib3JkZXIlM0EwJTNCJTIyJTIwYWxsb3dmdWxsc2NyZWVuJTNEJTIyJTIyJTIwYXJpYS1oaWRkZW4lM0QlMjJmYWxzZSUyMiUyMHRhYmluZGV4JTNEJTIyMCUyMiUzRSUzQyUyRmlmcmFtZSUzRQ==&#8221;][vc_column_text] Calle del Obispo Nieto, 3 49031 Zamora (Espagne) Tel.: +34 980 52 61 12 [\/vc_column_text][\/vc_column_inner][\/vc_row_inner][vc_separator &hellip; <\/p>\n<p class=\"link-more\"><a href=\"https:\/\/www.melquiadesrodriguez.com\/fr\/boutiques\/\" class=\"more-link\">Continue reading&lt;span class=&quot;screen-reader-text&quot;&gt; &quot;Nos boutiques&quot;&lt;\/span&gt;<\/a><\/p>\n","protected":false},"author":1,"featured_media":0,"parent":0,"menu_order":0,"comment_status":"closed","ping_status":"closed","template":"","meta":{"footnotes":""},"class_list":["post-1643","page","type-page","status-publish","hentry"],"yoast_head":"<!-- This site is optimized with the Yoast SEO plugin v27.3 - https:\/\/yoast.com\/product\/yoast-seo-wordpress\/ -->\n<title>D\u00e9couvrez les boutiques de Melquiades Rodr\u00edguez \u00e0 Zamora<\/title>\n<meta name=\"description\" content=\"\u00c0 Melquiades Rodr\u00edguez, nous avons 4 boutiques \u00e0 Zamora : Candelaria Ru\u00edz del \u00c1rbol, Obispo Nieto, Riego et Tres Cruces. Nous avons \u00e9galement une boutique en ligne.\" \/>\n<meta name=\"robots\" content=\"index, follow, max-snippet:-1, max-image-preview:large, max-video-preview:-1\" \/>\n<link rel=\"canonical\" href=\"https:\/\/www.melquiadesrodriguez.com\/fr\/boutiques\/\" \/>\n<meta property=\"og:locale\" content=\"fr_FR\" \/>\n<meta property=\"og:type\" content=\"article\" \/>\n<meta property=\"og:title\" content=\"D\u00e9couvrez les boutiques de Melquiades Rodr\u00edguez \u00e0 Zamora\" \/>\n<meta property=\"og:description\" content=\"\u00c0 Melquiades Rodr\u00edguez, nous avons 4 boutiques \u00e0 Zamora : Candelaria Ru\u00edz del \u00c1rbol, Obispo Nieto, Riego et Tres Cruces. Nous avons \u00e9galement une boutique en ligne.\" \/>\n<meta property=\"og:url\" content=\"https:\/\/www.melquiadesrodriguez.com\/fr\/boutiques\/\" \/>\n<meta property=\"og:site_name\" content=\"Melquiades Rodr\u00edguez\" \/>\n<meta property=\"article:publisher\" content=\"https:\/\/www.facebook.com\/Jamones-Melquiades-1517726898557586\/?fref=ts\" \/>\n<meta property=\"article:modified_time\" content=\"2020-06-24T17:14:58+00:00\" \/>\n<meta name=\"twitter:card\" content=\"summary_large_image\" \/>\n<meta name=\"twitter:site\" content=\"@JamonMelquiades\" \/>\n<meta name=\"twitter:label1\" content=\"Dur\u00e9e de lecture estim\u00e9e\" \/>\n\t<meta name=\"twitter:data1\" content=\"3 minutes\" \/>\n<script type=\"application\/ld+json\" class=\"yoast-schema-graph\">{\"@context\":\"https:\\\/\\\/schema.org\",\"@graph\":[{\"@type\":\"WebPage\",\"@id\":\"https:\\\/\\\/www.melquiadesrodriguez.com\\\/fr\\\/boutiques\\\/\",\"url\":\"https:\\\/\\\/www.melquiadesrodriguez.com\\\/fr\\\/boutiques\\\/\",\"name\":\"D\u00e9couvrez les boutiques de Melquiades Rodr\u00edguez \u00e0 Zamora\",\"isPartOf\":{\"@id\":\"https:\\\/\\\/www.melquiadesrodriguez.com\\\/fr\\\/#website\"},\"datePublished\":\"2016-04-20T11:29:54+00:00\",\"dateModified\":\"2020-06-24T17:14:58+00:00\",\"description\":\"\u00c0 Melquiades Rodr\u00edguez, nous avons 4 boutiques \u00e0 Zamora : Candelaria Ru\u00edz del \u00c1rbol, Obispo Nieto, Riego et Tres Cruces. Nous avons \u00e9galement une boutique en ligne.\",\"breadcrumb\":{\"@id\":\"https:\\\/\\\/www.melquiadesrodriguez.com\\\/fr\\\/boutiques\\\/#breadcrumb\"},\"inLanguage\":\"fr-FR\",\"potentialAction\":[{\"@type\":\"ReadAction\",\"target\":[\"https:\\\/\\\/www.melquiadesrodriguez.com\\\/fr\\\/boutiques\\\/\"]}]},{\"@type\":\"BreadcrumbList\",\"@id\":\"https:\\\/\\\/www.melquiadesrodriguez.com\\\/fr\\\/boutiques\\\/#breadcrumb\",\"itemListElement\":[{\"@type\":\"ListItem\",\"position\":1,\"name\":\"Portada\",\"item\":\"https:\\\/\\\/www.melquiadesrodriguez.com\\\/fr\\\/\"},{\"@type\":\"ListItem\",\"position\":2,\"name\":\"Nos boutiques\"}]},{\"@type\":\"WebSite\",\"@id\":\"https:\\\/\\\/www.melquiadesrodriguez.com\\\/fr\\\/#website\",\"url\":\"https:\\\/\\\/www.melquiadesrodriguez.com\\\/fr\\\/\",\"name\":\"Melquiades Rodr\u00edguez\",\"description\":\"Jamones y Embutidos\",\"potentialAction\":[{\"@type\":\"SearchAction\",\"target\":{\"@type\":\"EntryPoint\",\"urlTemplate\":\"https:\\\/\\\/www.melquiadesrodriguez.com\\\/fr\\\/?s={search_term_string}\"},\"query-input\":{\"@type\":\"PropertyValueSpecification\",\"valueRequired\":true,\"valueName\":\"search_term_string\"}}],\"inLanguage\":\"fr-FR\"}]}<\/script>\n<!-- \/ Yoast SEO plugin. -->","yoast_head_json":{"title":"D\u00e9couvrez les boutiques de Melquiades Rodr\u00edguez \u00e0 Zamora","description":"\u00c0 Melquiades Rodr\u00edguez, nous avons 4 boutiques \u00e0 Zamora : Candelaria Ru\u00edz del \u00c1rbol, Obispo Nieto, Riego et Tres Cruces. Nous avons \u00e9galement une boutique en ligne.","robots":{"index":"index","follow":"follow","max-snippet":"max-snippet:-1","max-image-preview":"max-image-preview:large","max-video-preview":"max-video-preview:-1"},"canonical":"https:\/\/www.melquiadesrodriguez.com\/fr\/boutiques\/","og_locale":"fr_FR","og_type":"article","og_title":"D\u00e9couvrez les boutiques de Melquiades Rodr\u00edguez \u00e0 Zamora","og_description":"\u00c0 Melquiades Rodr\u00edguez, nous avons 4 boutiques \u00e0 Zamora : Candelaria Ru\u00edz del \u00c1rbol, Obispo Nieto, Riego et Tres Cruces. Nous avons \u00e9galement une boutique en ligne.","og_url":"https:\/\/www.melquiadesrodriguez.com\/fr\/boutiques\/","og_site_name":"Melquiades Rodr\u00edguez","article_publisher":"https:\/\/www.facebook.com\/Jamones-Melquiades-1517726898557586\/?fref=ts","article_modified_time":"2020-06-24T17:14:58+00:00","twitter_card":"summary_large_image","twitter_site":"@JamonMelquiades","twitter_misc":{"Dur\u00e9e de lecture estim\u00e9e":"3 minutes"},"schema":{"@context":"https:\/\/schema.org","@graph":[{"@type":"WebPage","@id":"https:\/\/www.melquiadesrodriguez.com\/fr\/boutiques\/","url":"https:\/\/www.melquiadesrodriguez.com\/fr\/boutiques\/","name":"D\u00e9couvrez les boutiques de Melquiades Rodr\u00edguez \u00e0 Zamora","isPartOf":{"@id":"https:\/\/www.melquiadesrodriguez.com\/fr\/#website"},"datePublished":"2016-04-20T11:29:54+00:00","dateModified":"2020-06-24T17:14:58+00:00","description":"\u00c0 Melquiades Rodr\u00edguez, nous avons 4 boutiques \u00e0 Zamora : Candelaria Ru\u00edz del \u00c1rbol, Obispo Nieto, Riego et Tres Cruces. Nous avons \u00e9galement une boutique en ligne.","breadcrumb":{"@id":"https:\/\/www.melquiadesrodriguez.com\/fr\/boutiques\/#breadcrumb"},"inLanguage":"fr-FR","potentialAction":[{"@type":"ReadAction","target":["https:\/\/www.melquiadesrodriguez.com\/fr\/boutiques\/"]}]},{"@type":"BreadcrumbList","@id":"https:\/\/www.melquiadesrodriguez.com\/fr\/boutiques\/#breadcrumb","itemListElement":[{"@type":"ListItem","position":1,"name":"Portada","item":"https:\/\/www.melquiadesrodriguez.com\/fr\/"},{"@type":"ListItem","position":2,"name":"Nos boutiques"}]},{"@type":"WebSite","@id":"https:\/\/www.melquiadesrodriguez.com\/fr\/#website","url":"https:\/\/www.melquiadesrodriguez.com\/fr\/","name":"Melquiades Rodr\u00edguez","description":"Jamones y Embutidos","potentialAction":[{"@type":"SearchAction","target":{"@type":"EntryPoint","urlTemplate":"https:\/\/www.melquiadesrodriguez.com\/fr\/?s={search_term_string}"},"query-input":{"@type":"PropertyValueSpecification","valueRequired":true,"valueName":"search_term_string"}}],"inLanguage":"fr-FR"}]}},"_links":{"self":[{"href":"https:\/\/www.melquiadesrodriguez.com\/fr\/wp-json\/wp\/v2\/pages\/1643","targetHints":{"allow":["GET"]}}],"collection":[{"href":"https:\/\/www.melquiadesrodriguez.com\/fr\/wp-json\/wp\/v2\/pages"}],"about":[{"href":"https:\/\/www.melquiadesrodriguez.com\/fr\/wp-json\/wp\/v2\/types\/page"}],"author":[{"embeddable":true,"href":"https:\/\/www.melquiadesrodriguez.com\/fr\/wp-json\/wp\/v2\/users\/1"}],"replies":[{"embeddable":true,"href":"https:\/\/www.melquiadesrodriguez.com\/fr\/wp-json\/wp\/v2\/comments?post=1643"}],"version-history":[{"count":0,"href":"https:\/\/www.melquiadesrodriguez.com\/fr\/wp-json\/wp\/v2\/pages\/1643\/revisions"}],"wp:attachment":[{"href":"https:\/\/www.melquiadesrodriguez.com\/fr\/wp-json\/wp\/v2\/media?parent=1643"}],"curies":[{"name":"wp","href":"https:\/\/api.w.org\/{rel}","templated":true}]}}