{"id":1676,"date":"2016-04-20T16:56:32","date_gmt":"2016-04-20T14:56:32","guid":{"rendered":"http:\/\/melquiades.questiondeimagen.com\/fr\/?page_id=1676"},"modified":"2024-06-07T10:45:46","modified_gmt":"2024-06-07T08:45:46","slug":"qui-sommes-nous","status":"publish","type":"page","link":"https:\/\/www.melquiadesrodriguez.com\/fr\/qui-sommes-nous\/","title":{"rendered":"Qui sommes nous"},"content":{"rendered":"<p>Nos origines remontent aux ann\u00e9es 50 quand Melquiades Rodriguez c&#8217;est install\u00e9 \u00e0 Zamora, provenant de Guijuelo Salamanca) o\u00f9 il exer\u00e7ait d\u00e9j\u00e0 son activit\u00e9 comme ma\u00eetre charcutier et jamonero depuis les ann\u00e9es 40. Actuellement l&#8217;entreprise maintient son caract\u00e8re familial avec l&#8217;incorporation de la troisi\u00e8re g\u00e9n\u00e9ration.<\/p>\n<p>Ici on soigne nos produits, de fa\u00e7on artisanale \u00e9labor\u00e9e par les meilleurs professionnels, avec une saveyur unique et une qualit\u00e9 exceptionnelle&#8230;<\/p>\n<div id='gallery-1' class='gallery galleryid-1676 gallery-columns-3 gallery-size-thumbnail'><figure class='gallery-item'>\n\t\t\t<div class='gallery-icon landscape'>\n\t\t\t\t<a href='https:\/\/www.melquiadesrodriguez.com\/wp-content\/uploads\/2016\/04\/secaderos.jpg'><img loading=\"lazy\" decoding=\"async\" width=\"150\" height=\"150\" src=\"https:\/\/www.melquiadesrodriguez.com\/wp-content\/uploads\/2016\/04\/secaderos-150x150.jpg\" class=\"attachment-thumbnail size-thumbnail\" alt=\"\" srcset=\"https:\/\/www.melquiadesrodriguez.com\/wp-content\/uploads\/2016\/04\/secaderos-150x150.jpg 150w, https:\/\/www.melquiadesrodriguez.com\/wp-content\/uploads\/2016\/04\/secaderos-300x300.jpg 300w, https:\/\/www.melquiadesrodriguez.com\/wp-content\/uploads\/2016\/04\/secaderos-100x100.jpg 100w, https:\/\/www.melquiadesrodriguez.com\/wp-content\/uploads\/2016\/04\/secaderos-390x390.jpg 390w, https:\/\/www.melquiadesrodriguez.com\/wp-content\/uploads\/2016\/04\/secaderos-75x75.jpg 75w\" sizes=\"auto, (max-width: 150px) 100vw, 150px\" \/><\/a>\n\t\t\t<\/div><\/figure><figure class='gallery-item'>\n\t\t\t<div class='gallery-icon landscape'>\n\t\t\t\t<a href='https:\/\/www.melquiadesrodriguez.com\/wp-content\/uploads\/2016\/04\/secaderos3.jpg'><img loading=\"lazy\" decoding=\"async\" width=\"150\" height=\"150\" src=\"https:\/\/www.melquiadesrodriguez.com\/wp-content\/uploads\/2016\/04\/secaderos3-150x150.jpg\" class=\"attachment-thumbnail size-thumbnail\" alt=\"\" srcset=\"https:\/\/www.melquiadesrodriguez.com\/wp-content\/uploads\/2016\/04\/secaderos3-150x150.jpg 150w, https:\/\/www.melquiadesrodriguez.com\/wp-content\/uploads\/2016\/04\/secaderos3-300x300.jpg 300w, https:\/\/www.melquiadesrodriguez.com\/wp-content\/uploads\/2016\/04\/secaderos3-100x100.jpg 100w, https:\/\/www.melquiadesrodriguez.com\/wp-content\/uploads\/2016\/04\/secaderos3-390x390.jpg 390w, https:\/\/www.melquiadesrodriguez.com\/wp-content\/uploads\/2016\/04\/secaderos3-75x75.jpg 75w\" sizes=\"auto, (max-width: 150px) 100vw, 150px\" \/><\/a>\n\t\t\t<\/div><\/figure><figure class='gallery-item'>\n\t\t\t<div class='gallery-icon landscape'>\n\t\t\t\t<a href='https:\/\/www.melquiadesrodriguez.com\/wp-content\/uploads\/2016\/04\/fabrica.jpg'><img loading=\"lazy\" decoding=\"async\" width=\"150\" height=\"150\" src=\"https:\/\/www.melquiadesrodriguez.com\/wp-content\/uploads\/2016\/04\/fabrica-150x150.jpg\" class=\"attachment-thumbnail size-thumbnail\" alt=\"\" srcset=\"https:\/\/www.melquiadesrodriguez.com\/wp-content\/uploads\/2016\/04\/fabrica-150x150.jpg 150w, https:\/\/www.melquiadesrodriguez.com\/wp-content\/uploads\/2016\/04\/fabrica-300x300.jpg 300w, https:\/\/www.melquiadesrodriguez.com\/wp-content\/uploads\/2016\/04\/fabrica-100x100.jpg 100w, https:\/\/www.melquiadesrodriguez.com\/wp-content\/uploads\/2016\/04\/fabrica-390x390.jpg 390w, https:\/\/www.melquiadesrodriguez.com\/wp-content\/uploads\/2016\/04\/fabrica-75x75.jpg 75w\" sizes=\"auto, (max-width: 150px) 100vw, 150px\" \/><\/a>\n\t\t\t<\/div><\/figure>\n\t\t<\/div>\n\n","protected":false},"excerpt":{"rendered":"<p>Nos origines remontent aux ann\u00e9es 50 quand Melquiades Rodriguez c&#8217;est install\u00e9 \u00e0 Zamora, provenant de Guijuelo Salamanca) o\u00f9 il exer\u00e7ait d\u00e9j\u00e0 son activit\u00e9 comme ma\u00eetre charcutier et jamonero depuis les ann\u00e9es 40. Actuellement l&#8217;entreprise maintient son caract\u00e8re familial avec l&#8217;incorporation de la troisi\u00e8re g\u00e9n\u00e9ration. Ici on soigne nos produits, de fa\u00e7on artisanale \u00e9labor\u00e9e par les &hellip; <\/p>\n<p class=\"link-more\"><a href=\"https:\/\/www.melquiadesrodriguez.com\/fr\/qui-sommes-nous\/\" class=\"more-link\">Continue reading&lt;span class=&quot;screen-reader-text&quot;&gt; &quot;Qui sommes nous&quot;&lt;\/span&gt;<\/a><\/p>\n","protected":false},"author":1,"featured_media":0,"parent":0,"menu_order":0,"comment_status":"closed","ping_status":"closed","template":"","meta":{"footnotes":""},"class_list":["post-1676","page","type-page","status-publish","hentry"],"yoast_head":"<!-- This site is optimized with the Yoast SEO plugin v27.3 - https:\/\/yoast.com\/product\/yoast-seo-wordpress\/ -->\n<title>Qui sommes nous - Melquiades Rodr\u00edguez<\/title>\n<meta name=\"description\" content=\"Melquiades Rodr\u00edguez est une entreprise espagnole sp\u00e9cialis\u00e9e dans la fabrication et la vente de jambons et charcuteries ib\u00e9riques\" \/>\n<meta name=\"robots\" content=\"index, follow, max-snippet:-1, max-image-preview:large, max-video-preview:-1\" \/>\n<link rel=\"canonical\" href=\"https:\/\/www.melquiadesrodriguez.com\/fr\/qui-sommes-nous\/\" \/>\n<meta property=\"og:locale\" content=\"fr_FR\" \/>\n<meta property=\"og:type\" content=\"article\" \/>\n<meta property=\"og:title\" content=\"Qui sommes nous - Melquiades Rodr\u00edguez\" \/>\n<meta property=\"og:description\" content=\"Melquiades Rodr\u00edguez est une entreprise espagnole sp\u00e9cialis\u00e9e dans la fabrication et la vente de jambons et charcuteries ib\u00e9riques\" \/>\n<meta property=\"og:url\" content=\"https:\/\/www.melquiadesrodriguez.com\/fr\/qui-sommes-nous\/\" \/>\n<meta property=\"og:site_name\" content=\"Melquiades Rodr\u00edguez\" \/>\n<meta property=\"article:publisher\" content=\"https:\/\/www.facebook.com\/Jamones-Melquiades-1517726898557586\/?fref=ts\" \/>\n<meta property=\"article:modified_time\" content=\"2024-06-07T08:45:46+00:00\" \/>\n<meta name=\"twitter:card\" content=\"summary_large_image\" \/>\n<meta name=\"twitter:site\" content=\"@JamonMelquiades\" \/>\n<meta name=\"twitter:label1\" content=\"Dur\u00e9e de lecture estim\u00e9e\" \/>\n\t<meta name=\"twitter:data1\" content=\"1 minute\" \/>\n<script type=\"application\/ld+json\" class=\"yoast-schema-graph\">{\"@context\":\"https:\\\/\\\/schema.org\",\"@graph\":[{\"@type\":\"WebPage\",\"@id\":\"https:\\\/\\\/www.melquiadesrodriguez.com\\\/fr\\\/qui-sommes-nous\\\/\",\"url\":\"https:\\\/\\\/www.melquiadesrodriguez.com\\\/fr\\\/qui-sommes-nous\\\/\",\"name\":\"Qui sommes nous - Melquiades Rodr\u00edguez\",\"isPartOf\":{\"@id\":\"https:\\\/\\\/www.melquiadesrodriguez.com\\\/fr\\\/#website\"},\"datePublished\":\"2016-04-20T14:56:32+00:00\",\"dateModified\":\"2024-06-07T08:45:46+00:00\",\"description\":\"Melquiades Rodr\u00edguez est une entreprise espagnole sp\u00e9cialis\u00e9e dans la fabrication et la vente de jambons et charcuteries ib\u00e9riques\",\"breadcrumb\":{\"@id\":\"https:\\\/\\\/www.melquiadesrodriguez.com\\\/fr\\\/qui-sommes-nous\\\/#breadcrumb\"},\"inLanguage\":\"fr-FR\",\"potentialAction\":[{\"@type\":\"ReadAction\",\"target\":[\"https:\\\/\\\/www.melquiadesrodriguez.com\\\/fr\\\/qui-sommes-nous\\\/\"]}]},{\"@type\":\"BreadcrumbList\",\"@id\":\"https:\\\/\\\/www.melquiadesrodriguez.com\\\/fr\\\/qui-sommes-nous\\\/#breadcrumb\",\"itemListElement\":[{\"@type\":\"ListItem\",\"position\":1,\"name\":\"Portada\",\"item\":\"https:\\\/\\\/www.melquiadesrodriguez.com\\\/fr\\\/\"},{\"@type\":\"ListItem\",\"position\":2,\"name\":\"Qui sommes nous\"}]},{\"@type\":\"WebSite\",\"@id\":\"https:\\\/\\\/www.melquiadesrodriguez.com\\\/fr\\\/#website\",\"url\":\"https:\\\/\\\/www.melquiadesrodriguez.com\\\/fr\\\/\",\"name\":\"Melquiades Rodr\u00edguez\",\"description\":\"Jamones y Embutidos\",\"potentialAction\":[{\"@type\":\"SearchAction\",\"target\":{\"@type\":\"EntryPoint\",\"urlTemplate\":\"https:\\\/\\\/www.melquiadesrodriguez.com\\\/fr\\\/?s={search_term_string}\"},\"query-input\":{\"@type\":\"PropertyValueSpecification\",\"valueRequired\":true,\"valueName\":\"search_term_string\"}}],\"inLanguage\":\"fr-FR\"}]}<\/script>\n<!-- \/ Yoast SEO plugin. -->","yoast_head_json":{"title":"Qui sommes nous - Melquiades Rodr\u00edguez","description":"Melquiades Rodr\u00edguez est une entreprise espagnole sp\u00e9cialis\u00e9e dans la fabrication et la vente de jambons et charcuteries ib\u00e9riques","robots":{"index":"index","follow":"follow","max-snippet":"max-snippet:-1","max-image-preview":"max-image-preview:large","max-video-preview":"max-video-preview:-1"},"canonical":"https:\/\/www.melquiadesrodriguez.com\/fr\/qui-sommes-nous\/","og_locale":"fr_FR","og_type":"article","og_title":"Qui sommes nous - Melquiades Rodr\u00edguez","og_description":"Melquiades Rodr\u00edguez est une entreprise espagnole sp\u00e9cialis\u00e9e dans la fabrication et la vente de jambons et charcuteries ib\u00e9riques","og_url":"https:\/\/www.melquiadesrodriguez.com\/fr\/qui-sommes-nous\/","og_site_name":"Melquiades Rodr\u00edguez","article_publisher":"https:\/\/www.facebook.com\/Jamones-Melquiades-1517726898557586\/?fref=ts","article_modified_time":"2024-06-07T08:45:46+00:00","twitter_card":"summary_large_image","twitter_site":"@JamonMelquiades","twitter_misc":{"Dur\u00e9e de lecture estim\u00e9e":"1 minute"},"schema":{"@context":"https:\/\/schema.org","@graph":[{"@type":"WebPage","@id":"https:\/\/www.melquiadesrodriguez.com\/fr\/qui-sommes-nous\/","url":"https:\/\/www.melquiadesrodriguez.com\/fr\/qui-sommes-nous\/","name":"Qui sommes nous - Melquiades Rodr\u00edguez","isPartOf":{"@id":"https:\/\/www.melquiadesrodriguez.com\/fr\/#website"},"datePublished":"2016-04-20T14:56:32+00:00","dateModified":"2024-06-07T08:45:46+00:00","description":"Melquiades Rodr\u00edguez est une entreprise espagnole sp\u00e9cialis\u00e9e dans la fabrication et la vente de jambons et charcuteries ib\u00e9riques","breadcrumb":{"@id":"https:\/\/www.melquiadesrodriguez.com\/fr\/qui-sommes-nous\/#breadcrumb"},"inLanguage":"fr-FR","potentialAction":[{"@type":"ReadAction","target":["https:\/\/www.melquiadesrodriguez.com\/fr\/qui-sommes-nous\/"]}]},{"@type":"BreadcrumbList","@id":"https:\/\/www.melquiadesrodriguez.com\/fr\/qui-sommes-nous\/#breadcrumb","itemListElement":[{"@type":"ListItem","position":1,"name":"Portada","item":"https:\/\/www.melquiadesrodriguez.com\/fr\/"},{"@type":"ListItem","position":2,"name":"Qui sommes nous"}]},{"@type":"WebSite","@id":"https:\/\/www.melquiadesrodriguez.com\/fr\/#website","url":"https:\/\/www.melquiadesrodriguez.com\/fr\/","name":"Melquiades Rodr\u00edguez","description":"Jamones y Embutidos","potentialAction":[{"@type":"SearchAction","target":{"@type":"EntryPoint","urlTemplate":"https:\/\/www.melquiadesrodriguez.com\/fr\/?s={search_term_string}"},"query-input":{"@type":"PropertyValueSpecification","valueRequired":true,"valueName":"search_term_string"}}],"inLanguage":"fr-FR"}]}},"_links":{"self":[{"href":"https:\/\/www.melquiadesrodriguez.com\/fr\/wp-json\/wp\/v2\/pages\/1676","targetHints":{"allow":["GET"]}}],"collection":[{"href":"https:\/\/www.melquiadesrodriguez.com\/fr\/wp-json\/wp\/v2\/pages"}],"about":[{"href":"https:\/\/www.melquiadesrodriguez.com\/fr\/wp-json\/wp\/v2\/types\/page"}],"author":[{"embeddable":true,"href":"https:\/\/www.melquiadesrodriguez.com\/fr\/wp-json\/wp\/v2\/users\/1"}],"replies":[{"embeddable":true,"href":"https:\/\/www.melquiadesrodriguez.com\/fr\/wp-json\/wp\/v2\/comments?post=1676"}],"version-history":[{"count":0,"href":"https:\/\/www.melquiadesrodriguez.com\/fr\/wp-json\/wp\/v2\/pages\/1676\/revisions"}],"wp:attachment":[{"href":"https:\/\/www.melquiadesrodriguez.com\/fr\/wp-json\/wp\/v2\/media?parent=1676"}],"curies":[{"name":"wp","href":"https:\/\/api.w.org\/{rel}","templated":true}]}}