{"id":1956,"date":"2016-04-21T10:55:52","date_gmt":"2016-04-21T08:55:52","guid":{"rendered":"http:\/\/melquiades.questiondeimagen.com\/fr\/?page_id=1956"},"modified":"2018-06-27T17:48:50","modified_gmt":"2018-06-27T15:48:50","slug":"contact","status":"publish","type":"page","link":"https:\/\/www.melquiadesrodriguez.com\/fr\/contact\/","title":{"rendered":"Contact"},"content":{"rendered":"<div class=\"wpb-content-wrapper\"><p>[vc_row][vc_column]<\/p>\n<p>Pour nous contacter, remplissez le formulaire suivant. (Les champs marqu\u00e9s d&#8217;une * sont oblitgatoires).<\/p>\n<p>[\/vc_column]<br \/>\n[\/vc_row]<\/p>\n<p>[vc_row]<br \/>\n[trx_columns count=&#8221;3&#8243;][trx_column_item]<br \/>\n<strong class=\"dorado\">Adresse<\/strong><br \/>\nCrta. Nacional 122-Km. 450<br \/>\n49530 Coreses (Zamora) Espagne<br \/>\n&nbsp;<br \/>\n<strong class=\"dorado\">Heures de service t\u00e9l\u00e9phonique<\/strong>:<br \/>\nDe 10h00 \u00e0 14h00<br \/>\n&nbsp;<br \/>\n<strong class=\"dorado\">T\u00e9l\u00e9phone<\/strong><br \/>\n+34 980 500 101<br \/>\n&nbsp;<br \/>\n<strong class=\"dorado\">E-mail<\/strong><br \/>\n<a href=\"mailto:info@melquiadesrodriguez.com\" rel=\"nofollow\">info@melquiadesrodriguez.com<\/a><br \/>\n[\/trx_column_item]<\/p>\n<p>[trx_column_item span=&#8221;2&#8243;]<br \/>\n<p class=\"wpcf7-contact-form-not-found\"><strong>Erreur\u00a0:<\/strong> Formulaire de contact non trouv\u00e9\u00a0!<\/p><br \/>\n[\/trx_column_item][\/trx_columns]<br \/>\n[\/vc_row]<\/p>\n<p>[vc_row full_width=&#8221;stretch_row_content_no_spaces&#8221;][vc_column][trx_googlemap zoom=&#8221;12&#8243; height=&#8221;400&#8243;][trx_googlemap_marker address=&#8221;41.527442, -5.653658&#8243;][\/trx_googlemap_marker][\/trx_googlemap][\/vc_column][\/vc_row]<\/p>\n<\/div>","protected":false},"excerpt":{"rendered":"<p>[vc_row][vc_column] Pour nous contacter, remplissez le formulaire suivant. (Les champs marqu\u00e9s d&#8217;une * sont oblitgatoires). [\/vc_column] [\/vc_row] [vc_row] [trx_columns count=&#8221;3&#8243;][trx_column_item] Adresse Crta. Nacional 122-Km. 450 49530 Coreses (Zamora) Espagne &nbsp; Heures de service t\u00e9l\u00e9phonique: De 10h00 \u00e0 14h00 &nbsp; T\u00e9l\u00e9phone +34 980 500 101 &nbsp; E-mail info@melquiadesrodriguez.com [\/trx_column_item] [trx_column_item span=&#8221;2&#8243;] [\/trx_column_item][\/trx_columns] [\/vc_row] [vc_row full_width=&#8221;stretch_row_content_no_spaces&#8221;][vc_column][trx_googlemap zoom=&#8221;12&#8243; &hellip; <\/p>\n<p class=\"link-more\"><a href=\"https:\/\/www.melquiadesrodriguez.com\/fr\/contact\/\" class=\"more-link\">Continue reading&lt;span class=&quot;screen-reader-text&quot;&gt; &quot;Contact&quot;&lt;\/span&gt;<\/a><\/p>\n","protected":false},"author":1,"featured_media":0,"parent":0,"menu_order":0,"comment_status":"closed","ping_status":"closed","template":"","meta":{"footnotes":""},"class_list":["post-1956","page","type-page","status-publish","hentry"],"yoast_head":"<!-- This site is optimized with the Yoast SEO plugin v27.3 - https:\/\/yoast.com\/product\/yoast-seo-wordpress\/ -->\n<title>Contact - Melquiades Rodr\u00edguez<\/title>\n<meta name=\"robots\" content=\"index, follow, max-snippet:-1, max-image-preview:large, max-video-preview:-1\" \/>\n<link rel=\"canonical\" href=\"https:\/\/www.melquiadesrodriguez.com\/fr\/contact\/\" \/>\n<meta property=\"og:locale\" content=\"fr_FR\" \/>\n<meta property=\"og:type\" content=\"article\" \/>\n<meta property=\"og:title\" content=\"Contact - Melquiades Rodr\u00edguez\" \/>\n<meta property=\"og:description\" content=\"[vc_row][vc_column] Pour nous contacter, remplissez le formulaire suivant. (Les champs marqu\u00e9s d&#8217;une * sont oblitgatoires). [\/vc_column] [\/vc_row] [vc_row] [trx_columns count=&#8221;3&#8243;][trx_column_item] Adresse Crta. Nacional 122-Km. 450 49530 Coreses (Zamora) Espagne &nbsp; Heures de service t\u00e9l\u00e9phonique: De 10h00 \u00e0 14h00 &nbsp; T\u00e9l\u00e9phone +34 980 500 101 &nbsp; E-mail info@melquiadesrodriguez.com [\/trx_column_item] [trx_column_item span=&#8221;2&#8243;] [\/trx_column_item][\/trx_columns] [\/vc_row] [vc_row full_width=&#8221;stretch_row_content_no_spaces&#8221;][vc_column][trx_googlemap zoom=&#8221;12&#8243; &hellip; Continue reading&lt;span class=&quot;screen-reader-text&quot;&gt; &quot;Contact&quot;&lt;\/span&gt;\" \/>\n<meta property=\"og:url\" content=\"https:\/\/www.melquiadesrodriguez.com\/fr\/contact\/\" \/>\n<meta property=\"og:site_name\" content=\"Melquiades Rodr\u00edguez\" \/>\n<meta property=\"article:publisher\" content=\"https:\/\/www.facebook.com\/Jamones-Melquiades-1517726898557586\/?fref=ts\" \/>\n<meta property=\"article:modified_time\" content=\"2018-06-27T15:48:50+00:00\" \/>\n<meta name=\"twitter:card\" content=\"summary_large_image\" \/>\n<meta name=\"twitter:site\" content=\"@JamonMelquiades\" \/>\n<meta name=\"twitter:label1\" content=\"Dur\u00e9e de lecture estim\u00e9e\" \/>\n\t<meta name=\"twitter:data1\" content=\"1 minute\" \/>\n<script type=\"application\/ld+json\" class=\"yoast-schema-graph\">{\"@context\":\"https:\\\/\\\/schema.org\",\"@graph\":[{\"@type\":\"WebPage\",\"@id\":\"https:\\\/\\\/www.melquiadesrodriguez.com\\\/fr\\\/contact\\\/\",\"url\":\"https:\\\/\\\/www.melquiadesrodriguez.com\\\/fr\\\/contact\\\/\",\"name\":\"Contact - Melquiades Rodr\u00edguez\",\"isPartOf\":{\"@id\":\"https:\\\/\\\/www.melquiadesrodriguez.com\\\/fr\\\/#website\"},\"datePublished\":\"2016-04-21T08:55:52+00:00\",\"dateModified\":\"2018-06-27T15:48:50+00:00\",\"breadcrumb\":{\"@id\":\"https:\\\/\\\/www.melquiadesrodriguez.com\\\/fr\\\/contact\\\/#breadcrumb\"},\"inLanguage\":\"fr-FR\",\"potentialAction\":[{\"@type\":\"ReadAction\",\"target\":[\"https:\\\/\\\/www.melquiadesrodriguez.com\\\/fr\\\/contact\\\/\"]}]},{\"@type\":\"BreadcrumbList\",\"@id\":\"https:\\\/\\\/www.melquiadesrodriguez.com\\\/fr\\\/contact\\\/#breadcrumb\",\"itemListElement\":[{\"@type\":\"ListItem\",\"position\":1,\"name\":\"Portada\",\"item\":\"https:\\\/\\\/www.melquiadesrodriguez.com\\\/fr\\\/\"},{\"@type\":\"ListItem\",\"position\":2,\"name\":\"Contact\"}]},{\"@type\":\"WebSite\",\"@id\":\"https:\\\/\\\/www.melquiadesrodriguez.com\\\/fr\\\/#website\",\"url\":\"https:\\\/\\\/www.melquiadesrodriguez.com\\\/fr\\\/\",\"name\":\"Melquiades Rodr\u00edguez\",\"description\":\"Jamones y Embutidos\",\"potentialAction\":[{\"@type\":\"SearchAction\",\"target\":{\"@type\":\"EntryPoint\",\"urlTemplate\":\"https:\\\/\\\/www.melquiadesrodriguez.com\\\/fr\\\/?s={search_term_string}\"},\"query-input\":{\"@type\":\"PropertyValueSpecification\",\"valueRequired\":true,\"valueName\":\"search_term_string\"}}],\"inLanguage\":\"fr-FR\"}]}<\/script>\n<!-- \/ Yoast SEO plugin. -->","yoast_head_json":{"title":"Contact - Melquiades Rodr\u00edguez","robots":{"index":"index","follow":"follow","max-snippet":"max-snippet:-1","max-image-preview":"max-image-preview:large","max-video-preview":"max-video-preview:-1"},"canonical":"https:\/\/www.melquiadesrodriguez.com\/fr\/contact\/","og_locale":"fr_FR","og_type":"article","og_title":"Contact - Melquiades Rodr\u00edguez","og_description":"[vc_row][vc_column] Pour nous contacter, remplissez le formulaire suivant. (Les champs marqu\u00e9s d&#8217;une * sont oblitgatoires). [\/vc_column] [\/vc_row] [vc_row] [trx_columns count=&#8221;3&#8243;][trx_column_item] Adresse Crta. Nacional 122-Km. 450 49530 Coreses (Zamora) Espagne &nbsp; Heures de service t\u00e9l\u00e9phonique: De 10h00 \u00e0 14h00 &nbsp; T\u00e9l\u00e9phone +34 980 500 101 &nbsp; E-mail info@melquiadesrodriguez.com [\/trx_column_item] [trx_column_item span=&#8221;2&#8243;] [\/trx_column_item][\/trx_columns] [\/vc_row] [vc_row full_width=&#8221;stretch_row_content_no_spaces&#8221;][vc_column][trx_googlemap zoom=&#8221;12&#8243; &hellip; Continue reading&lt;span class=&quot;screen-reader-text&quot;&gt; &quot;Contact&quot;&lt;\/span&gt;","og_url":"https:\/\/www.melquiadesrodriguez.com\/fr\/contact\/","og_site_name":"Melquiades Rodr\u00edguez","article_publisher":"https:\/\/www.facebook.com\/Jamones-Melquiades-1517726898557586\/?fref=ts","article_modified_time":"2018-06-27T15:48:50+00:00","twitter_card":"summary_large_image","twitter_site":"@JamonMelquiades","twitter_misc":{"Dur\u00e9e de lecture estim\u00e9e":"1 minute"},"schema":{"@context":"https:\/\/schema.org","@graph":[{"@type":"WebPage","@id":"https:\/\/www.melquiadesrodriguez.com\/fr\/contact\/","url":"https:\/\/www.melquiadesrodriguez.com\/fr\/contact\/","name":"Contact - Melquiades Rodr\u00edguez","isPartOf":{"@id":"https:\/\/www.melquiadesrodriguez.com\/fr\/#website"},"datePublished":"2016-04-21T08:55:52+00:00","dateModified":"2018-06-27T15:48:50+00:00","breadcrumb":{"@id":"https:\/\/www.melquiadesrodriguez.com\/fr\/contact\/#breadcrumb"},"inLanguage":"fr-FR","potentialAction":[{"@type":"ReadAction","target":["https:\/\/www.melquiadesrodriguez.com\/fr\/contact\/"]}]},{"@type":"BreadcrumbList","@id":"https:\/\/www.melquiadesrodriguez.com\/fr\/contact\/#breadcrumb","itemListElement":[{"@type":"ListItem","position":1,"name":"Portada","item":"https:\/\/www.melquiadesrodriguez.com\/fr\/"},{"@type":"ListItem","position":2,"name":"Contact"}]},{"@type":"WebSite","@id":"https:\/\/www.melquiadesrodriguez.com\/fr\/#website","url":"https:\/\/www.melquiadesrodriguez.com\/fr\/","name":"Melquiades Rodr\u00edguez","description":"Jamones y Embutidos","potentialAction":[{"@type":"SearchAction","target":{"@type":"EntryPoint","urlTemplate":"https:\/\/www.melquiadesrodriguez.com\/fr\/?s={search_term_string}"},"query-input":{"@type":"PropertyValueSpecification","valueRequired":true,"valueName":"search_term_string"}}],"inLanguage":"fr-FR"}]}},"_links":{"self":[{"href":"https:\/\/www.melquiadesrodriguez.com\/fr\/wp-json\/wp\/v2\/pages\/1956","targetHints":{"allow":["GET"]}}],"collection":[{"href":"https:\/\/www.melquiadesrodriguez.com\/fr\/wp-json\/wp\/v2\/pages"}],"about":[{"href":"https:\/\/www.melquiadesrodriguez.com\/fr\/wp-json\/wp\/v2\/types\/page"}],"author":[{"embeddable":true,"href":"https:\/\/www.melquiadesrodriguez.com\/fr\/wp-json\/wp\/v2\/users\/1"}],"replies":[{"embeddable":true,"href":"https:\/\/www.melquiadesrodriguez.com\/fr\/wp-json\/wp\/v2\/comments?post=1956"}],"version-history":[{"count":0,"href":"https:\/\/www.melquiadesrodriguez.com\/fr\/wp-json\/wp\/v2\/pages\/1956\/revisions"}],"wp:attachment":[{"href":"https:\/\/www.melquiadesrodriguez.com\/fr\/wp-json\/wp\/v2\/media?parent=1956"}],"curies":[{"name":"wp","href":"https:\/\/api.w.org\/{rel}","templated":true}]}}