{"id":2813,"date":"2017-05-18T13:11:54","date_gmt":"2017-05-18T11:11:54","guid":{"rendered":"http:\/\/www.melquiadesrodriguez.com\/?page_id=2813\/"},"modified":"2017-05-18T13:11:54","modified_gmt":"2017-05-18T11:11:54","slug":"vino-finca-margarita","status":"publish","type":"page","link":"https:\/\/www.melquiadesrodriguez.com\/fr\/vino-finca-margarita\/","title":{"rendered":"Vino Finca Margarita"},"content":{"rendered":"<p><strong>Finca Margarita<\/strong> es el resultado de la incursi\u00f3n de <strong>Melquiades Rodr\u00edguez<\/strong> en el mundo del <strong>vino<\/strong>, y como no pod\u00eda ser de otra manera, en una de las Denominaciones de Origen de mayor arraigo y m\u00e1s premiadas del mundo, la <strong>D.O. Toro<\/strong>.<br \/>\nEn esta zona geogr\u00e1fica se da la variedad aut\u00f3ctona de uva denominada <em>Tinta de Toro<\/em>, utilizada para nuestros tintos y rosados, una variedad con car\u00e1cter propio, que hace que estos caldos sean \u00fanicos.<br \/>\nPara el blanco utilizamos la uva <em>Verdejo<\/em>, que en Toro consigue su mejor expresi\u00f3n, transfiriendo a nuestro vino una armon\u00eda de frescura en boca inigualable.<br \/>\nCon <strong>Finca Margarita<\/strong> homenajeamos a nuestros ancestros que nos ense\u00f1aron a elaborar productos con una selecci\u00f3n de materia de primera calidad y una m\u00e1xima que siempre tenemos presente.<\/p>\n<p><img loading=\"lazy\" decoding=\"async\" class=\"aligncenter wp-image-2817 size-full\" src=\"http:\/\/www.melquiadesrodriguez.com\/wp-content\/uploads\/2017\/05\/Cartel_Vino.jpg\" alt=\"\" width=\"1280\" height=\"2210\" srcset=\"https:\/\/www.melquiadesrodriguez.com\/wp-content\/uploads\/2017\/05\/Cartel_Vino.jpg 1280w, https:\/\/www.melquiadesrodriguez.com\/wp-content\/uploads\/2017\/05\/Cartel_Vino-600x1036.jpg 600w, https:\/\/www.melquiadesrodriguez.com\/wp-content\/uploads\/2017\/05\/Cartel_Vino-174x300.jpg 174w, https:\/\/www.melquiadesrodriguez.com\/wp-content\/uploads\/2017\/05\/Cartel_Vino-768x1326.jpg 768w, https:\/\/www.melquiadesrodriguez.com\/wp-content\/uploads\/2017\/05\/Cartel_Vino-593x1024.jpg 593w, https:\/\/www.melquiadesrodriguez.com\/wp-content\/uploads\/2017\/05\/Cartel_Vino-1170x2020.jpg 1170w, https:\/\/www.melquiadesrodriguez.com\/wp-content\/uploads\/2017\/05\/Cartel_Vino-870x1502.jpg 870w, https:\/\/www.melquiadesrodriguez.com\/wp-content\/uploads\/2017\/05\/Cartel_Vino-390x673.jpg 390w, https:\/\/www.melquiadesrodriguez.com\/wp-content\/uploads\/2017\/05\/Cartel_Vino-300x518.jpg 300w\" sizes=\"auto, (max-width: 1280px) 100vw, 1280px\" \/><\/p>\n<p><img loading=\"lazy\" decoding=\"async\" class=\"alignright wp-image-2814\" src=\"http:\/\/www.melquiadesrodriguez.com\/wp-content\/uploads\/2017\/05\/WINE_IN_MODERATION.png\" alt=\"\" width=\"227\" height=\"50\" \/><\/p>\n<p><em>*Bebe con moderaci\u00f3n. Es tu responsabilidad.<\/em><\/p>\n","protected":false},"excerpt":{"rendered":"<p>Finca Margarita es el resultado de la incursi\u00f3n de Melquiades Rodr\u00edguez en el mundo del vino, y como no pod\u00eda ser de otra manera, en una de las Denominaciones de Origen de mayor arraigo y m\u00e1s premiadas del mundo, la D.O. Toro. En esta zona geogr\u00e1fica se da la variedad aut\u00f3ctona de uva denominada Tinta &hellip; <\/p>\n<p class=\"link-more\"><a href=\"https:\/\/www.melquiadesrodriguez.com\/fr\/vino-finca-margarita\/\" class=\"more-link\">Continue reading&lt;span class=&quot;screen-reader-text&quot;&gt; &quot;Vino Finca Margarita&quot;&lt;\/span&gt;<\/a><\/p>\n","protected":false},"author":1,"featured_media":0,"parent":0,"menu_order":0,"comment_status":"closed","ping_status":"closed","template":"","meta":{"footnotes":""},"class_list":["post-2813","page","type-page","status-publish","hentry"],"yoast_head":"<!-- This site is optimized with the Yoast SEO plugin v27.3 - https:\/\/yoast.com\/product\/yoast-seo-wordpress\/ -->\n<title>Vino Finca Margarita - Melquiades Rodr\u00edguez<\/title>\n<meta name=\"robots\" content=\"index, follow, max-snippet:-1, max-image-preview:large, max-video-preview:-1\" \/>\n<link rel=\"canonical\" href=\"https:\/\/www.melquiadesrodriguez.com\/fr\/vino-finca-margarita\/\" \/>\n<meta property=\"og:locale\" content=\"fr_FR\" \/>\n<meta property=\"og:type\" content=\"article\" \/>\n<meta property=\"og:title\" content=\"Vino Finca Margarita - Melquiades Rodr\u00edguez\" \/>\n<meta property=\"og:description\" content=\"Finca Margarita es el resultado de la incursi\u00f3n de Melquiades Rodr\u00edguez en el mundo del vino, y como no pod\u00eda ser de otra manera, en una de las Denominaciones de Origen de mayor arraigo y m\u00e1s premiadas del mundo, la D.O. Toro. En esta zona geogr\u00e1fica se da la variedad aut\u00f3ctona de uva denominada Tinta &hellip; Continue reading&lt;span class=&quot;screen-reader-text&quot;&gt; &quot;Vino Finca Margarita&quot;&lt;\/span&gt;\" \/>\n<meta property=\"og:url\" content=\"https:\/\/www.melquiadesrodriguez.com\/fr\/vino-finca-margarita\/\" \/>\n<meta property=\"og:site_name\" content=\"Melquiades Rodr\u00edguez\" \/>\n<meta property=\"article:publisher\" content=\"https:\/\/www.facebook.com\/Jamones-Melquiades-1517726898557586\/?fref=ts\" \/>\n<meta property=\"og:image\" content=\"http:\/\/www.melquiadesrodriguez.com\/wp-content\/uploads\/2017\/05\/Cartel_Vino.jpg\" \/>\n<meta name=\"twitter:card\" content=\"summary_large_image\" \/>\n<meta name=\"twitter:site\" content=\"@JamonMelquiades\" \/>\n<meta name=\"twitter:label1\" content=\"Dur\u00e9e de lecture estim\u00e9e\" \/>\n\t<meta name=\"twitter:data1\" content=\"1 minute\" \/>\n<script type=\"application\/ld+json\" class=\"yoast-schema-graph\">{\"@context\":\"https:\\\/\\\/schema.org\",\"@graph\":[{\"@type\":\"WebPage\",\"@id\":\"https:\\\/\\\/www.melquiadesrodriguez.com\\\/fr\\\/vino-finca-margarita\\\/\",\"url\":\"https:\\\/\\\/www.melquiadesrodriguez.com\\\/fr\\\/vino-finca-margarita\\\/\",\"name\":\"Vino Finca Margarita - Melquiades Rodr\u00edguez\",\"isPartOf\":{\"@id\":\"https:\\\/\\\/www.melquiadesrodriguez.com\\\/fr\\\/#website\"},\"primaryImageOfPage\":{\"@id\":\"https:\\\/\\\/www.melquiadesrodriguez.com\\\/fr\\\/vino-finca-margarita\\\/#primaryimage\"},\"image\":{\"@id\":\"https:\\\/\\\/www.melquiadesrodriguez.com\\\/fr\\\/vino-finca-margarita\\\/#primaryimage\"},\"thumbnailUrl\":\"http:\\\/\\\/www.melquiadesrodriguez.com\\\/wp-content\\\/uploads\\\/2017\\\/05\\\/Cartel_Vino.jpg\",\"datePublished\":\"2017-05-18T11:11:54+00:00\",\"breadcrumb\":{\"@id\":\"https:\\\/\\\/www.melquiadesrodriguez.com\\\/fr\\\/vino-finca-margarita\\\/#breadcrumb\"},\"inLanguage\":\"fr-FR\",\"potentialAction\":[{\"@type\":\"ReadAction\",\"target\":[\"https:\\\/\\\/www.melquiadesrodriguez.com\\\/fr\\\/vino-finca-margarita\\\/\"]}]},{\"@type\":\"ImageObject\",\"inLanguage\":\"fr-FR\",\"@id\":\"https:\\\/\\\/www.melquiadesrodriguez.com\\\/fr\\\/vino-finca-margarita\\\/#primaryimage\",\"url\":\"http:\\\/\\\/www.melquiadesrodriguez.com\\\/wp-content\\\/uploads\\\/2017\\\/05\\\/Cartel_Vino.jpg\",\"contentUrl\":\"http:\\\/\\\/www.melquiadesrodriguez.com\\\/wp-content\\\/uploads\\\/2017\\\/05\\\/Cartel_Vino.jpg\"},{\"@type\":\"BreadcrumbList\",\"@id\":\"https:\\\/\\\/www.melquiadesrodriguez.com\\\/fr\\\/vino-finca-margarita\\\/#breadcrumb\",\"itemListElement\":[{\"@type\":\"ListItem\",\"position\":1,\"name\":\"Portada\",\"item\":\"https:\\\/\\\/www.melquiadesrodriguez.com\\\/fr\\\/\"},{\"@type\":\"ListItem\",\"position\":2,\"name\":\"Vino Finca Margarita\"}]},{\"@type\":\"WebSite\",\"@id\":\"https:\\\/\\\/www.melquiadesrodriguez.com\\\/fr\\\/#website\",\"url\":\"https:\\\/\\\/www.melquiadesrodriguez.com\\\/fr\\\/\",\"name\":\"Melquiades Rodr\u00edguez\",\"description\":\"Jamones y Embutidos\",\"potentialAction\":[{\"@type\":\"SearchAction\",\"target\":{\"@type\":\"EntryPoint\",\"urlTemplate\":\"https:\\\/\\\/www.melquiadesrodriguez.com\\\/fr\\\/?s={search_term_string}\"},\"query-input\":{\"@type\":\"PropertyValueSpecification\",\"valueRequired\":true,\"valueName\":\"search_term_string\"}}],\"inLanguage\":\"fr-FR\"}]}<\/script>\n<!-- \/ Yoast SEO plugin. -->","yoast_head_json":{"title":"Vino Finca Margarita - Melquiades Rodr\u00edguez","robots":{"index":"index","follow":"follow","max-snippet":"max-snippet:-1","max-image-preview":"max-image-preview:large","max-video-preview":"max-video-preview:-1"},"canonical":"https:\/\/www.melquiadesrodriguez.com\/fr\/vino-finca-margarita\/","og_locale":"fr_FR","og_type":"article","og_title":"Vino Finca Margarita - Melquiades Rodr\u00edguez","og_description":"Finca Margarita es el resultado de la incursi\u00f3n de Melquiades Rodr\u00edguez en el mundo del vino, y como no pod\u00eda ser de otra manera, en una de las Denominaciones de Origen de mayor arraigo y m\u00e1s premiadas del mundo, la D.O. Toro. En esta zona geogr\u00e1fica se da la variedad aut\u00f3ctona de uva denominada Tinta &hellip; Continue reading&lt;span class=&quot;screen-reader-text&quot;&gt; &quot;Vino Finca Margarita&quot;&lt;\/span&gt;","og_url":"https:\/\/www.melquiadesrodriguez.com\/fr\/vino-finca-margarita\/","og_site_name":"Melquiades Rodr\u00edguez","article_publisher":"https:\/\/www.facebook.com\/Jamones-Melquiades-1517726898557586\/?fref=ts","og_image":[{"url":"http:\/\/www.melquiadesrodriguez.com\/wp-content\/uploads\/2017\/05\/Cartel_Vino.jpg","type":"","width":"","height":""}],"twitter_card":"summary_large_image","twitter_site":"@JamonMelquiades","twitter_misc":{"Dur\u00e9e de lecture estim\u00e9e":"1 minute"},"schema":{"@context":"https:\/\/schema.org","@graph":[{"@type":"WebPage","@id":"https:\/\/www.melquiadesrodriguez.com\/fr\/vino-finca-margarita\/","url":"https:\/\/www.melquiadesrodriguez.com\/fr\/vino-finca-margarita\/","name":"Vino Finca Margarita - Melquiades Rodr\u00edguez","isPartOf":{"@id":"https:\/\/www.melquiadesrodriguez.com\/fr\/#website"},"primaryImageOfPage":{"@id":"https:\/\/www.melquiadesrodriguez.com\/fr\/vino-finca-margarita\/#primaryimage"},"image":{"@id":"https:\/\/www.melquiadesrodriguez.com\/fr\/vino-finca-margarita\/#primaryimage"},"thumbnailUrl":"http:\/\/www.melquiadesrodriguez.com\/wp-content\/uploads\/2017\/05\/Cartel_Vino.jpg","datePublished":"2017-05-18T11:11:54+00:00","breadcrumb":{"@id":"https:\/\/www.melquiadesrodriguez.com\/fr\/vino-finca-margarita\/#breadcrumb"},"inLanguage":"fr-FR","potentialAction":[{"@type":"ReadAction","target":["https:\/\/www.melquiadesrodriguez.com\/fr\/vino-finca-margarita\/"]}]},{"@type":"ImageObject","inLanguage":"fr-FR","@id":"https:\/\/www.melquiadesrodriguez.com\/fr\/vino-finca-margarita\/#primaryimage","url":"http:\/\/www.melquiadesrodriguez.com\/wp-content\/uploads\/2017\/05\/Cartel_Vino.jpg","contentUrl":"http:\/\/www.melquiadesrodriguez.com\/wp-content\/uploads\/2017\/05\/Cartel_Vino.jpg"},{"@type":"BreadcrumbList","@id":"https:\/\/www.melquiadesrodriguez.com\/fr\/vino-finca-margarita\/#breadcrumb","itemListElement":[{"@type":"ListItem","position":1,"name":"Portada","item":"https:\/\/www.melquiadesrodriguez.com\/fr\/"},{"@type":"ListItem","position":2,"name":"Vino Finca Margarita"}]},{"@type":"WebSite","@id":"https:\/\/www.melquiadesrodriguez.com\/fr\/#website","url":"https:\/\/www.melquiadesrodriguez.com\/fr\/","name":"Melquiades Rodr\u00edguez","description":"Jamones y Embutidos","potentialAction":[{"@type":"SearchAction","target":{"@type":"EntryPoint","urlTemplate":"https:\/\/www.melquiadesrodriguez.com\/fr\/?s={search_term_string}"},"query-input":{"@type":"PropertyValueSpecification","valueRequired":true,"valueName":"search_term_string"}}],"inLanguage":"fr-FR"}]}},"_links":{"self":[{"href":"https:\/\/www.melquiadesrodriguez.com\/fr\/wp-json\/wp\/v2\/pages\/2813","targetHints":{"allow":["GET"]}}],"collection":[{"href":"https:\/\/www.melquiadesrodriguez.com\/fr\/wp-json\/wp\/v2\/pages"}],"about":[{"href":"https:\/\/www.melquiadesrodriguez.com\/fr\/wp-json\/wp\/v2\/types\/page"}],"author":[{"embeddable":true,"href":"https:\/\/www.melquiadesrodriguez.com\/fr\/wp-json\/wp\/v2\/users\/1"}],"replies":[{"embeddable":true,"href":"https:\/\/www.melquiadesrodriguez.com\/fr\/wp-json\/wp\/v2\/comments?post=2813"}],"version-history":[{"count":0,"href":"https:\/\/www.melquiadesrodriguez.com\/fr\/wp-json\/wp\/v2\/pages\/2813\/revisions"}],"wp:attachment":[{"href":"https:\/\/www.melquiadesrodriguez.com\/fr\/wp-json\/wp\/v2\/media?parent=2813"}],"curies":[{"name":"wp","href":"https:\/\/api.w.org\/{rel}","templated":true}]}}