{"id":1638,"date":"2016-02-01T12:03:37","date_gmt":"2016-02-01T10:03:37","guid":{"rendered":"http:\/\/melquiades.questiondeimagen.com\/fr\/?post_type=product&#038;p=1638"},"modified":"2020-09-14T14:47:13","modified_gmt":"2020-09-14T12:47:13","slug":"jambon-iberique-de-porc-nourrit-au-gland","status":"publish","type":"product","link":"https:\/\/www.melquiadesrodriguez.com\/fr\/producto\/jambon-iberique-de-porc-nourrit-au-gland\/","title":{"rendered":"Jambon Ib\u00e9rique de porc nourrit au Gland"},"content":{"rendered":"<p>Jambon Ib\u00e9rique de porc nourrit au gland de 36 mois de soin certifi\u00e9 par Certicar pour la Norme de Qualit\u00e9 du porc ib\u00e9rique pr\u00e9sent\u00e9s entiers avec les pates. Poids approximatif de 8,5 &#8211; 9 kg.<\/p>\n<p>Pr\u00e9sentation: une pi\u00e8ce avec une housse et emball\u00e9 dans une bo\u00eete-valise en carton.<\/p>\n","protected":false},"excerpt":{"rendered":"<p>Jambon Ib&eacute;rique de porc nourrit au gland de 36 mois de soin certifi&eacute; par Certicar pour la Norme de Qualit&eacute; du porc ib&eacute;rique pr&eacute;sent&eacute;s entiers avec les pates. Poids approximatif de 8,5 &#8211; 9 kg.<\/p>\n<p><em>*Prix &agrave; l&#8217;unit&eacute;.<\/em><\/p>\n","protected":false},"featured_media":8274,"comment_status":"open","ping_status":"closed","template":"","meta":[],"product_brand":[],"product_cat":[103],"product_tag":[290,127],"class_list":{"0":"post-1638","1":"product","2":"type-product","3":"status-publish","4":"has-post-thumbnail","6":"product_cat-jambons-et-palettes","7":"product_tag-jambon-fr","8":"product_tag-jambon-iberique","10":"first","11":"instock","12":"featured","13":"taxable","14":"shipping-taxable","15":"purchasable","16":"product-type-variable"},"yoast_head":"<!-- This site is optimized with the Yoast SEO plugin v27.3 - https:\/\/yoast.com\/product\/yoast-seo-wordpress\/ -->\n<title>Jambon Ib\u00e9rique de porc nourrit au Gland<\/title>\n<meta name=\"description\" content=\"Jambon Ib&eacute;rique de porc nourrit au gland de 36 mois de soin certifi&eacute; par Certicar pour la Norme de Qualit&eacute; du porc ib&eacute;rique pr&eacute;sent&eacute;s entiers avec les pates.\" \/>\n<meta name=\"robots\" content=\"index, follow, max-snippet:-1, max-image-preview:large, max-video-preview:-1\" \/>\n<link rel=\"canonical\" href=\"https:\/\/www.melquiadesrodriguez.com\/fr\/producto\/jambon-iberique-de-porc-nourrit-au-gland\/\" \/>\n<meta property=\"og:locale\" content=\"fr_FR\" \/>\n<meta property=\"og:type\" content=\"article\" \/>\n<meta property=\"og:title\" content=\"Jambon Ib\u00e9rique de porc nourrit au Gland\" \/>\n<meta property=\"og:description\" content=\"Jambon Ib&eacute;rique de porc nourrit au gland de 36 mois de soin certifi&eacute; par Certicar pour la Norme de Qualit&eacute; du porc ib&eacute;rique pr&eacute;sent&eacute;s entiers avec les pates.\" \/>\n<meta property=\"og:url\" content=\"https:\/\/www.melquiadesrodriguez.com\/fr\/producto\/jambon-iberique-de-porc-nourrit-au-gland\/\" \/>\n<meta property=\"og:site_name\" content=\"Melquiades Rodr\u00edguez\" \/>\n<meta property=\"article:publisher\" content=\"https:\/\/www.facebook.com\/Jamones-Melquiades-1517726898557586\/?fref=ts\" \/>\n<meta property=\"article:modified_time\" content=\"2020-09-14T12:47:13+00:00\" \/>\n<meta property=\"og:image\" content=\"https:\/\/www.melquiadesrodriguez.com\/wp-content\/uploads\/2016\/02\/jamon_bellota_iberico_50xcien_raza_iberica.jpg\" \/>\n\t<meta property=\"og:image:width\" content=\"600\" \/>\n\t<meta property=\"og:image:height\" content=\"800\" \/>\n\t<meta property=\"og:image:type\" content=\"image\/jpeg\" \/>\n<meta name=\"twitter:card\" content=\"summary_large_image\" \/>\n<meta name=\"twitter:site\" content=\"@JamonMelquiades\" \/>\n<script type=\"application\/ld+json\" class=\"yoast-schema-graph\">{\"@context\":\"https:\\\/\\\/schema.org\",\"@graph\":[{\"@type\":\"WebPage\",\"@id\":\"https:\\\/\\\/www.melquiadesrodriguez.com\\\/fr\\\/producto\\\/jambon-iberique-de-porc-nourrit-au-gland\\\/\",\"url\":\"https:\\\/\\\/www.melquiadesrodriguez.com\\\/fr\\\/producto\\\/jambon-iberique-de-porc-nourrit-au-gland\\\/\",\"name\":\"Jambon Ib\u00e9rique de porc nourrit au Gland\",\"isPartOf\":{\"@id\":\"https:\\\/\\\/www.melquiadesrodriguez.com\\\/fr\\\/#website\"},\"primaryImageOfPage\":{\"@id\":\"https:\\\/\\\/www.melquiadesrodriguez.com\\\/fr\\\/producto\\\/jambon-iberique-de-porc-nourrit-au-gland\\\/#primaryimage\"},\"image\":{\"@id\":\"https:\\\/\\\/www.melquiadesrodriguez.com\\\/fr\\\/producto\\\/jambon-iberique-de-porc-nourrit-au-gland\\\/#primaryimage\"},\"thumbnailUrl\":\"https:\\\/\\\/www.melquiadesrodriguez.com\\\/wp-content\\\/uploads\\\/2016\\\/02\\\/jamon_bellota_iberico_50xcien_raza_iberica.jpg\",\"datePublished\":\"2016-02-01T10:03:37+00:00\",\"dateModified\":\"2020-09-14T12:47:13+00:00\",\"description\":\"Jambon Ib&eacute;rique de porc nourrit au gland de 36 mois de soin certifi&eacute; par Certicar pour la Norme de Qualit&eacute; du porc ib&eacute;rique pr&eacute;sent&eacute;s entiers avec les pates.\",\"breadcrumb\":{\"@id\":\"https:\\\/\\\/www.melquiadesrodriguez.com\\\/fr\\\/producto\\\/jambon-iberique-de-porc-nourrit-au-gland\\\/#breadcrumb\"},\"inLanguage\":\"fr-FR\",\"potentialAction\":[{\"@type\":\"ReadAction\",\"target\":[\"https:\\\/\\\/www.melquiadesrodriguez.com\\\/fr\\\/producto\\\/jambon-iberique-de-porc-nourrit-au-gland\\\/\"]}]},{\"@type\":\"ImageObject\",\"inLanguage\":\"fr-FR\",\"@id\":\"https:\\\/\\\/www.melquiadesrodriguez.com\\\/fr\\\/producto\\\/jambon-iberique-de-porc-nourrit-au-gland\\\/#primaryimage\",\"url\":\"https:\\\/\\\/www.melquiadesrodriguez.com\\\/wp-content\\\/uploads\\\/2016\\\/02\\\/jamon_bellota_iberico_50xcien_raza_iberica.jpg\",\"contentUrl\":\"https:\\\/\\\/www.melquiadesrodriguez.com\\\/wp-content\\\/uploads\\\/2016\\\/02\\\/jamon_bellota_iberico_50xcien_raza_iberica.jpg\",\"width\":600,\"height\":800,\"caption\":\"Jam\u00f3n Ib\u00e9rico de Bellota\"},{\"@type\":\"BreadcrumbList\",\"@id\":\"https:\\\/\\\/www.melquiadesrodriguez.com\\\/fr\\\/producto\\\/jambon-iberique-de-porc-nourrit-au-gland\\\/#breadcrumb\",\"itemListElement\":[{\"@type\":\"ListItem\",\"position\":1,\"name\":\"Portada\",\"item\":\"https:\\\/\\\/www.melquiadesrodriguez.com\\\/fr\\\/\"},{\"@type\":\"ListItem\",\"position\":2,\"name\":\"Produits\",\"item\":\"https:\\\/\\\/www.melquiadesrodriguez.com\\\/fr\\\/produits\\\/\"},{\"@type\":\"ListItem\",\"position\":3,\"name\":\"Jambon Ib\u00e9rique de porc nourrit au Gland\"}]},{\"@type\":\"WebSite\",\"@id\":\"https:\\\/\\\/www.melquiadesrodriguez.com\\\/fr\\\/#website\",\"url\":\"https:\\\/\\\/www.melquiadesrodriguez.com\\\/fr\\\/\",\"name\":\"Melquiades Rodr\u00edguez\",\"description\":\"Jamones y Embutidos\",\"potentialAction\":[{\"@type\":\"SearchAction\",\"target\":{\"@type\":\"EntryPoint\",\"urlTemplate\":\"https:\\\/\\\/www.melquiadesrodriguez.com\\\/fr\\\/?s={search_term_string}\"},\"query-input\":{\"@type\":\"PropertyValueSpecification\",\"valueRequired\":true,\"valueName\":\"search_term_string\"}}],\"inLanguage\":\"fr-FR\"}]}<\/script>\n<!-- \/ Yoast SEO plugin. -->","yoast_head_json":{"title":"Jambon Ib\u00e9rique de porc nourrit au Gland","description":"Jambon Ib&eacute;rique de porc nourrit au gland de 36 mois de soin certifi&eacute; par Certicar pour la Norme de Qualit&eacute; du porc ib&eacute;rique pr&eacute;sent&eacute;s entiers avec les pates.","robots":{"index":"index","follow":"follow","max-snippet":"max-snippet:-1","max-image-preview":"max-image-preview:large","max-video-preview":"max-video-preview:-1"},"canonical":"https:\/\/www.melquiadesrodriguez.com\/fr\/producto\/jambon-iberique-de-porc-nourrit-au-gland\/","og_locale":"fr_FR","og_type":"article","og_title":"Jambon Ib\u00e9rique de porc nourrit au Gland","og_description":"Jambon Ib&eacute;rique de porc nourrit au gland de 36 mois de soin certifi&eacute; par Certicar pour la Norme de Qualit&eacute; du porc ib&eacute;rique pr&eacute;sent&eacute;s entiers avec les pates.","og_url":"https:\/\/www.melquiadesrodriguez.com\/fr\/producto\/jambon-iberique-de-porc-nourrit-au-gland\/","og_site_name":"Melquiades Rodr\u00edguez","article_publisher":"https:\/\/www.facebook.com\/Jamones-Melquiades-1517726898557586\/?fref=ts","article_modified_time":"2020-09-14T12:47:13+00:00","og_image":[{"width":600,"height":800,"url":"https:\/\/www.melquiadesrodriguez.com\/wp-content\/uploads\/2016\/02\/jamon_bellota_iberico_50xcien_raza_iberica.jpg","type":"image\/jpeg"}],"twitter_card":"summary_large_image","twitter_site":"@JamonMelquiades","schema":{"@context":"https:\/\/schema.org","@graph":[{"@type":"WebPage","@id":"https:\/\/www.melquiadesrodriguez.com\/fr\/producto\/jambon-iberique-de-porc-nourrit-au-gland\/","url":"https:\/\/www.melquiadesrodriguez.com\/fr\/producto\/jambon-iberique-de-porc-nourrit-au-gland\/","name":"Jambon Ib\u00e9rique de porc nourrit au Gland","isPartOf":{"@id":"https:\/\/www.melquiadesrodriguez.com\/fr\/#website"},"primaryImageOfPage":{"@id":"https:\/\/www.melquiadesrodriguez.com\/fr\/producto\/jambon-iberique-de-porc-nourrit-au-gland\/#primaryimage"},"image":{"@id":"https:\/\/www.melquiadesrodriguez.com\/fr\/producto\/jambon-iberique-de-porc-nourrit-au-gland\/#primaryimage"},"thumbnailUrl":"https:\/\/www.melquiadesrodriguez.com\/wp-content\/uploads\/2016\/02\/jamon_bellota_iberico_50xcien_raza_iberica.jpg","datePublished":"2016-02-01T10:03:37+00:00","dateModified":"2020-09-14T12:47:13+00:00","description":"Jambon Ib&eacute;rique de porc nourrit au gland de 36 mois de soin certifi&eacute; par Certicar pour la Norme de Qualit&eacute; du porc ib&eacute;rique pr&eacute;sent&eacute;s entiers avec les pates.","breadcrumb":{"@id":"https:\/\/www.melquiadesrodriguez.com\/fr\/producto\/jambon-iberique-de-porc-nourrit-au-gland\/#breadcrumb"},"inLanguage":"fr-FR","potentialAction":[{"@type":"ReadAction","target":["https:\/\/www.melquiadesrodriguez.com\/fr\/producto\/jambon-iberique-de-porc-nourrit-au-gland\/"]}]},{"@type":"ImageObject","inLanguage":"fr-FR","@id":"https:\/\/www.melquiadesrodriguez.com\/fr\/producto\/jambon-iberique-de-porc-nourrit-au-gland\/#primaryimage","url":"https:\/\/www.melquiadesrodriguez.com\/wp-content\/uploads\/2016\/02\/jamon_bellota_iberico_50xcien_raza_iberica.jpg","contentUrl":"https:\/\/www.melquiadesrodriguez.com\/wp-content\/uploads\/2016\/02\/jamon_bellota_iberico_50xcien_raza_iberica.jpg","width":600,"height":800,"caption":"Jam\u00f3n Ib\u00e9rico de Bellota"},{"@type":"BreadcrumbList","@id":"https:\/\/www.melquiadesrodriguez.com\/fr\/producto\/jambon-iberique-de-porc-nourrit-au-gland\/#breadcrumb","itemListElement":[{"@type":"ListItem","position":1,"name":"Portada","item":"https:\/\/www.melquiadesrodriguez.com\/fr\/"},{"@type":"ListItem","position":2,"name":"Produits","item":"https:\/\/www.melquiadesrodriguez.com\/fr\/produits\/"},{"@type":"ListItem","position":3,"name":"Jambon Ib\u00e9rique de porc nourrit au Gland"}]},{"@type":"WebSite","@id":"https:\/\/www.melquiadesrodriguez.com\/fr\/#website","url":"https:\/\/www.melquiadesrodriguez.com\/fr\/","name":"Melquiades Rodr\u00edguez","description":"Jamones y Embutidos","potentialAction":[{"@type":"SearchAction","target":{"@type":"EntryPoint","urlTemplate":"https:\/\/www.melquiadesrodriguez.com\/fr\/?s={search_term_string}"},"query-input":{"@type":"PropertyValueSpecification","valueRequired":true,"valueName":"search_term_string"}}],"inLanguage":"fr-FR"}]}},"_links":{"self":[{"href":"https:\/\/www.melquiadesrodriguez.com\/fr\/wp-json\/wp\/v2\/product\/1638","targetHints":{"allow":["GET"]}}],"collection":[{"href":"https:\/\/www.melquiadesrodriguez.com\/fr\/wp-json\/wp\/v2\/product"}],"about":[{"href":"https:\/\/www.melquiadesrodriguez.com\/fr\/wp-json\/wp\/v2\/types\/product"}],"replies":[{"embeddable":true,"href":"https:\/\/www.melquiadesrodriguez.com\/fr\/wp-json\/wp\/v2\/comments?post=1638"}],"wp:featuredmedia":[{"embeddable":true,"href":"https:\/\/www.melquiadesrodriguez.com\/fr\/wp-json\/wp\/v2\/media\/8274"}],"wp:attachment":[{"href":"https:\/\/www.melquiadesrodriguez.com\/fr\/wp-json\/wp\/v2\/media?parent=1638"}],"wp:term":[{"taxonomy":"product_brand","embeddable":true,"href":"https:\/\/www.melquiadesrodriguez.com\/fr\/wp-json\/wp\/v2\/product_brand?post=1638"},{"taxonomy":"product_cat","embeddable":true,"href":"https:\/\/www.melquiadesrodriguez.com\/fr\/wp-json\/wp\/v2\/product_cat?post=1638"},{"taxonomy":"product_tag","embeddable":true,"href":"https:\/\/www.melquiadesrodriguez.com\/fr\/wp-json\/wp\/v2\/product_tag?post=1638"}],"curies":[{"name":"wp","href":"https:\/\/api.w.org\/{rel}","templated":true}]}}