{"id":1648,"date":"2016-02-02T11:02:48","date_gmt":"2016-02-02T09:02:48","guid":{"rendered":"http:\/\/melquiades.questiondeimagen.com\/product\/jambon-iberique-de-porc-nourrit-au-gland-desosse\/"},"modified":"2020-04-28T13:06:26","modified_gmt":"2020-04-28T11:06:26","slug":"jambon-iberique-de-porc-nourrit-au-gland-desosse","status":"publish","type":"product","link":"https:\/\/www.melquiadesrodriguez.com\/fr\/producto\/jambon-iberique-de-porc-nourrit-au-gland-desosse\/","title":{"rendered":"Jambon Ib\u00e9rique de porc nourrit au Gland D\u00e9soss\u00e9"},"content":{"rendered":"<p>Produit d\u00e9soss\u00e9, sans lard ni couenne et emball\u00e9 sous vide. Poids approximtatif 5.500 kg Jambon 100%.<\/p>\n","protected":false},"excerpt":{"rendered":"<p>Produit d\u00e9soss\u00e9, sans lard ni couenne et emball\u00e9 sous vide. Poids approximtatif 5.500 kg Jambon 100%.<\/p>\n<p><em>*Prix \u00e0 l&#8217;unit\u00e9.<\/em><\/p>\n","protected":false},"featured_media":1650,"comment_status":"open","ping_status":"closed","template":"","meta":[],"product_brand":[],"product_cat":[103],"product_tag":[127],"class_list":{"0":"post-1648","1":"product","2":"type-product","3":"status-publish","4":"has-post-thumbnail","6":"product_cat-jambons-et-palettes","7":"product_tag-jambon-iberique","9":"first","10":"instock","11":"taxable","12":"shipping-taxable","13":"product-type-variable"},"yoast_head":"<!-- This site is optimized with the Yoast SEO plugin v27.3 - https:\/\/yoast.com\/product\/yoast-seo-wordpress\/ -->\n<title>Jambon Ib\u00e9rique de porc nourrit au Gland D\u00e9soss\u00e9 - Melquiades Rodr\u00edguez<\/title>\n<meta name=\"robots\" content=\"index, follow, max-snippet:-1, max-image-preview:large, max-video-preview:-1\" \/>\n<link rel=\"canonical\" href=\"https:\/\/www.melquiadesrodriguez.com\/fr\/producto\/jambon-iberique-de-porc-nourrit-au-gland-desosse\/\" \/>\n<meta property=\"og:locale\" content=\"fr_FR\" \/>\n<meta property=\"og:type\" content=\"article\" \/>\n<meta property=\"og:title\" content=\"Jambon Ib\u00e9rique de porc nourrit au Gland D\u00e9soss\u00e9 - Melquiades Rodr\u00edguez\" \/>\n<meta property=\"og:description\" content=\"Produit d\u00e9soss\u00e9, sans lard ni couenne et emball\u00e9 sous vide. Poids approximtatif 5.500 kg Jambon 100%.  *Prix \u00e0 l&#039;unit\u00e9.\" \/>\n<meta property=\"og:url\" content=\"https:\/\/www.melquiadesrodriguez.com\/fr\/producto\/jambon-iberique-de-porc-nourrit-au-gland-desosse\/\" \/>\n<meta property=\"og:site_name\" content=\"Melquiades Rodr\u00edguez\" \/>\n<meta property=\"article:publisher\" content=\"https:\/\/www.facebook.com\/Jamones-Melquiades-1517726898557586\/?fref=ts\" \/>\n<meta property=\"article:modified_time\" content=\"2020-04-28T11:06:26+00:00\" \/>\n<meta property=\"og:image\" content=\"https:\/\/www.melquiadesrodriguez.com\/wp-content\/uploads\/2016\/02\/Jamon_Iberico_Bellota_Deshuesado-1.jpg\" \/>\n\t<meta property=\"og:image:width\" content=\"594\" \/>\n\t<meta property=\"og:image:height\" content=\"425\" \/>\n\t<meta property=\"og:image:type\" content=\"image\/jpeg\" \/>\n<meta name=\"twitter:card\" content=\"summary_large_image\" \/>\n<meta name=\"twitter:site\" content=\"@JamonMelquiades\" \/>\n<script type=\"application\/ld+json\" class=\"yoast-schema-graph\">{\"@context\":\"https:\\\/\\\/schema.org\",\"@graph\":[{\"@type\":\"WebPage\",\"@id\":\"https:\\\/\\\/www.melquiadesrodriguez.com\\\/fr\\\/producto\\\/jambon-iberique-de-porc-nourrit-au-gland-desosse\\\/\",\"url\":\"https:\\\/\\\/www.melquiadesrodriguez.com\\\/fr\\\/producto\\\/jambon-iberique-de-porc-nourrit-au-gland-desosse\\\/\",\"name\":\"Jambon Ib\u00e9rique de porc nourrit au Gland D\u00e9soss\u00e9 - Melquiades Rodr\u00edguez\",\"isPartOf\":{\"@id\":\"https:\\\/\\\/www.melquiadesrodriguez.com\\\/fr\\\/#website\"},\"primaryImageOfPage\":{\"@id\":\"https:\\\/\\\/www.melquiadesrodriguez.com\\\/fr\\\/producto\\\/jambon-iberique-de-porc-nourrit-au-gland-desosse\\\/#primaryimage\"},\"image\":{\"@id\":\"https:\\\/\\\/www.melquiadesrodriguez.com\\\/fr\\\/producto\\\/jambon-iberique-de-porc-nourrit-au-gland-desosse\\\/#primaryimage\"},\"thumbnailUrl\":\"https:\\\/\\\/www.melquiadesrodriguez.com\\\/wp-content\\\/uploads\\\/2016\\\/02\\\/Jamon_Iberico_Bellota_Deshuesado-1.jpg\",\"datePublished\":\"2016-02-02T09:02:48+00:00\",\"dateModified\":\"2020-04-28T11:06:26+00:00\",\"breadcrumb\":{\"@id\":\"https:\\\/\\\/www.melquiadesrodriguez.com\\\/fr\\\/producto\\\/jambon-iberique-de-porc-nourrit-au-gland-desosse\\\/#breadcrumb\"},\"inLanguage\":\"fr-FR\",\"potentialAction\":[{\"@type\":\"ReadAction\",\"target\":[\"https:\\\/\\\/www.melquiadesrodriguez.com\\\/fr\\\/producto\\\/jambon-iberique-de-porc-nourrit-au-gland-desosse\\\/\"]}]},{\"@type\":\"ImageObject\",\"inLanguage\":\"fr-FR\",\"@id\":\"https:\\\/\\\/www.melquiadesrodriguez.com\\\/fr\\\/producto\\\/jambon-iberique-de-porc-nourrit-au-gland-desosse\\\/#primaryimage\",\"url\":\"https:\\\/\\\/www.melquiadesrodriguez.com\\\/wp-content\\\/uploads\\\/2016\\\/02\\\/Jamon_Iberico_Bellota_Deshuesado-1.jpg\",\"contentUrl\":\"https:\\\/\\\/www.melquiadesrodriguez.com\\\/wp-content\\\/uploads\\\/2016\\\/02\\\/Jamon_Iberico_Bellota_Deshuesado-1.jpg\",\"width\":594,\"height\":425,\"caption\":\"Jambon Ib\u00e9rique de porc nourrit au Gland D\u00e9soss\u00e9\"},{\"@type\":\"BreadcrumbList\",\"@id\":\"https:\\\/\\\/www.melquiadesrodriguez.com\\\/fr\\\/producto\\\/jambon-iberique-de-porc-nourrit-au-gland-desosse\\\/#breadcrumb\",\"itemListElement\":[{\"@type\":\"ListItem\",\"position\":1,\"name\":\"Portada\",\"item\":\"https:\\\/\\\/www.melquiadesrodriguez.com\\\/fr\\\/\"},{\"@type\":\"ListItem\",\"position\":2,\"name\":\"Produits\",\"item\":\"https:\\\/\\\/www.melquiadesrodriguez.com\\\/fr\\\/produits\\\/\"},{\"@type\":\"ListItem\",\"position\":3,\"name\":\"Jambon Ib\u00e9rique de porc nourrit au Gland D\u00e9soss\u00e9\"}]},{\"@type\":\"WebSite\",\"@id\":\"https:\\\/\\\/www.melquiadesrodriguez.com\\\/fr\\\/#website\",\"url\":\"https:\\\/\\\/www.melquiadesrodriguez.com\\\/fr\\\/\",\"name\":\"Melquiades Rodr\u00edguez\",\"description\":\"Jamones y Embutidos\",\"potentialAction\":[{\"@type\":\"SearchAction\",\"target\":{\"@type\":\"EntryPoint\",\"urlTemplate\":\"https:\\\/\\\/www.melquiadesrodriguez.com\\\/fr\\\/?s={search_term_string}\"},\"query-input\":{\"@type\":\"PropertyValueSpecification\",\"valueRequired\":true,\"valueName\":\"search_term_string\"}}],\"inLanguage\":\"fr-FR\"}]}<\/script>\n<!-- \/ Yoast SEO plugin. -->","yoast_head_json":{"title":"Jambon Ib\u00e9rique de porc nourrit au Gland D\u00e9soss\u00e9 - Melquiades Rodr\u00edguez","robots":{"index":"index","follow":"follow","max-snippet":"max-snippet:-1","max-image-preview":"max-image-preview:large","max-video-preview":"max-video-preview:-1"},"canonical":"https:\/\/www.melquiadesrodriguez.com\/fr\/producto\/jambon-iberique-de-porc-nourrit-au-gland-desosse\/","og_locale":"fr_FR","og_type":"article","og_title":"Jambon Ib\u00e9rique de porc nourrit au Gland D\u00e9soss\u00e9 - Melquiades Rodr\u00edguez","og_description":"Produit d\u00e9soss\u00e9, sans lard ni couenne et emball\u00e9 sous vide. Poids approximtatif 5.500 kg Jambon 100%.  *Prix \u00e0 l'unit\u00e9.","og_url":"https:\/\/www.melquiadesrodriguez.com\/fr\/producto\/jambon-iberique-de-porc-nourrit-au-gland-desosse\/","og_site_name":"Melquiades Rodr\u00edguez","article_publisher":"https:\/\/www.facebook.com\/Jamones-Melquiades-1517726898557586\/?fref=ts","article_modified_time":"2020-04-28T11:06:26+00:00","og_image":[{"width":594,"height":425,"url":"https:\/\/www.melquiadesrodriguez.com\/wp-content\/uploads\/2016\/02\/Jamon_Iberico_Bellota_Deshuesado-1.jpg","type":"image\/jpeg"}],"twitter_card":"summary_large_image","twitter_site":"@JamonMelquiades","schema":{"@context":"https:\/\/schema.org","@graph":[{"@type":"WebPage","@id":"https:\/\/www.melquiadesrodriguez.com\/fr\/producto\/jambon-iberique-de-porc-nourrit-au-gland-desosse\/","url":"https:\/\/www.melquiadesrodriguez.com\/fr\/producto\/jambon-iberique-de-porc-nourrit-au-gland-desosse\/","name":"Jambon Ib\u00e9rique de porc nourrit au Gland D\u00e9soss\u00e9 - Melquiades Rodr\u00edguez","isPartOf":{"@id":"https:\/\/www.melquiadesrodriguez.com\/fr\/#website"},"primaryImageOfPage":{"@id":"https:\/\/www.melquiadesrodriguez.com\/fr\/producto\/jambon-iberique-de-porc-nourrit-au-gland-desosse\/#primaryimage"},"image":{"@id":"https:\/\/www.melquiadesrodriguez.com\/fr\/producto\/jambon-iberique-de-porc-nourrit-au-gland-desosse\/#primaryimage"},"thumbnailUrl":"https:\/\/www.melquiadesrodriguez.com\/wp-content\/uploads\/2016\/02\/Jamon_Iberico_Bellota_Deshuesado-1.jpg","datePublished":"2016-02-02T09:02:48+00:00","dateModified":"2020-04-28T11:06:26+00:00","breadcrumb":{"@id":"https:\/\/www.melquiadesrodriguez.com\/fr\/producto\/jambon-iberique-de-porc-nourrit-au-gland-desosse\/#breadcrumb"},"inLanguage":"fr-FR","potentialAction":[{"@type":"ReadAction","target":["https:\/\/www.melquiadesrodriguez.com\/fr\/producto\/jambon-iberique-de-porc-nourrit-au-gland-desosse\/"]}]},{"@type":"ImageObject","inLanguage":"fr-FR","@id":"https:\/\/www.melquiadesrodriguez.com\/fr\/producto\/jambon-iberique-de-porc-nourrit-au-gland-desosse\/#primaryimage","url":"https:\/\/www.melquiadesrodriguez.com\/wp-content\/uploads\/2016\/02\/Jamon_Iberico_Bellota_Deshuesado-1.jpg","contentUrl":"https:\/\/www.melquiadesrodriguez.com\/wp-content\/uploads\/2016\/02\/Jamon_Iberico_Bellota_Deshuesado-1.jpg","width":594,"height":425,"caption":"Jambon Ib\u00e9rique de porc nourrit au Gland D\u00e9soss\u00e9"},{"@type":"BreadcrumbList","@id":"https:\/\/www.melquiadesrodriguez.com\/fr\/producto\/jambon-iberique-de-porc-nourrit-au-gland-desosse\/#breadcrumb","itemListElement":[{"@type":"ListItem","position":1,"name":"Portada","item":"https:\/\/www.melquiadesrodriguez.com\/fr\/"},{"@type":"ListItem","position":2,"name":"Produits","item":"https:\/\/www.melquiadesrodriguez.com\/fr\/produits\/"},{"@type":"ListItem","position":3,"name":"Jambon Ib\u00e9rique de porc nourrit au Gland D\u00e9soss\u00e9"}]},{"@type":"WebSite","@id":"https:\/\/www.melquiadesrodriguez.com\/fr\/#website","url":"https:\/\/www.melquiadesrodriguez.com\/fr\/","name":"Melquiades Rodr\u00edguez","description":"Jamones y Embutidos","potentialAction":[{"@type":"SearchAction","target":{"@type":"EntryPoint","urlTemplate":"https:\/\/www.melquiadesrodriguez.com\/fr\/?s={search_term_string}"},"query-input":{"@type":"PropertyValueSpecification","valueRequired":true,"valueName":"search_term_string"}}],"inLanguage":"fr-FR"}]}},"_links":{"self":[{"href":"https:\/\/www.melquiadesrodriguez.com\/fr\/wp-json\/wp\/v2\/product\/1648","targetHints":{"allow":["GET"]}}],"collection":[{"href":"https:\/\/www.melquiadesrodriguez.com\/fr\/wp-json\/wp\/v2\/product"}],"about":[{"href":"https:\/\/www.melquiadesrodriguez.com\/fr\/wp-json\/wp\/v2\/types\/product"}],"replies":[{"embeddable":true,"href":"https:\/\/www.melquiadesrodriguez.com\/fr\/wp-json\/wp\/v2\/comments?post=1648"}],"wp:featuredmedia":[{"embeddable":true,"href":"https:\/\/www.melquiadesrodriguez.com\/fr\/wp-json\/wp\/v2\/media\/1650"}],"wp:attachment":[{"href":"https:\/\/www.melquiadesrodriguez.com\/fr\/wp-json\/wp\/v2\/media?parent=1648"}],"wp:term":[{"taxonomy":"product_brand","embeddable":true,"href":"https:\/\/www.melquiadesrodriguez.com\/fr\/wp-json\/wp\/v2\/product_brand?post=1648"},{"taxonomy":"product_cat","embeddable":true,"href":"https:\/\/www.melquiadesrodriguez.com\/fr\/wp-json\/wp\/v2\/product_cat?post=1648"},{"taxonomy":"product_tag","embeddable":true,"href":"https:\/\/www.melquiadesrodriguez.com\/fr\/wp-json\/wp\/v2\/product_tag?post=1648"}],"curies":[{"name":"wp","href":"https:\/\/api.w.org\/{rel}","templated":true}]}}