{"id":1663,"date":"2016-02-24T19:56:19","date_gmt":"2016-02-24T17:56:19","guid":{"rendered":"http:\/\/melquiades.questiondeimagen.com\/product\/jambon-iberique-de-porc-nourrit-au-fourrage-et-au-gland\/"},"modified":"2020-09-14T12:58:18","modified_gmt":"2020-09-14T10:58:18","slug":"jambon-iberique-de-porc-nourrit-au-fourrage-et-au-gland","status":"publish","type":"product","link":"https:\/\/www.melquiadesrodriguez.com\/fr\/producto\/jambon-iberique-de-porc-nourrit-au-fourrage-et-au-gland\/","title":{"rendered":"Jambon Ib\u00e9rique de porc nourrit au fourrage et au gland"},"content":{"rendered":"<p>Jambon Ib\u00e9rique de 24 mois de sois certifi\u00e9 par Certicar pour la Norme de Qualit\u00e9 de porc ib\u00e9rique pr\u00e9sent\u00e9s entiers avec les pattes. Poids aproximatif 7 &#8211; 7,500 kg.<\/p>\n<p>Pr\u00e9sentation: une pi\u00e8ce avec une housse et emball\u00e9e dans une bo\u00eete-valise en carton.<\/p>\n","protected":false},"excerpt":{"rendered":"<p>Jambon Ib\u00e9rique de 24 mois de sois certifi\u00e9 par Certicar pour la Norme de Qualit\u00e9 de porc ib\u00e9rique pr\u00e9sent\u00e9s entiers avec les pattes. Poids aproximatif 7 &#8211; 7,500 kg.<\/p>\n<p><em>*Prix \u00e0 l&#8217;unit\u00e9.<\/em><\/p>\n","protected":false},"featured_media":5041,"comment_status":"open","ping_status":"closed","template":"","meta":[],"product_brand":[],"product_cat":[103],"product_tag":[290,126],"class_list":{"0":"post-1663","1":"product","2":"type-product","3":"status-publish","4":"has-post-thumbnail","6":"product_cat-jambons-et-palettes","7":"product_tag-jambon-fr","8":"product_tag-jambon-iberique-de-porc-nourrit-au-fourrage-et-au-gland","10":"first","11":"instock","12":"taxable","13":"shipping-taxable","14":"purchasable","15":"product-type-variable"},"yoast_head":"<!-- This site is optimized with the Yoast SEO plugin v27.3 - https:\/\/yoast.com\/product\/yoast-seo-wordpress\/ -->\n<title>Jambon Ib\u00e9rique de porc nourrit au fourrage et au gland<\/title>\n<meta name=\"description\" content=\"Jambon Ib\u00e9rique de 24 mois de sois certifi\u00e9 par Certicar pour la Norme de Qualit\u00e9 de porc ib\u00e9rique pr\u00e9sent\u00e9s entiers avec les pattes.\" \/>\n<meta name=\"robots\" content=\"index, follow, max-snippet:-1, max-image-preview:large, max-video-preview:-1\" \/>\n<link rel=\"canonical\" href=\"https:\/\/www.melquiadesrodriguez.com\/fr\/producto\/jambon-iberique-de-porc-nourrit-au-fourrage-et-au-gland\/\" \/>\n<meta property=\"og:locale\" content=\"fr_FR\" \/>\n<meta property=\"og:type\" content=\"article\" \/>\n<meta property=\"og:title\" content=\"Jambon Ib\u00e9rique de porc nourrit au fourrage et au gland\" \/>\n<meta property=\"og:description\" content=\"Jambon Ib\u00e9rique de 24 mois de sois certifi\u00e9 par Certicar pour la Norme de Qualit\u00e9 de porc ib\u00e9rique pr\u00e9sent\u00e9s entiers avec les pattes.\" \/>\n<meta property=\"og:url\" content=\"https:\/\/www.melquiadesrodriguez.com\/fr\/producto\/jambon-iberique-de-porc-nourrit-au-fourrage-et-au-gland\/\" \/>\n<meta property=\"og:site_name\" content=\"Melquiades Rodr\u00edguez\" \/>\n<meta property=\"article:publisher\" content=\"https:\/\/www.facebook.com\/Jamones-Melquiades-1517726898557586\/?fref=ts\" \/>\n<meta property=\"article:modified_time\" content=\"2020-09-14T10:58:18+00:00\" \/>\n<meta property=\"og:image\" content=\"https:\/\/www.melquiadesrodriguez.com\/wp-content\/uploads\/2016\/02\/jamon_cebo_iberico-1.jpg\" \/>\n\t<meta property=\"og:image:width\" content=\"600\" \/>\n\t<meta property=\"og:image:height\" content=\"800\" \/>\n\t<meta property=\"og:image:type\" content=\"image\/jpeg\" \/>\n<meta name=\"twitter:card\" content=\"summary_large_image\" \/>\n<meta name=\"twitter:site\" content=\"@JamonMelquiades\" \/>\n<script type=\"application\/ld+json\" class=\"yoast-schema-graph\">{\"@context\":\"https:\\\/\\\/schema.org\",\"@graph\":[{\"@type\":\"WebPage\",\"@id\":\"https:\\\/\\\/www.melquiadesrodriguez.com\\\/fr\\\/producto\\\/jambon-iberique-de-porc-nourrit-au-fourrage-et-au-gland\\\/\",\"url\":\"https:\\\/\\\/www.melquiadesrodriguez.com\\\/fr\\\/producto\\\/jambon-iberique-de-porc-nourrit-au-fourrage-et-au-gland\\\/\",\"name\":\"Jambon Ib\u00e9rique de porc nourrit au fourrage et au gland\",\"isPartOf\":{\"@id\":\"https:\\\/\\\/www.melquiadesrodriguez.com\\\/fr\\\/#website\"},\"primaryImageOfPage\":{\"@id\":\"https:\\\/\\\/www.melquiadesrodriguez.com\\\/fr\\\/producto\\\/jambon-iberique-de-porc-nourrit-au-fourrage-et-au-gland\\\/#primaryimage\"},\"image\":{\"@id\":\"https:\\\/\\\/www.melquiadesrodriguez.com\\\/fr\\\/producto\\\/jambon-iberique-de-porc-nourrit-au-fourrage-et-au-gland\\\/#primaryimage\"},\"thumbnailUrl\":\"https:\\\/\\\/www.melquiadesrodriguez.com\\\/wp-content\\\/uploads\\\/2016\\\/02\\\/jamon_cebo_iberico-1.jpg\",\"datePublished\":\"2016-02-24T17:56:19+00:00\",\"dateModified\":\"2020-09-14T10:58:18+00:00\",\"description\":\"Jambon Ib\u00e9rique de 24 mois de sois certifi\u00e9 par Certicar pour la Norme de Qualit\u00e9 de porc ib\u00e9rique pr\u00e9sent\u00e9s entiers avec les pattes.\",\"breadcrumb\":{\"@id\":\"https:\\\/\\\/www.melquiadesrodriguez.com\\\/fr\\\/producto\\\/jambon-iberique-de-porc-nourrit-au-fourrage-et-au-gland\\\/#breadcrumb\"},\"inLanguage\":\"fr-FR\",\"potentialAction\":[{\"@type\":\"ReadAction\",\"target\":[\"https:\\\/\\\/www.melquiadesrodriguez.com\\\/fr\\\/producto\\\/jambon-iberique-de-porc-nourrit-au-fourrage-et-au-gland\\\/\"]}]},{\"@type\":\"ImageObject\",\"inLanguage\":\"fr-FR\",\"@id\":\"https:\\\/\\\/www.melquiadesrodriguez.com\\\/fr\\\/producto\\\/jambon-iberique-de-porc-nourrit-au-fourrage-et-au-gland\\\/#primaryimage\",\"url\":\"https:\\\/\\\/www.melquiadesrodriguez.com\\\/wp-content\\\/uploads\\\/2016\\\/02\\\/jamon_cebo_iberico-1.jpg\",\"contentUrl\":\"https:\\\/\\\/www.melquiadesrodriguez.com\\\/wp-content\\\/uploads\\\/2016\\\/02\\\/jamon_cebo_iberico-1.jpg\",\"width\":600,\"height\":800,\"caption\":\"Jam\u00f3n de cebo ib\u00e9rico\"},{\"@type\":\"BreadcrumbList\",\"@id\":\"https:\\\/\\\/www.melquiadesrodriguez.com\\\/fr\\\/producto\\\/jambon-iberique-de-porc-nourrit-au-fourrage-et-au-gland\\\/#breadcrumb\",\"itemListElement\":[{\"@type\":\"ListItem\",\"position\":1,\"name\":\"Portada\",\"item\":\"https:\\\/\\\/www.melquiadesrodriguez.com\\\/fr\\\/\"},{\"@type\":\"ListItem\",\"position\":2,\"name\":\"Produits\",\"item\":\"https:\\\/\\\/www.melquiadesrodriguez.com\\\/fr\\\/produits\\\/\"},{\"@type\":\"ListItem\",\"position\":3,\"name\":\"Jambon Ib\u00e9rique de porc nourrit au fourrage et au gland\"}]},{\"@type\":\"WebSite\",\"@id\":\"https:\\\/\\\/www.melquiadesrodriguez.com\\\/fr\\\/#website\",\"url\":\"https:\\\/\\\/www.melquiadesrodriguez.com\\\/fr\\\/\",\"name\":\"Melquiades Rodr\u00edguez\",\"description\":\"Jamones y Embutidos\",\"potentialAction\":[{\"@type\":\"SearchAction\",\"target\":{\"@type\":\"EntryPoint\",\"urlTemplate\":\"https:\\\/\\\/www.melquiadesrodriguez.com\\\/fr\\\/?s={search_term_string}\"},\"query-input\":{\"@type\":\"PropertyValueSpecification\",\"valueRequired\":true,\"valueName\":\"search_term_string\"}}],\"inLanguage\":\"fr-FR\"}]}<\/script>\n<!-- \/ Yoast SEO plugin. -->","yoast_head_json":{"title":"Jambon Ib\u00e9rique de porc nourrit au fourrage et au gland","description":"Jambon Ib\u00e9rique de 24 mois de sois certifi\u00e9 par Certicar pour la Norme de Qualit\u00e9 de porc ib\u00e9rique pr\u00e9sent\u00e9s entiers avec les pattes.","robots":{"index":"index","follow":"follow","max-snippet":"max-snippet:-1","max-image-preview":"max-image-preview:large","max-video-preview":"max-video-preview:-1"},"canonical":"https:\/\/www.melquiadesrodriguez.com\/fr\/producto\/jambon-iberique-de-porc-nourrit-au-fourrage-et-au-gland\/","og_locale":"fr_FR","og_type":"article","og_title":"Jambon Ib\u00e9rique de porc nourrit au fourrage et au gland","og_description":"Jambon Ib\u00e9rique de 24 mois de sois certifi\u00e9 par Certicar pour la Norme de Qualit\u00e9 de porc ib\u00e9rique pr\u00e9sent\u00e9s entiers avec les pattes.","og_url":"https:\/\/www.melquiadesrodriguez.com\/fr\/producto\/jambon-iberique-de-porc-nourrit-au-fourrage-et-au-gland\/","og_site_name":"Melquiades Rodr\u00edguez","article_publisher":"https:\/\/www.facebook.com\/Jamones-Melquiades-1517726898557586\/?fref=ts","article_modified_time":"2020-09-14T10:58:18+00:00","og_image":[{"width":600,"height":800,"url":"https:\/\/www.melquiadesrodriguez.com\/wp-content\/uploads\/2016\/02\/jamon_cebo_iberico-1.jpg","type":"image\/jpeg"}],"twitter_card":"summary_large_image","twitter_site":"@JamonMelquiades","schema":{"@context":"https:\/\/schema.org","@graph":[{"@type":"WebPage","@id":"https:\/\/www.melquiadesrodriguez.com\/fr\/producto\/jambon-iberique-de-porc-nourrit-au-fourrage-et-au-gland\/","url":"https:\/\/www.melquiadesrodriguez.com\/fr\/producto\/jambon-iberique-de-porc-nourrit-au-fourrage-et-au-gland\/","name":"Jambon Ib\u00e9rique de porc nourrit au fourrage et au gland","isPartOf":{"@id":"https:\/\/www.melquiadesrodriguez.com\/fr\/#website"},"primaryImageOfPage":{"@id":"https:\/\/www.melquiadesrodriguez.com\/fr\/producto\/jambon-iberique-de-porc-nourrit-au-fourrage-et-au-gland\/#primaryimage"},"image":{"@id":"https:\/\/www.melquiadesrodriguez.com\/fr\/producto\/jambon-iberique-de-porc-nourrit-au-fourrage-et-au-gland\/#primaryimage"},"thumbnailUrl":"https:\/\/www.melquiadesrodriguez.com\/wp-content\/uploads\/2016\/02\/jamon_cebo_iberico-1.jpg","datePublished":"2016-02-24T17:56:19+00:00","dateModified":"2020-09-14T10:58:18+00:00","description":"Jambon Ib\u00e9rique de 24 mois de sois certifi\u00e9 par Certicar pour la Norme de Qualit\u00e9 de porc ib\u00e9rique pr\u00e9sent\u00e9s entiers avec les pattes.","breadcrumb":{"@id":"https:\/\/www.melquiadesrodriguez.com\/fr\/producto\/jambon-iberique-de-porc-nourrit-au-fourrage-et-au-gland\/#breadcrumb"},"inLanguage":"fr-FR","potentialAction":[{"@type":"ReadAction","target":["https:\/\/www.melquiadesrodriguez.com\/fr\/producto\/jambon-iberique-de-porc-nourrit-au-fourrage-et-au-gland\/"]}]},{"@type":"ImageObject","inLanguage":"fr-FR","@id":"https:\/\/www.melquiadesrodriguez.com\/fr\/producto\/jambon-iberique-de-porc-nourrit-au-fourrage-et-au-gland\/#primaryimage","url":"https:\/\/www.melquiadesrodriguez.com\/wp-content\/uploads\/2016\/02\/jamon_cebo_iberico-1.jpg","contentUrl":"https:\/\/www.melquiadesrodriguez.com\/wp-content\/uploads\/2016\/02\/jamon_cebo_iberico-1.jpg","width":600,"height":800,"caption":"Jam\u00f3n de cebo ib\u00e9rico"},{"@type":"BreadcrumbList","@id":"https:\/\/www.melquiadesrodriguez.com\/fr\/producto\/jambon-iberique-de-porc-nourrit-au-fourrage-et-au-gland\/#breadcrumb","itemListElement":[{"@type":"ListItem","position":1,"name":"Portada","item":"https:\/\/www.melquiadesrodriguez.com\/fr\/"},{"@type":"ListItem","position":2,"name":"Produits","item":"https:\/\/www.melquiadesrodriguez.com\/fr\/produits\/"},{"@type":"ListItem","position":3,"name":"Jambon Ib\u00e9rique de porc nourrit au fourrage et au gland"}]},{"@type":"WebSite","@id":"https:\/\/www.melquiadesrodriguez.com\/fr\/#website","url":"https:\/\/www.melquiadesrodriguez.com\/fr\/","name":"Melquiades Rodr\u00edguez","description":"Jamones y Embutidos","potentialAction":[{"@type":"SearchAction","target":{"@type":"EntryPoint","urlTemplate":"https:\/\/www.melquiadesrodriguez.com\/fr\/?s={search_term_string}"},"query-input":{"@type":"PropertyValueSpecification","valueRequired":true,"valueName":"search_term_string"}}],"inLanguage":"fr-FR"}]}},"_links":{"self":[{"href":"https:\/\/www.melquiadesrodriguez.com\/fr\/wp-json\/wp\/v2\/product\/1663","targetHints":{"allow":["GET"]}}],"collection":[{"href":"https:\/\/www.melquiadesrodriguez.com\/fr\/wp-json\/wp\/v2\/product"}],"about":[{"href":"https:\/\/www.melquiadesrodriguez.com\/fr\/wp-json\/wp\/v2\/types\/product"}],"replies":[{"embeddable":true,"href":"https:\/\/www.melquiadesrodriguez.com\/fr\/wp-json\/wp\/v2\/comments?post=1663"}],"wp:featuredmedia":[{"embeddable":true,"href":"https:\/\/www.melquiadesrodriguez.com\/fr\/wp-json\/wp\/v2\/media\/5041"}],"wp:attachment":[{"href":"https:\/\/www.melquiadesrodriguez.com\/fr\/wp-json\/wp\/v2\/media?parent=1663"}],"wp:term":[{"taxonomy":"product_brand","embeddable":true,"href":"https:\/\/www.melquiadesrodriguez.com\/fr\/wp-json\/wp\/v2\/product_brand?post=1663"},{"taxonomy":"product_cat","embeddable":true,"href":"https:\/\/www.melquiadesrodriguez.com\/fr\/wp-json\/wp\/v2\/product_cat?post=1663"},{"taxonomy":"product_tag","embeddable":true,"href":"https:\/\/www.melquiadesrodriguez.com\/fr\/wp-json\/wp\/v2\/product_tag?post=1663"}],"curies":[{"name":"wp","href":"https:\/\/api.w.org\/{rel}","templated":true}]}}