{"id":1688,"date":"2016-02-24T18:56:31","date_gmt":"2016-02-24T18:56:31","guid":{"rendered":"http:\/\/melquiades.questiondeimagen.com\/product\/jamon-gran-reserva-deshuesado-2\/"},"modified":"2020-09-14T16:39:30","modified_gmt":"2020-09-14T14:39:30","slug":"jamon-gran-reserva-deshuesado-2","status":"publish","type":"product","link":"https:\/\/www.melquiadesrodriguez.com\/fr\/producto\/jamon-gran-reserva-deshuesado-2\/","title":{"rendered":"Un Grand jambon R\u00e9serve le D\u00e9sossage"},"content":{"rendered":"<p>Un jambon de porc blanc soign&eacute; lentement dans une cave durant 16-18 mois. Un produit d&eacute;soss&eacute;, sans lard et sans &eacute;corce et emball&eacute; au vide le Poids approximatif 5 kgs.<\/p>\n","protected":false},"excerpt":{"rendered":"<p>Un jambon de porc blanc soign&eacute; lentement dans une cave durant 16-18 mois. Un produit d&eacute;soss&eacute;, sans lard et sans &eacute;corce et emball&eacute; au vide le Poids approximatif 5 kgs.<\/p>\n<p><em>*Prix &agrave; l&#8217;unit&eacute;.<\/em><\/p>\n","protected":false},"featured_media":40958,"comment_status":"open","ping_status":"closed","template":"","meta":[],"product_brand":[],"product_cat":[103],"product_tag":[128],"class_list":{"0":"post-1688","1":"product","2":"type-product","3":"status-publish","4":"has-post-thumbnail","6":"product_cat-jambons-et-palettes","7":"product_tag-jambon","9":"first","10":"instock","11":"taxable","12":"shipping-taxable","13":"purchasable","14":"product-type-variable","15":"has-default-attributes"},"yoast_head":"<!-- This site is optimized with the Yoast SEO plugin v27.3 - https:\/\/yoast.com\/product\/yoast-seo-wordpress\/ -->\n<title>Un Grand jambon R\u00e9serve le D\u00e9sossage - Melquiades Rodr\u00edguez<\/title>\n<meta name=\"description\" content=\"Un jambon de porc blanc soign&eacute; lentement dans une cave durant 16-18 mois. Un produit d&eacute;soss&eacute;, sans lard et sans &eacute;corce et emball&eacute; au vide\" \/>\n<meta name=\"robots\" content=\"index, follow, max-snippet:-1, max-image-preview:large, max-video-preview:-1\" \/>\n<link rel=\"canonical\" href=\"https:\/\/www.melquiadesrodriguez.com\/fr\/producto\/jamon-gran-reserva-deshuesado-2\/\" \/>\n<meta property=\"og:locale\" content=\"fr_FR\" \/>\n<meta property=\"og:type\" content=\"article\" \/>\n<meta property=\"og:title\" content=\"Un Grand jambon R\u00e9serve le D\u00e9sossage - Melquiades Rodr\u00edguez\" \/>\n<meta property=\"og:description\" content=\"Un jambon de porc blanc soign&eacute; lentement dans une cave durant 16-18 mois. Un produit d&eacute;soss&eacute;, sans lard et sans &eacute;corce et emball&eacute; au vide\" \/>\n<meta property=\"og:url\" content=\"https:\/\/www.melquiadesrodriguez.com\/fr\/producto\/jamon-gran-reserva-deshuesado-2\/\" \/>\n<meta property=\"og:site_name\" content=\"Melquiades Rodr\u00edguez\" \/>\n<meta property=\"article:publisher\" content=\"https:\/\/www.facebook.com\/Jamones-Melquiades-1517726898557586\/?fref=ts\" \/>\n<meta property=\"article:modified_time\" content=\"2020-09-14T14:39:30+00:00\" \/>\n<meta property=\"og:image\" content=\"https:\/\/www.melquiadesrodriguez.com\/wp-content\/uploads\/2016\/02\/Jamon_GranReserva_Deshuesado.jpg\" \/>\n\t<meta property=\"og:image:width\" content=\"600\" \/>\n\t<meta property=\"og:image:height\" content=\"438\" \/>\n\t<meta property=\"og:image:type\" content=\"image\/jpeg\" \/>\n<meta name=\"twitter:card\" content=\"summary_large_image\" \/>\n<meta name=\"twitter:site\" content=\"@JamonMelquiades\" \/>\n<script type=\"application\/ld+json\" class=\"yoast-schema-graph\">{\"@context\":\"https:\\\/\\\/schema.org\",\"@graph\":[{\"@type\":\"WebPage\",\"@id\":\"https:\\\/\\\/www.melquiadesrodriguez.com\\\/fr\\\/producto\\\/jamon-gran-reserva-deshuesado-2\\\/\",\"url\":\"https:\\\/\\\/www.melquiadesrodriguez.com\\\/fr\\\/producto\\\/jamon-gran-reserva-deshuesado-2\\\/\",\"name\":\"Un Grand jambon R\u00e9serve le D\u00e9sossage - Melquiades Rodr\u00edguez\",\"isPartOf\":{\"@id\":\"https:\\\/\\\/www.melquiadesrodriguez.com\\\/fr\\\/#website\"},\"primaryImageOfPage\":{\"@id\":\"https:\\\/\\\/www.melquiadesrodriguez.com\\\/fr\\\/producto\\\/jamon-gran-reserva-deshuesado-2\\\/#primaryimage\"},\"image\":{\"@id\":\"https:\\\/\\\/www.melquiadesrodriguez.com\\\/fr\\\/producto\\\/jamon-gran-reserva-deshuesado-2\\\/#primaryimage\"},\"thumbnailUrl\":\"https:\\\/\\\/www.melquiadesrodriguez.com\\\/wp-content\\\/uploads\\\/2016\\\/02\\\/jamon-gran-resreva-duroc-desh-300x300-3.png\",\"datePublished\":\"2016-02-24T18:56:31+00:00\",\"dateModified\":\"2020-09-14T14:39:30+00:00\",\"description\":\"Un jambon de porc blanc soign&eacute; lentement dans une cave durant 16-18 mois. Un produit d&eacute;soss&eacute;, sans lard et sans &eacute;corce et emball&eacute; au vide\",\"breadcrumb\":{\"@id\":\"https:\\\/\\\/www.melquiadesrodriguez.com\\\/fr\\\/producto\\\/jamon-gran-reserva-deshuesado-2\\\/#breadcrumb\"},\"inLanguage\":\"fr-FR\",\"potentialAction\":[{\"@type\":\"ReadAction\",\"target\":[\"https:\\\/\\\/www.melquiadesrodriguez.com\\\/fr\\\/producto\\\/jamon-gran-reserva-deshuesado-2\\\/\"]}]},{\"@type\":\"ImageObject\",\"inLanguage\":\"fr-FR\",\"@id\":\"https:\\\/\\\/www.melquiadesrodriguez.com\\\/fr\\\/producto\\\/jamon-gran-reserva-deshuesado-2\\\/#primaryimage\",\"url\":\"https:\\\/\\\/www.melquiadesrodriguez.com\\\/wp-content\\\/uploads\\\/2016\\\/02\\\/jamon-gran-resreva-duroc-desh-300x300-3.png\",\"contentUrl\":\"https:\\\/\\\/www.melquiadesrodriguez.com\\\/wp-content\\\/uploads\\\/2016\\\/02\\\/jamon-gran-resreva-duroc-desh-300x300-3.png\",\"width\":425,\"height\":425,\"caption\":\"Jam\u00f3n Serrano ETG Gran Reserva Duroc Deshuesado\"},{\"@type\":\"BreadcrumbList\",\"@id\":\"https:\\\/\\\/www.melquiadesrodriguez.com\\\/fr\\\/producto\\\/jamon-gran-reserva-deshuesado-2\\\/#breadcrumb\",\"itemListElement\":[{\"@type\":\"ListItem\",\"position\":1,\"name\":\"Portada\",\"item\":\"https:\\\/\\\/www.melquiadesrodriguez.com\\\/fr\\\/\"},{\"@type\":\"ListItem\",\"position\":2,\"name\":\"Produits\",\"item\":\"https:\\\/\\\/www.melquiadesrodriguez.com\\\/fr\\\/produits\\\/\"},{\"@type\":\"ListItem\",\"position\":3,\"name\":\"Un Grand jambon R\u00e9serve le D\u00e9sossage\"}]},{\"@type\":\"WebSite\",\"@id\":\"https:\\\/\\\/www.melquiadesrodriguez.com\\\/fr\\\/#website\",\"url\":\"https:\\\/\\\/www.melquiadesrodriguez.com\\\/fr\\\/\",\"name\":\"Melquiades Rodr\u00edguez\",\"description\":\"Jamones y Embutidos\",\"potentialAction\":[{\"@type\":\"SearchAction\",\"target\":{\"@type\":\"EntryPoint\",\"urlTemplate\":\"https:\\\/\\\/www.melquiadesrodriguez.com\\\/fr\\\/?s={search_term_string}\"},\"query-input\":{\"@type\":\"PropertyValueSpecification\",\"valueRequired\":true,\"valueName\":\"search_term_string\"}}],\"inLanguage\":\"fr-FR\"}]}<\/script>\n<!-- \/ Yoast SEO plugin. -->","yoast_head_json":{"title":"Un Grand jambon R\u00e9serve le D\u00e9sossage - Melquiades Rodr\u00edguez","description":"Un jambon de porc blanc soign&eacute; lentement dans une cave durant 16-18 mois. Un produit d&eacute;soss&eacute;, sans lard et sans &eacute;corce et emball&eacute; au vide","robots":{"index":"index","follow":"follow","max-snippet":"max-snippet:-1","max-image-preview":"max-image-preview:large","max-video-preview":"max-video-preview:-1"},"canonical":"https:\/\/www.melquiadesrodriguez.com\/fr\/producto\/jamon-gran-reserva-deshuesado-2\/","og_locale":"fr_FR","og_type":"article","og_title":"Un Grand jambon R\u00e9serve le D\u00e9sossage - Melquiades Rodr\u00edguez","og_description":"Un jambon de porc blanc soign&eacute; lentement dans une cave durant 16-18 mois. Un produit d&eacute;soss&eacute;, sans lard et sans &eacute;corce et emball&eacute; au vide","og_url":"https:\/\/www.melquiadesrodriguez.com\/fr\/producto\/jamon-gran-reserva-deshuesado-2\/","og_site_name":"Melquiades Rodr\u00edguez","article_publisher":"https:\/\/www.facebook.com\/Jamones-Melquiades-1517726898557586\/?fref=ts","article_modified_time":"2020-09-14T14:39:30+00:00","og_image":[{"width":600,"height":438,"url":"https:\/\/www.melquiadesrodriguez.com\/wp-content\/uploads\/2016\/02\/Jamon_GranReserva_Deshuesado.jpg","type":"image\/jpeg"}],"twitter_card":"summary_large_image","twitter_site":"@JamonMelquiades","schema":{"@context":"https:\/\/schema.org","@graph":[{"@type":"WebPage","@id":"https:\/\/www.melquiadesrodriguez.com\/fr\/producto\/jamon-gran-reserva-deshuesado-2\/","url":"https:\/\/www.melquiadesrodriguez.com\/fr\/producto\/jamon-gran-reserva-deshuesado-2\/","name":"Un Grand jambon R\u00e9serve le D\u00e9sossage - Melquiades Rodr\u00edguez","isPartOf":{"@id":"https:\/\/www.melquiadesrodriguez.com\/fr\/#website"},"primaryImageOfPage":{"@id":"https:\/\/www.melquiadesrodriguez.com\/fr\/producto\/jamon-gran-reserva-deshuesado-2\/#primaryimage"},"image":{"@id":"https:\/\/www.melquiadesrodriguez.com\/fr\/producto\/jamon-gran-reserva-deshuesado-2\/#primaryimage"},"thumbnailUrl":"https:\/\/www.melquiadesrodriguez.com\/wp-content\/uploads\/2016\/02\/jamon-gran-resreva-duroc-desh-300x300-3.png","datePublished":"2016-02-24T18:56:31+00:00","dateModified":"2020-09-14T14:39:30+00:00","description":"Un jambon de porc blanc soign&eacute; lentement dans une cave durant 16-18 mois. Un produit d&eacute;soss&eacute;, sans lard et sans &eacute;corce et emball&eacute; au vide","breadcrumb":{"@id":"https:\/\/www.melquiadesrodriguez.com\/fr\/producto\/jamon-gran-reserva-deshuesado-2\/#breadcrumb"},"inLanguage":"fr-FR","potentialAction":[{"@type":"ReadAction","target":["https:\/\/www.melquiadesrodriguez.com\/fr\/producto\/jamon-gran-reserva-deshuesado-2\/"]}]},{"@type":"ImageObject","inLanguage":"fr-FR","@id":"https:\/\/www.melquiadesrodriguez.com\/fr\/producto\/jamon-gran-reserva-deshuesado-2\/#primaryimage","url":"https:\/\/www.melquiadesrodriguez.com\/wp-content\/uploads\/2016\/02\/jamon-gran-resreva-duroc-desh-300x300-3.png","contentUrl":"https:\/\/www.melquiadesrodriguez.com\/wp-content\/uploads\/2016\/02\/jamon-gran-resreva-duroc-desh-300x300-3.png","width":425,"height":425,"caption":"Jam\u00f3n Serrano ETG Gran Reserva Duroc Deshuesado"},{"@type":"BreadcrumbList","@id":"https:\/\/www.melquiadesrodriguez.com\/fr\/producto\/jamon-gran-reserva-deshuesado-2\/#breadcrumb","itemListElement":[{"@type":"ListItem","position":1,"name":"Portada","item":"https:\/\/www.melquiadesrodriguez.com\/fr\/"},{"@type":"ListItem","position":2,"name":"Produits","item":"https:\/\/www.melquiadesrodriguez.com\/fr\/produits\/"},{"@type":"ListItem","position":3,"name":"Un Grand jambon R\u00e9serve le D\u00e9sossage"}]},{"@type":"WebSite","@id":"https:\/\/www.melquiadesrodriguez.com\/fr\/#website","url":"https:\/\/www.melquiadesrodriguez.com\/fr\/","name":"Melquiades Rodr\u00edguez","description":"Jamones y Embutidos","potentialAction":[{"@type":"SearchAction","target":{"@type":"EntryPoint","urlTemplate":"https:\/\/www.melquiadesrodriguez.com\/fr\/?s={search_term_string}"},"query-input":{"@type":"PropertyValueSpecification","valueRequired":true,"valueName":"search_term_string"}}],"inLanguage":"fr-FR"}]}},"_links":{"self":[{"href":"https:\/\/www.melquiadesrodriguez.com\/fr\/wp-json\/wp\/v2\/product\/1688","targetHints":{"allow":["GET"]}}],"collection":[{"href":"https:\/\/www.melquiadesrodriguez.com\/fr\/wp-json\/wp\/v2\/product"}],"about":[{"href":"https:\/\/www.melquiadesrodriguez.com\/fr\/wp-json\/wp\/v2\/types\/product"}],"replies":[{"embeddable":true,"href":"https:\/\/www.melquiadesrodriguez.com\/fr\/wp-json\/wp\/v2\/comments?post=1688"}],"wp:featuredmedia":[{"embeddable":true,"href":"https:\/\/www.melquiadesrodriguez.com\/fr\/wp-json\/wp\/v2\/media\/40958"}],"wp:attachment":[{"href":"https:\/\/www.melquiadesrodriguez.com\/fr\/wp-json\/wp\/v2\/media?parent=1688"}],"wp:term":[{"taxonomy":"product_brand","embeddable":true,"href":"https:\/\/www.melquiadesrodriguez.com\/fr\/wp-json\/wp\/v2\/product_brand?post=1688"},{"taxonomy":"product_cat","embeddable":true,"href":"https:\/\/www.melquiadesrodriguez.com\/fr\/wp-json\/wp\/v2\/product_cat?post=1688"},{"taxonomy":"product_tag","embeddable":true,"href":"https:\/\/www.melquiadesrodriguez.com\/fr\/wp-json\/wp\/v2\/product_tag?post=1688"}],"curies":[{"name":"wp","href":"https:\/\/api.w.org\/{rel}","templated":true}]}}