{"id":1693,"date":"2016-02-25T14:57:45","date_gmt":"2016-02-25T12:57:45","guid":{"rendered":"http:\/\/melquiades.questiondeimagen.com\/product\/palette-iberique-de-porc-nourrit-au-gland\/"},"modified":"2018-06-27T18:45:00","modified_gmt":"2018-06-27T16:45:00","slug":"palette-iberique-de-porc-nourrit-au-gland","status":"publish","type":"product","link":"https:\/\/www.melquiadesrodriguez.com\/fr\/producto\/palette-iberique-de-porc-nourrit-au-gland\/","title":{"rendered":"Palette Ib\u00e9rique de porc nourrit au Gland"},"content":{"rendered":"<p>Palette Ib\u00e9rique de porc nourrit au Gland avec 24 mois d&#8217;affinage  certifi\u00e9 Certicar pour la Norme de Qualit\u00e9 du porc ib\u00e9rique pr\u00e9sent\u00e9e  enti\u00e8re avec les pattes. Poids approximatid 5.5 kg.<\/p>\n","protected":false},"excerpt":{"rendered":"<p>Palette Ib&eacute;rique de porc nourrit au Gland avec 24 mois d&#8217;affinage certifi&eacute; Certicar pour la Norme de Qualit&eacute; du porc ib&eacute;rique pr&eacute;sent&eacute;e enti&egrave;re avec les pattes. Poids approximatid 5.5 kg.<\/p>\n<p><em>*Prix &agrave; l&#8217;unit&eacute;.<\/em><\/p>\n","protected":false},"featured_media":8317,"comment_status":"open","ping_status":"closed","template":"","meta":[],"product_brand":[],"product_cat":[103],"product_tag":[117],"class_list":{"0":"post-1693","1":"product","2":"type-product","3":"status-publish","4":"has-post-thumbnail","6":"product_cat-jambons-et-palettes","7":"product_tag-palette-iberique","9":"first","10":"instock","11":"taxable","12":"shipping-taxable","13":"purchasable","14":"product-type-variable"},"yoast_head":"<!-- This site is optimized with the Yoast SEO plugin v27.3 - https:\/\/yoast.com\/product\/yoast-seo-wordpress\/ -->\n<title>Palette Ib\u00e9rique de porc nourrit au Gland<\/title>\n<meta name=\"description\" content=\"Palette Ib\u00e9rique de porc nourrit au Gland avec 24 mois de cicatrisation certifi\u00e9e par Certicar pour le Standard de Qualit\u00e9 du porc ib\u00e9rique, pr\u00e9sent\u00e9 en entier avec la jambe ou coup\u00e9 au couteau et emball\u00e9 sous vide en 100 gr. chacun.\" \/>\n<meta name=\"robots\" content=\"index, follow, max-snippet:-1, max-image-preview:large, max-video-preview:-1\" \/>\n<link rel=\"canonical\" href=\"https:\/\/www.melquiadesrodriguez.com\/fr\/producto\/palette-iberique-de-porc-nourrit-au-gland\/\" \/>\n<meta property=\"og:locale\" content=\"fr_FR\" \/>\n<meta property=\"og:type\" content=\"article\" \/>\n<meta property=\"og:title\" content=\"Palette Ib\u00e9rique de porc nourrit au Gland\" \/>\n<meta property=\"og:description\" content=\"Palette Ib\u00e9rique de porc nourrit au Gland avec 24 mois de cicatrisation certifi\u00e9e par Certicar pour le Standard de Qualit\u00e9 du porc ib\u00e9rique, pr\u00e9sent\u00e9 en entier avec la jambe ou coup\u00e9 au couteau et emball\u00e9 sous vide en 100 gr. chacun.\" \/>\n<meta property=\"og:url\" content=\"https:\/\/www.melquiadesrodriguez.com\/fr\/producto\/palette-iberique-de-porc-nourrit-au-gland\/\" \/>\n<meta property=\"og:site_name\" content=\"Melquiades Rodr\u00edguez\" \/>\n<meta property=\"article:publisher\" content=\"https:\/\/www.facebook.com\/Jamones-Melquiades-1517726898557586\/?fref=ts\" \/>\n<meta property=\"article:modified_time\" content=\"2018-06-27T16:45:00+00:00\" \/>\n<meta property=\"og:image\" content=\"https:\/\/www.melquiadesrodriguez.com\/wp-content\/uploads\/2021\/01\/paleta_bellota_iberica_50xcien_raza_iberica.jpg\" \/>\n\t<meta property=\"og:image:width\" content=\"600\" \/>\n\t<meta property=\"og:image:height\" content=\"800\" \/>\n\t<meta property=\"og:image:type\" content=\"image\/jpeg\" \/>\n<meta name=\"twitter:card\" content=\"summary_large_image\" \/>\n<meta name=\"twitter:site\" content=\"@JamonMelquiades\" \/>\n<script type=\"application\/ld+json\" class=\"yoast-schema-graph\">{\"@context\":\"https:\\\/\\\/schema.org\",\"@graph\":[{\"@type\":\"WebPage\",\"@id\":\"https:\\\/\\\/www.melquiadesrodriguez.com\\\/fr\\\/producto\\\/palette-iberique-de-porc-nourrit-au-gland\\\/\",\"url\":\"https:\\\/\\\/www.melquiadesrodriguez.com\\\/fr\\\/producto\\\/palette-iberique-de-porc-nourrit-au-gland\\\/\",\"name\":\"Palette Ib\u00e9rique de porc nourrit au Gland\",\"isPartOf\":{\"@id\":\"https:\\\/\\\/www.melquiadesrodriguez.com\\\/fr\\\/#website\"},\"primaryImageOfPage\":{\"@id\":\"https:\\\/\\\/www.melquiadesrodriguez.com\\\/fr\\\/producto\\\/palette-iberique-de-porc-nourrit-au-gland\\\/#primaryimage\"},\"image\":{\"@id\":\"https:\\\/\\\/www.melquiadesrodriguez.com\\\/fr\\\/producto\\\/palette-iberique-de-porc-nourrit-au-gland\\\/#primaryimage\"},\"thumbnailUrl\":\"https:\\\/\\\/www.melquiadesrodriguez.com\\\/wp-content\\\/uploads\\\/2021\\\/01\\\/paleta_bellota_iberica_50xcien_raza_iberica.jpg\",\"datePublished\":\"2016-02-25T12:57:45+00:00\",\"dateModified\":\"2018-06-27T16:45:00+00:00\",\"description\":\"Palette Ib\u00e9rique de porc nourrit au Gland avec 24 mois de cicatrisation certifi\u00e9e par Certicar pour le Standard de Qualit\u00e9 du porc ib\u00e9rique, pr\u00e9sent\u00e9 en entier avec la jambe ou coup\u00e9 au couteau et emball\u00e9 sous vide en 100 gr. chacun.\",\"breadcrumb\":{\"@id\":\"https:\\\/\\\/www.melquiadesrodriguez.com\\\/fr\\\/producto\\\/palette-iberique-de-porc-nourrit-au-gland\\\/#breadcrumb\"},\"inLanguage\":\"fr-FR\",\"potentialAction\":[{\"@type\":\"ReadAction\",\"target\":[\"https:\\\/\\\/www.melquiadesrodriguez.com\\\/fr\\\/producto\\\/palette-iberique-de-porc-nourrit-au-gland\\\/\"]}]},{\"@type\":\"ImageObject\",\"inLanguage\":\"fr-FR\",\"@id\":\"https:\\\/\\\/www.melquiadesrodriguez.com\\\/fr\\\/producto\\\/palette-iberique-de-porc-nourrit-au-gland\\\/#primaryimage\",\"url\":\"https:\\\/\\\/www.melquiadesrodriguez.com\\\/wp-content\\\/uploads\\\/2021\\\/01\\\/paleta_bellota_iberica_50xcien_raza_iberica.jpg\",\"contentUrl\":\"https:\\\/\\\/www.melquiadesrodriguez.com\\\/wp-content\\\/uploads\\\/2021\\\/01\\\/paleta_bellota_iberica_50xcien_raza_iberica.jpg\",\"width\":600,\"height\":800,\"caption\":\"Paleta de Bellota Ib\u00e9rica\"},{\"@type\":\"BreadcrumbList\",\"@id\":\"https:\\\/\\\/www.melquiadesrodriguez.com\\\/fr\\\/producto\\\/palette-iberique-de-porc-nourrit-au-gland\\\/#breadcrumb\",\"itemListElement\":[{\"@type\":\"ListItem\",\"position\":1,\"name\":\"Portada\",\"item\":\"https:\\\/\\\/www.melquiadesrodriguez.com\\\/fr\\\/\"},{\"@type\":\"ListItem\",\"position\":2,\"name\":\"Produits\",\"item\":\"https:\\\/\\\/www.melquiadesrodriguez.com\\\/fr\\\/produits\\\/\"},{\"@type\":\"ListItem\",\"position\":3,\"name\":\"Palette Ib\u00e9rique de porc nourrit au Gland\"}]},{\"@type\":\"WebSite\",\"@id\":\"https:\\\/\\\/www.melquiadesrodriguez.com\\\/fr\\\/#website\",\"url\":\"https:\\\/\\\/www.melquiadesrodriguez.com\\\/fr\\\/\",\"name\":\"Melquiades Rodr\u00edguez\",\"description\":\"Jamones y Embutidos\",\"potentialAction\":[{\"@type\":\"SearchAction\",\"target\":{\"@type\":\"EntryPoint\",\"urlTemplate\":\"https:\\\/\\\/www.melquiadesrodriguez.com\\\/fr\\\/?s={search_term_string}\"},\"query-input\":{\"@type\":\"PropertyValueSpecification\",\"valueRequired\":true,\"valueName\":\"search_term_string\"}}],\"inLanguage\":\"fr-FR\"}]}<\/script>\n<!-- \/ Yoast SEO plugin. -->","yoast_head_json":{"title":"Palette Ib\u00e9rique de porc nourrit au Gland","description":"Palette Ib\u00e9rique de porc nourrit au Gland avec 24 mois de cicatrisation certifi\u00e9e par Certicar pour le Standard de Qualit\u00e9 du porc ib\u00e9rique, pr\u00e9sent\u00e9 en entier avec la jambe ou coup\u00e9 au couteau et emball\u00e9 sous vide en 100 gr. chacun.","robots":{"index":"index","follow":"follow","max-snippet":"max-snippet:-1","max-image-preview":"max-image-preview:large","max-video-preview":"max-video-preview:-1"},"canonical":"https:\/\/www.melquiadesrodriguez.com\/fr\/producto\/palette-iberique-de-porc-nourrit-au-gland\/","og_locale":"fr_FR","og_type":"article","og_title":"Palette Ib\u00e9rique de porc nourrit au Gland","og_description":"Palette Ib\u00e9rique de porc nourrit au Gland avec 24 mois de cicatrisation certifi\u00e9e par Certicar pour le Standard de Qualit\u00e9 du porc ib\u00e9rique, pr\u00e9sent\u00e9 en entier avec la jambe ou coup\u00e9 au couteau et emball\u00e9 sous vide en 100 gr. chacun.","og_url":"https:\/\/www.melquiadesrodriguez.com\/fr\/producto\/palette-iberique-de-porc-nourrit-au-gland\/","og_site_name":"Melquiades Rodr\u00edguez","article_publisher":"https:\/\/www.facebook.com\/Jamones-Melquiades-1517726898557586\/?fref=ts","article_modified_time":"2018-06-27T16:45:00+00:00","og_image":[{"width":600,"height":800,"url":"https:\/\/www.melquiadesrodriguez.com\/wp-content\/uploads\/2021\/01\/paleta_bellota_iberica_50xcien_raza_iberica.jpg","type":"image\/jpeg"}],"twitter_card":"summary_large_image","twitter_site":"@JamonMelquiades","schema":{"@context":"https:\/\/schema.org","@graph":[{"@type":"WebPage","@id":"https:\/\/www.melquiadesrodriguez.com\/fr\/producto\/palette-iberique-de-porc-nourrit-au-gland\/","url":"https:\/\/www.melquiadesrodriguez.com\/fr\/producto\/palette-iberique-de-porc-nourrit-au-gland\/","name":"Palette Ib\u00e9rique de porc nourrit au Gland","isPartOf":{"@id":"https:\/\/www.melquiadesrodriguez.com\/fr\/#website"},"primaryImageOfPage":{"@id":"https:\/\/www.melquiadesrodriguez.com\/fr\/producto\/palette-iberique-de-porc-nourrit-au-gland\/#primaryimage"},"image":{"@id":"https:\/\/www.melquiadesrodriguez.com\/fr\/producto\/palette-iberique-de-porc-nourrit-au-gland\/#primaryimage"},"thumbnailUrl":"https:\/\/www.melquiadesrodriguez.com\/wp-content\/uploads\/2021\/01\/paleta_bellota_iberica_50xcien_raza_iberica.jpg","datePublished":"2016-02-25T12:57:45+00:00","dateModified":"2018-06-27T16:45:00+00:00","description":"Palette Ib\u00e9rique de porc nourrit au Gland avec 24 mois de cicatrisation certifi\u00e9e par Certicar pour le Standard de Qualit\u00e9 du porc ib\u00e9rique, pr\u00e9sent\u00e9 en entier avec la jambe ou coup\u00e9 au couteau et emball\u00e9 sous vide en 100 gr. chacun.","breadcrumb":{"@id":"https:\/\/www.melquiadesrodriguez.com\/fr\/producto\/palette-iberique-de-porc-nourrit-au-gland\/#breadcrumb"},"inLanguage":"fr-FR","potentialAction":[{"@type":"ReadAction","target":["https:\/\/www.melquiadesrodriguez.com\/fr\/producto\/palette-iberique-de-porc-nourrit-au-gland\/"]}]},{"@type":"ImageObject","inLanguage":"fr-FR","@id":"https:\/\/www.melquiadesrodriguez.com\/fr\/producto\/palette-iberique-de-porc-nourrit-au-gland\/#primaryimage","url":"https:\/\/www.melquiadesrodriguez.com\/wp-content\/uploads\/2021\/01\/paleta_bellota_iberica_50xcien_raza_iberica.jpg","contentUrl":"https:\/\/www.melquiadesrodriguez.com\/wp-content\/uploads\/2021\/01\/paleta_bellota_iberica_50xcien_raza_iberica.jpg","width":600,"height":800,"caption":"Paleta de Bellota Ib\u00e9rica"},{"@type":"BreadcrumbList","@id":"https:\/\/www.melquiadesrodriguez.com\/fr\/producto\/palette-iberique-de-porc-nourrit-au-gland\/#breadcrumb","itemListElement":[{"@type":"ListItem","position":1,"name":"Portada","item":"https:\/\/www.melquiadesrodriguez.com\/fr\/"},{"@type":"ListItem","position":2,"name":"Produits","item":"https:\/\/www.melquiadesrodriguez.com\/fr\/produits\/"},{"@type":"ListItem","position":3,"name":"Palette Ib\u00e9rique de porc nourrit au Gland"}]},{"@type":"WebSite","@id":"https:\/\/www.melquiadesrodriguez.com\/fr\/#website","url":"https:\/\/www.melquiadesrodriguez.com\/fr\/","name":"Melquiades Rodr\u00edguez","description":"Jamones y Embutidos","potentialAction":[{"@type":"SearchAction","target":{"@type":"EntryPoint","urlTemplate":"https:\/\/www.melquiadesrodriguez.com\/fr\/?s={search_term_string}"},"query-input":{"@type":"PropertyValueSpecification","valueRequired":true,"valueName":"search_term_string"}}],"inLanguage":"fr-FR"}]}},"_links":{"self":[{"href":"https:\/\/www.melquiadesrodriguez.com\/fr\/wp-json\/wp\/v2\/product\/1693","targetHints":{"allow":["GET"]}}],"collection":[{"href":"https:\/\/www.melquiadesrodriguez.com\/fr\/wp-json\/wp\/v2\/product"}],"about":[{"href":"https:\/\/www.melquiadesrodriguez.com\/fr\/wp-json\/wp\/v2\/types\/product"}],"replies":[{"embeddable":true,"href":"https:\/\/www.melquiadesrodriguez.com\/fr\/wp-json\/wp\/v2\/comments?post=1693"}],"wp:featuredmedia":[{"embeddable":true,"href":"https:\/\/www.melquiadesrodriguez.com\/fr\/wp-json\/wp\/v2\/media\/8317"}],"wp:attachment":[{"href":"https:\/\/www.melquiadesrodriguez.com\/fr\/wp-json\/wp\/v2\/media?parent=1693"}],"wp:term":[{"taxonomy":"product_brand","embeddable":true,"href":"https:\/\/www.melquiadesrodriguez.com\/fr\/wp-json\/wp\/v2\/product_brand?post=1693"},{"taxonomy":"product_cat","embeddable":true,"href":"https:\/\/www.melquiadesrodriguez.com\/fr\/wp-json\/wp\/v2\/product_cat?post=1693"},{"taxonomy":"product_tag","embeddable":true,"href":"https:\/\/www.melquiadesrodriguez.com\/fr\/wp-json\/wp\/v2\/product_tag?post=1693"}],"curies":[{"name":"wp","href":"https:\/\/api.w.org\/{rel}","templated":true}]}}