{"id":1699,"date":"2016-02-25T13:20:57","date_gmt":"2016-02-25T13:20:57","guid":{"rendered":"http:\/\/melquiades.questiondeimagen.com\/product\/palette-iberique-de-porcnourrit-au-fourrage-et-au-gland\/"},"modified":"2018-06-27T19:15:05","modified_gmt":"2018-06-27T17:15:05","slug":"palette-iberique-de-porcnourrit-au-fourrage-et-au-gland","status":"publish","type":"product","link":"https:\/\/www.melquiadesrodriguez.com\/fr\/producto\/palette-iberique-de-porcnourrit-au-fourrage-et-au-gland\/","title":{"rendered":"Palette Ib\u00e9rique de porcnourrit au fourrage et au gland"},"content":{"rendered":"<p>Palette ib\u00e9rique avec 14 mois d&#8217;affinage certifi\u00e9 par Certicar pour la Norme de Qualit\u00e9 du porc ib\u00e9rique, pr\u00e9sent\u00e9e enti\u00e8re avec les pattes. Poids approximatif 5.5 kg.<\/p>\n","protected":false},"excerpt":{"rendered":"<p>Palette ib\u00e9rique avec 14 mois d&#8217;affinage certifi\u00e9 par Certicar pour la Norme de Qualit\u00e9 du porc ib\u00e9rique, pr\u00e9sent\u00e9e enti\u00e8re avec les pattes. Poids approximatif 5,5 kg.<\/p>\n<p><em>*Prix \u00e0 l&#8217;unit\u00e9.<\/em><\/p>\n","protected":false},"featured_media":8324,"comment_status":"open","ping_status":"closed","template":"","meta":[],"product_brand":[],"product_cat":[103],"product_tag":[117],"class_list":{"0":"post-1699","1":"product","2":"type-product","3":"status-publish","4":"has-post-thumbnail","6":"product_cat-jambons-et-palettes","7":"product_tag-palette-iberique","9":"first","10":"instock","11":"taxable","12":"shipping-taxable","13":"purchasable","14":"product-type-variable"},"yoast_head":"<!-- This site is optimized with the Yoast SEO plugin v27.3 - https:\/\/yoast.com\/product\/yoast-seo-wordpress\/ -->\n<title>Palette Ib\u00e9rique de porcnourrit au fourrage et au gland entier ou coup\u00e9 avec un couteau par Melquiades Rodr\u00edguez<\/title>\n<meta name=\"description\" content=\"Palette ib\u00e9rique avec 14 mois d&#039;affinage certifi\u00e9 par Certicar pour la Norme de Qualit\u00e9 du porc ib\u00e9rique, pr\u00e9sent\u00e9e enti\u00e8re avec les pattes. Poids approximatif 5,5 kg.\" \/>\n<meta name=\"robots\" content=\"index, follow, max-snippet:-1, max-image-preview:large, max-video-preview:-1\" \/>\n<link rel=\"canonical\" href=\"https:\/\/www.melquiadesrodriguez.com\/fr\/producto\/palette-iberique-de-porcnourrit-au-fourrage-et-au-gland\/\" \/>\n<meta property=\"og:locale\" content=\"fr_FR\" \/>\n<meta property=\"og:type\" content=\"article\" \/>\n<meta property=\"og:title\" content=\"Palette Ib\u00e9rique de porcnourrit au fourrage et au gland entier ou coup\u00e9 avec un couteau par Melquiades Rodr\u00edguez\" \/>\n<meta property=\"og:description\" content=\"Palette ib\u00e9rique avec 14 mois d&#039;affinage certifi\u00e9 par Certicar pour la Norme de Qualit\u00e9 du porc ib\u00e9rique, pr\u00e9sent\u00e9e enti\u00e8re avec les pattes. Poids approximatif 5,5 kg.\" \/>\n<meta property=\"og:url\" content=\"https:\/\/www.melquiadesrodriguez.com\/fr\/producto\/palette-iberique-de-porcnourrit-au-fourrage-et-au-gland\/\" \/>\n<meta property=\"og:site_name\" content=\"Melquiades Rodr\u00edguez\" \/>\n<meta property=\"article:publisher\" content=\"https:\/\/www.facebook.com\/Jamones-Melquiades-1517726898557586\/?fref=ts\" \/>\n<meta property=\"article:modified_time\" content=\"2018-06-27T17:15:05+00:00\" \/>\n<meta property=\"og:image\" content=\"https:\/\/www.melquiadesrodriguez.com\/wp-content\/uploads\/2016\/02\/Paleta_Cebo_Iberica-2.jpg\" \/>\n\t<meta property=\"og:image:width\" content=\"600\" \/>\n\t<meta property=\"og:image:height\" content=\"850\" \/>\n\t<meta property=\"og:image:type\" content=\"image\/jpeg\" \/>\n<meta name=\"twitter:card\" content=\"summary_large_image\" \/>\n<meta name=\"twitter:site\" content=\"@JamonMelquiades\" \/>\n<script type=\"application\/ld+json\" class=\"yoast-schema-graph\">{\"@context\":\"https:\\\/\\\/schema.org\",\"@graph\":[{\"@type\":\"WebPage\",\"@id\":\"https:\\\/\\\/www.melquiadesrodriguez.com\\\/fr\\\/producto\\\/palette-iberique-de-porcnourrit-au-fourrage-et-au-gland\\\/\",\"url\":\"https:\\\/\\\/www.melquiadesrodriguez.com\\\/fr\\\/producto\\\/palette-iberique-de-porcnourrit-au-fourrage-et-au-gland\\\/\",\"name\":\"Palette Ib\u00e9rique de porcnourrit au fourrage et au gland entier ou coup\u00e9 avec un couteau par Melquiades Rodr\u00edguez\",\"isPartOf\":{\"@id\":\"https:\\\/\\\/www.melquiadesrodriguez.com\\\/fr\\\/#website\"},\"primaryImageOfPage\":{\"@id\":\"https:\\\/\\\/www.melquiadesrodriguez.com\\\/fr\\\/producto\\\/palette-iberique-de-porcnourrit-au-fourrage-et-au-gland\\\/#primaryimage\"},\"image\":{\"@id\":\"https:\\\/\\\/www.melquiadesrodriguez.com\\\/fr\\\/producto\\\/palette-iberique-de-porcnourrit-au-fourrage-et-au-gland\\\/#primaryimage\"},\"thumbnailUrl\":\"https:\\\/\\\/www.melquiadesrodriguez.com\\\/wp-content\\\/uploads\\\/2016\\\/02\\\/Paleta_Cebo_Iberica-2.jpg\",\"datePublished\":\"2016-02-25T13:20:57+00:00\",\"dateModified\":\"2018-06-27T17:15:05+00:00\",\"description\":\"Palette ib\u00e9rique avec 14 mois d'affinage certifi\u00e9 par Certicar pour la Norme de Qualit\u00e9 du porc ib\u00e9rique, pr\u00e9sent\u00e9e enti\u00e8re avec les pattes. Poids approximatif 5,5 kg.\",\"breadcrumb\":{\"@id\":\"https:\\\/\\\/www.melquiadesrodriguez.com\\\/fr\\\/producto\\\/palette-iberique-de-porcnourrit-au-fourrage-et-au-gland\\\/#breadcrumb\"},\"inLanguage\":\"fr-FR\",\"potentialAction\":[{\"@type\":\"ReadAction\",\"target\":[\"https:\\\/\\\/www.melquiadesrodriguez.com\\\/fr\\\/producto\\\/palette-iberique-de-porcnourrit-au-fourrage-et-au-gland\\\/\"]}]},{\"@type\":\"ImageObject\",\"inLanguage\":\"fr-FR\",\"@id\":\"https:\\\/\\\/www.melquiadesrodriguez.com\\\/fr\\\/producto\\\/palette-iberique-de-porcnourrit-au-fourrage-et-au-gland\\\/#primaryimage\",\"url\":\"https:\\\/\\\/www.melquiadesrodriguez.com\\\/wp-content\\\/uploads\\\/2016\\\/02\\\/Paleta_Cebo_Iberica-2.jpg\",\"contentUrl\":\"https:\\\/\\\/www.melquiadesrodriguez.com\\\/wp-content\\\/uploads\\\/2016\\\/02\\\/Paleta_Cebo_Iberica-2.jpg\",\"width\":600,\"height\":850,\"caption\":\"Paleta de Cebo Ib\u00e9rica\"},{\"@type\":\"BreadcrumbList\",\"@id\":\"https:\\\/\\\/www.melquiadesrodriguez.com\\\/fr\\\/producto\\\/palette-iberique-de-porcnourrit-au-fourrage-et-au-gland\\\/#breadcrumb\",\"itemListElement\":[{\"@type\":\"ListItem\",\"position\":1,\"name\":\"Portada\",\"item\":\"https:\\\/\\\/www.melquiadesrodriguez.com\\\/fr\\\/\"},{\"@type\":\"ListItem\",\"position\":2,\"name\":\"Produits\",\"item\":\"https:\\\/\\\/www.melquiadesrodriguez.com\\\/fr\\\/produits\\\/\"},{\"@type\":\"ListItem\",\"position\":3,\"name\":\"Palette Ib\u00e9rique de porcnourrit au fourrage et au gland\"}]},{\"@type\":\"WebSite\",\"@id\":\"https:\\\/\\\/www.melquiadesrodriguez.com\\\/fr\\\/#website\",\"url\":\"https:\\\/\\\/www.melquiadesrodriguez.com\\\/fr\\\/\",\"name\":\"Melquiades Rodr\u00edguez\",\"description\":\"Jamones y Embutidos\",\"potentialAction\":[{\"@type\":\"SearchAction\",\"target\":{\"@type\":\"EntryPoint\",\"urlTemplate\":\"https:\\\/\\\/www.melquiadesrodriguez.com\\\/fr\\\/?s={search_term_string}\"},\"query-input\":{\"@type\":\"PropertyValueSpecification\",\"valueRequired\":true,\"valueName\":\"search_term_string\"}}],\"inLanguage\":\"fr-FR\"}]}<\/script>\n<!-- \/ Yoast SEO plugin. -->","yoast_head_json":{"title":"Palette Ib\u00e9rique de porcnourrit au fourrage et au gland entier ou coup\u00e9 avec un couteau par Melquiades Rodr\u00edguez","description":"Palette ib\u00e9rique avec 14 mois d'affinage certifi\u00e9 par Certicar pour la Norme de Qualit\u00e9 du porc ib\u00e9rique, pr\u00e9sent\u00e9e enti\u00e8re avec les pattes. Poids approximatif 5,5 kg.","robots":{"index":"index","follow":"follow","max-snippet":"max-snippet:-1","max-image-preview":"max-image-preview:large","max-video-preview":"max-video-preview:-1"},"canonical":"https:\/\/www.melquiadesrodriguez.com\/fr\/producto\/palette-iberique-de-porcnourrit-au-fourrage-et-au-gland\/","og_locale":"fr_FR","og_type":"article","og_title":"Palette Ib\u00e9rique de porcnourrit au fourrage et au gland entier ou coup\u00e9 avec un couteau par Melquiades Rodr\u00edguez","og_description":"Palette ib\u00e9rique avec 14 mois d'affinage certifi\u00e9 par Certicar pour la Norme de Qualit\u00e9 du porc ib\u00e9rique, pr\u00e9sent\u00e9e enti\u00e8re avec les pattes. Poids approximatif 5,5 kg.","og_url":"https:\/\/www.melquiadesrodriguez.com\/fr\/producto\/palette-iberique-de-porcnourrit-au-fourrage-et-au-gland\/","og_site_name":"Melquiades Rodr\u00edguez","article_publisher":"https:\/\/www.facebook.com\/Jamones-Melquiades-1517726898557586\/?fref=ts","article_modified_time":"2018-06-27T17:15:05+00:00","og_image":[{"width":600,"height":850,"url":"https:\/\/www.melquiadesrodriguez.com\/wp-content\/uploads\/2016\/02\/Paleta_Cebo_Iberica-2.jpg","type":"image\/jpeg"}],"twitter_card":"summary_large_image","twitter_site":"@JamonMelquiades","schema":{"@context":"https:\/\/schema.org","@graph":[{"@type":"WebPage","@id":"https:\/\/www.melquiadesrodriguez.com\/fr\/producto\/palette-iberique-de-porcnourrit-au-fourrage-et-au-gland\/","url":"https:\/\/www.melquiadesrodriguez.com\/fr\/producto\/palette-iberique-de-porcnourrit-au-fourrage-et-au-gland\/","name":"Palette Ib\u00e9rique de porcnourrit au fourrage et au gland entier ou coup\u00e9 avec un couteau par Melquiades Rodr\u00edguez","isPartOf":{"@id":"https:\/\/www.melquiadesrodriguez.com\/fr\/#website"},"primaryImageOfPage":{"@id":"https:\/\/www.melquiadesrodriguez.com\/fr\/producto\/palette-iberique-de-porcnourrit-au-fourrage-et-au-gland\/#primaryimage"},"image":{"@id":"https:\/\/www.melquiadesrodriguez.com\/fr\/producto\/palette-iberique-de-porcnourrit-au-fourrage-et-au-gland\/#primaryimage"},"thumbnailUrl":"https:\/\/www.melquiadesrodriguez.com\/wp-content\/uploads\/2016\/02\/Paleta_Cebo_Iberica-2.jpg","datePublished":"2016-02-25T13:20:57+00:00","dateModified":"2018-06-27T17:15:05+00:00","description":"Palette ib\u00e9rique avec 14 mois d'affinage certifi\u00e9 par Certicar pour la Norme de Qualit\u00e9 du porc ib\u00e9rique, pr\u00e9sent\u00e9e enti\u00e8re avec les pattes. Poids approximatif 5,5 kg.","breadcrumb":{"@id":"https:\/\/www.melquiadesrodriguez.com\/fr\/producto\/palette-iberique-de-porcnourrit-au-fourrage-et-au-gland\/#breadcrumb"},"inLanguage":"fr-FR","potentialAction":[{"@type":"ReadAction","target":["https:\/\/www.melquiadesrodriguez.com\/fr\/producto\/palette-iberique-de-porcnourrit-au-fourrage-et-au-gland\/"]}]},{"@type":"ImageObject","inLanguage":"fr-FR","@id":"https:\/\/www.melquiadesrodriguez.com\/fr\/producto\/palette-iberique-de-porcnourrit-au-fourrage-et-au-gland\/#primaryimage","url":"https:\/\/www.melquiadesrodriguez.com\/wp-content\/uploads\/2016\/02\/Paleta_Cebo_Iberica-2.jpg","contentUrl":"https:\/\/www.melquiadesrodriguez.com\/wp-content\/uploads\/2016\/02\/Paleta_Cebo_Iberica-2.jpg","width":600,"height":850,"caption":"Paleta de Cebo Ib\u00e9rica"},{"@type":"BreadcrumbList","@id":"https:\/\/www.melquiadesrodriguez.com\/fr\/producto\/palette-iberique-de-porcnourrit-au-fourrage-et-au-gland\/#breadcrumb","itemListElement":[{"@type":"ListItem","position":1,"name":"Portada","item":"https:\/\/www.melquiadesrodriguez.com\/fr\/"},{"@type":"ListItem","position":2,"name":"Produits","item":"https:\/\/www.melquiadesrodriguez.com\/fr\/produits\/"},{"@type":"ListItem","position":3,"name":"Palette Ib\u00e9rique de porcnourrit au fourrage et au gland"}]},{"@type":"WebSite","@id":"https:\/\/www.melquiadesrodriguez.com\/fr\/#website","url":"https:\/\/www.melquiadesrodriguez.com\/fr\/","name":"Melquiades Rodr\u00edguez","description":"Jamones y Embutidos","potentialAction":[{"@type":"SearchAction","target":{"@type":"EntryPoint","urlTemplate":"https:\/\/www.melquiadesrodriguez.com\/fr\/?s={search_term_string}"},"query-input":{"@type":"PropertyValueSpecification","valueRequired":true,"valueName":"search_term_string"}}],"inLanguage":"fr-FR"}]}},"_links":{"self":[{"href":"https:\/\/www.melquiadesrodriguez.com\/fr\/wp-json\/wp\/v2\/product\/1699","targetHints":{"allow":["GET"]}}],"collection":[{"href":"https:\/\/www.melquiadesrodriguez.com\/fr\/wp-json\/wp\/v2\/product"}],"about":[{"href":"https:\/\/www.melquiadesrodriguez.com\/fr\/wp-json\/wp\/v2\/types\/product"}],"replies":[{"embeddable":true,"href":"https:\/\/www.melquiadesrodriguez.com\/fr\/wp-json\/wp\/v2\/comments?post=1699"}],"wp:featuredmedia":[{"embeddable":true,"href":"https:\/\/www.melquiadesrodriguez.com\/fr\/wp-json\/wp\/v2\/media\/8324"}],"wp:attachment":[{"href":"https:\/\/www.melquiadesrodriguez.com\/fr\/wp-json\/wp\/v2\/media?parent=1699"}],"wp:term":[{"taxonomy":"product_brand","embeddable":true,"href":"https:\/\/www.melquiadesrodriguez.com\/fr\/wp-json\/wp\/v2\/product_brand?post=1699"},{"taxonomy":"product_cat","embeddable":true,"href":"https:\/\/www.melquiadesrodriguez.com\/fr\/wp-json\/wp\/v2\/product_cat?post=1699"},{"taxonomy":"product_tag","embeddable":true,"href":"https:\/\/www.melquiadesrodriguez.com\/fr\/wp-json\/wp\/v2\/product_tag?post=1699"}],"curies":[{"name":"wp","href":"https:\/\/api.w.org\/{rel}","templated":true}]}}