{"id":1913,"date":"2016-02-25T15:54:25","date_gmt":"2016-02-25T11:54:25","guid":{"rendered":"http:\/\/melquiades.questiondeimagen.com\/product\/assortiment-de-tranches-iberiques-120-gr\/"},"modified":"2016-06-06T11:35:24","modified_gmt":"2016-06-06T09:35:24","slug":"assortiment-de-tranches-iberiques-120-gr","status":"publish","type":"product","link":"https:\/\/www.melquiadesrodriguez.com\/fr\/producto\/assortiment-de-tranches-iberiques-120-gr\/","title":{"rendered":"Assortiment de Tranches Ib\u00e9riques 120 gr"},"content":{"rendered":"<p>Sachet d&#8217;assortiment ib\u00e9rique de chorizo, saucisson et \u00e9chine.<\/p>\n","protected":false},"excerpt":{"rendered":"<p>Sachet d&#8217;assortiment ib&eacute;rique de chorizo, saucisson et &eacute;chine.<\/p>\n<p><em>*Prix &agrave; l&#8217;unit&eacute;.<\/em><\/p>\n","protected":false},"featured_media":1842,"comment_status":"open","ping_status":"closed","template":"","meta":[],"product_brand":[],"product_cat":[107],"product_tag":[111,119],"class_list":{"0":"post-1913","1":"product","2":"type-product","3":"status-publish","4":"has-post-thumbnail","6":"product_cat-tranches","7":"product_tag-assortiment-de-tranches-iberiques","8":"product_tag-tranches","10":"first","11":"instock","12":"taxable","13":"shipping-taxable","14":"purchasable","15":"product-type-simple"},"yoast_head":"<!-- This site is optimized with the Yoast SEO plugin v27.3 - https:\/\/yoast.com\/product\/yoast-seo-wordpress\/ -->\n<title>Assortiment de Tranches Ib\u00e9riques 120 gr - Melquiades Rodr\u00edguez<\/title>\n<meta name=\"robots\" content=\"index, follow, max-snippet:-1, max-image-preview:large, max-video-preview:-1\" \/>\n<link rel=\"canonical\" href=\"https:\/\/www.melquiadesrodriguez.com\/fr\/producto\/assortiment-de-tranches-iberiques-120-gr\/\" \/>\n<meta property=\"og:locale\" content=\"fr_FR\" \/>\n<meta property=\"og:type\" content=\"article\" \/>\n<meta property=\"og:title\" content=\"Assortiment de Tranches Ib\u00e9riques 120 gr - Melquiades Rodr\u00edguez\" \/>\n<meta property=\"og:description\" content=\"Sachet d&#039;assortiment ib&eacute;rique de chorizo, saucisson et &eacute;chine.  *Prix &agrave; l&#039;unit&eacute;.\" \/>\n<meta property=\"og:url\" content=\"https:\/\/www.melquiadesrodriguez.com\/fr\/producto\/assortiment-de-tranches-iberiques-120-gr\/\" \/>\n<meta property=\"og:site_name\" content=\"Melquiades Rodr\u00edguez\" \/>\n<meta property=\"article:publisher\" content=\"https:\/\/www.facebook.com\/Jamones-Melquiades-1517726898557586\/?fref=ts\" \/>\n<meta property=\"article:modified_time\" content=\"2016-06-06T09:35:24+00:00\" \/>\n<meta property=\"og:image\" content=\"https:\/\/www.melquiadesrodriguez.com\/wp-content\/uploads\/2016\/02\/Surtido_Ibericos.jpg\" \/>\n\t<meta property=\"og:image:width\" content=\"600\" \/>\n\t<meta property=\"og:image:height\" content=\"425\" \/>\n\t<meta property=\"og:image:type\" content=\"image\/jpeg\" \/>\n<meta name=\"twitter:card\" content=\"summary_large_image\" \/>\n<meta name=\"twitter:site\" content=\"@JamonMelquiades\" \/>\n<script type=\"application\/ld+json\" class=\"yoast-schema-graph\">{\"@context\":\"https:\\\/\\\/schema.org\",\"@graph\":[{\"@type\":\"WebPage\",\"@id\":\"https:\\\/\\\/www.melquiadesrodriguez.com\\\/fr\\\/producto\\\/assortiment-de-tranches-iberiques-120-gr\\\/\",\"url\":\"https:\\\/\\\/www.melquiadesrodriguez.com\\\/fr\\\/producto\\\/assortiment-de-tranches-iberiques-120-gr\\\/\",\"name\":\"Assortiment de Tranches Ib\u00e9riques 120 gr - Melquiades Rodr\u00edguez\",\"isPartOf\":{\"@id\":\"https:\\\/\\\/www.melquiadesrodriguez.com\\\/fr\\\/#website\"},\"primaryImageOfPage\":{\"@id\":\"https:\\\/\\\/www.melquiadesrodriguez.com\\\/fr\\\/producto\\\/assortiment-de-tranches-iberiques-120-gr\\\/#primaryimage\"},\"image\":{\"@id\":\"https:\\\/\\\/www.melquiadesrodriguez.com\\\/fr\\\/producto\\\/assortiment-de-tranches-iberiques-120-gr\\\/#primaryimage\"},\"thumbnailUrl\":\"https:\\\/\\\/www.melquiadesrodriguez.com\\\/wp-content\\\/uploads\\\/2016\\\/02\\\/Surtido_Ibericos.jpg\",\"datePublished\":\"2016-02-25T11:54:25+00:00\",\"dateModified\":\"2016-06-06T09:35:24+00:00\",\"breadcrumb\":{\"@id\":\"https:\\\/\\\/www.melquiadesrodriguez.com\\\/fr\\\/producto\\\/assortiment-de-tranches-iberiques-120-gr\\\/#breadcrumb\"},\"inLanguage\":\"fr-FR\",\"potentialAction\":[{\"@type\":\"ReadAction\",\"target\":[\"https:\\\/\\\/www.melquiadesrodriguez.com\\\/fr\\\/producto\\\/assortiment-de-tranches-iberiques-120-gr\\\/\"]}]},{\"@type\":\"ImageObject\",\"inLanguage\":\"fr-FR\",\"@id\":\"https:\\\/\\\/www.melquiadesrodriguez.com\\\/fr\\\/producto\\\/assortiment-de-tranches-iberiques-120-gr\\\/#primaryimage\",\"url\":\"https:\\\/\\\/www.melquiadesrodriguez.com\\\/wp-content\\\/uploads\\\/2016\\\/02\\\/Surtido_Ibericos.jpg\",\"contentUrl\":\"https:\\\/\\\/www.melquiadesrodriguez.com\\\/wp-content\\\/uploads\\\/2016\\\/02\\\/Surtido_Ibericos.jpg\",\"width\":600,\"height\":425,\"caption\":\"Surtido de Ib\u00e9ricos loncheados Melquiades Rodr\u00edguez\"},{\"@type\":\"BreadcrumbList\",\"@id\":\"https:\\\/\\\/www.melquiadesrodriguez.com\\\/fr\\\/producto\\\/assortiment-de-tranches-iberiques-120-gr\\\/#breadcrumb\",\"itemListElement\":[{\"@type\":\"ListItem\",\"position\":1,\"name\":\"Portada\",\"item\":\"https:\\\/\\\/www.melquiadesrodriguez.com\\\/fr\\\/\"},{\"@type\":\"ListItem\",\"position\":2,\"name\":\"Produits\",\"item\":\"https:\\\/\\\/www.melquiadesrodriguez.com\\\/fr\\\/produits\\\/\"},{\"@type\":\"ListItem\",\"position\":3,\"name\":\"Assortiment de Tranches Ib\u00e9riques 120 gr\"}]},{\"@type\":\"WebSite\",\"@id\":\"https:\\\/\\\/www.melquiadesrodriguez.com\\\/fr\\\/#website\",\"url\":\"https:\\\/\\\/www.melquiadesrodriguez.com\\\/fr\\\/\",\"name\":\"Melquiades Rodr\u00edguez\",\"description\":\"Jamones y Embutidos\",\"potentialAction\":[{\"@type\":\"SearchAction\",\"target\":{\"@type\":\"EntryPoint\",\"urlTemplate\":\"https:\\\/\\\/www.melquiadesrodriguez.com\\\/fr\\\/?s={search_term_string}\"},\"query-input\":{\"@type\":\"PropertyValueSpecification\",\"valueRequired\":true,\"valueName\":\"search_term_string\"}}],\"inLanguage\":\"fr-FR\"}]}<\/script>\n<!-- \/ Yoast SEO plugin. -->","yoast_head_json":{"title":"Assortiment de Tranches Ib\u00e9riques 120 gr - Melquiades Rodr\u00edguez","robots":{"index":"index","follow":"follow","max-snippet":"max-snippet:-1","max-image-preview":"max-image-preview:large","max-video-preview":"max-video-preview:-1"},"canonical":"https:\/\/www.melquiadesrodriguez.com\/fr\/producto\/assortiment-de-tranches-iberiques-120-gr\/","og_locale":"fr_FR","og_type":"article","og_title":"Assortiment de Tranches Ib\u00e9riques 120 gr - Melquiades Rodr\u00edguez","og_description":"Sachet d'assortiment ib&eacute;rique de chorizo, saucisson et &eacute;chine.  *Prix &agrave; l'unit&eacute;.","og_url":"https:\/\/www.melquiadesrodriguez.com\/fr\/producto\/assortiment-de-tranches-iberiques-120-gr\/","og_site_name":"Melquiades Rodr\u00edguez","article_publisher":"https:\/\/www.facebook.com\/Jamones-Melquiades-1517726898557586\/?fref=ts","article_modified_time":"2016-06-06T09:35:24+00:00","og_image":[{"width":600,"height":425,"url":"https:\/\/www.melquiadesrodriguez.com\/wp-content\/uploads\/2016\/02\/Surtido_Ibericos.jpg","type":"image\/jpeg"}],"twitter_card":"summary_large_image","twitter_site":"@JamonMelquiades","schema":{"@context":"https:\/\/schema.org","@graph":[{"@type":"WebPage","@id":"https:\/\/www.melquiadesrodriguez.com\/fr\/producto\/assortiment-de-tranches-iberiques-120-gr\/","url":"https:\/\/www.melquiadesrodriguez.com\/fr\/producto\/assortiment-de-tranches-iberiques-120-gr\/","name":"Assortiment de Tranches Ib\u00e9riques 120 gr - Melquiades Rodr\u00edguez","isPartOf":{"@id":"https:\/\/www.melquiadesrodriguez.com\/fr\/#website"},"primaryImageOfPage":{"@id":"https:\/\/www.melquiadesrodriguez.com\/fr\/producto\/assortiment-de-tranches-iberiques-120-gr\/#primaryimage"},"image":{"@id":"https:\/\/www.melquiadesrodriguez.com\/fr\/producto\/assortiment-de-tranches-iberiques-120-gr\/#primaryimage"},"thumbnailUrl":"https:\/\/www.melquiadesrodriguez.com\/wp-content\/uploads\/2016\/02\/Surtido_Ibericos.jpg","datePublished":"2016-02-25T11:54:25+00:00","dateModified":"2016-06-06T09:35:24+00:00","breadcrumb":{"@id":"https:\/\/www.melquiadesrodriguez.com\/fr\/producto\/assortiment-de-tranches-iberiques-120-gr\/#breadcrumb"},"inLanguage":"fr-FR","potentialAction":[{"@type":"ReadAction","target":["https:\/\/www.melquiadesrodriguez.com\/fr\/producto\/assortiment-de-tranches-iberiques-120-gr\/"]}]},{"@type":"ImageObject","inLanguage":"fr-FR","@id":"https:\/\/www.melquiadesrodriguez.com\/fr\/producto\/assortiment-de-tranches-iberiques-120-gr\/#primaryimage","url":"https:\/\/www.melquiadesrodriguez.com\/wp-content\/uploads\/2016\/02\/Surtido_Ibericos.jpg","contentUrl":"https:\/\/www.melquiadesrodriguez.com\/wp-content\/uploads\/2016\/02\/Surtido_Ibericos.jpg","width":600,"height":425,"caption":"Surtido de Ib\u00e9ricos loncheados Melquiades Rodr\u00edguez"},{"@type":"BreadcrumbList","@id":"https:\/\/www.melquiadesrodriguez.com\/fr\/producto\/assortiment-de-tranches-iberiques-120-gr\/#breadcrumb","itemListElement":[{"@type":"ListItem","position":1,"name":"Portada","item":"https:\/\/www.melquiadesrodriguez.com\/fr\/"},{"@type":"ListItem","position":2,"name":"Produits","item":"https:\/\/www.melquiadesrodriguez.com\/fr\/produits\/"},{"@type":"ListItem","position":3,"name":"Assortiment de Tranches Ib\u00e9riques 120 gr"}]},{"@type":"WebSite","@id":"https:\/\/www.melquiadesrodriguez.com\/fr\/#website","url":"https:\/\/www.melquiadesrodriguez.com\/fr\/","name":"Melquiades Rodr\u00edguez","description":"Jamones y Embutidos","potentialAction":[{"@type":"SearchAction","target":{"@type":"EntryPoint","urlTemplate":"https:\/\/www.melquiadesrodriguez.com\/fr\/?s={search_term_string}"},"query-input":{"@type":"PropertyValueSpecification","valueRequired":true,"valueName":"search_term_string"}}],"inLanguage":"fr-FR"}]}},"_links":{"self":[{"href":"https:\/\/www.melquiadesrodriguez.com\/fr\/wp-json\/wp\/v2\/product\/1913","targetHints":{"allow":["GET"]}}],"collection":[{"href":"https:\/\/www.melquiadesrodriguez.com\/fr\/wp-json\/wp\/v2\/product"}],"about":[{"href":"https:\/\/www.melquiadesrodriguez.com\/fr\/wp-json\/wp\/v2\/types\/product"}],"replies":[{"embeddable":true,"href":"https:\/\/www.melquiadesrodriguez.com\/fr\/wp-json\/wp\/v2\/comments?post=1913"}],"wp:featuredmedia":[{"embeddable":true,"href":"https:\/\/www.melquiadesrodriguez.com\/fr\/wp-json\/wp\/v2\/media\/1842"}],"wp:attachment":[{"href":"https:\/\/www.melquiadesrodriguez.com\/fr\/wp-json\/wp\/v2\/media?parent=1913"}],"wp:term":[{"taxonomy":"product_brand","embeddable":true,"href":"https:\/\/www.melquiadesrodriguez.com\/fr\/wp-json\/wp\/v2\/product_brand?post=1913"},{"taxonomy":"product_cat","embeddable":true,"href":"https:\/\/www.melquiadesrodriguez.com\/fr\/wp-json\/wp\/v2\/product_cat?post=1913"},{"taxonomy":"product_tag","embeddable":true,"href":"https:\/\/www.melquiadesrodriguez.com\/fr\/wp-json\/wp\/v2\/product_tag?post=1913"}],"curies":[{"name":"wp","href":"https:\/\/api.w.org\/{rel}","templated":true}]}}