{"id":1922,"date":"2016-02-25T16:34:25","date_gmt":"2016-02-25T14:34:25","guid":{"rendered":"http:\/\/melquiades.questiondeimagen.com\/product\/lot-degustation-de-tranches\/"},"modified":"2016-06-06T11:33:26","modified_gmt":"2016-06-06T09:33:26","slug":"lot-degustation-de-tranches","status":"publish","type":"product","link":"https:\/\/www.melquiadesrodriguez.com\/fr\/producto\/lot-degustation-de-tranches\/","title":{"rendered":"Lot d\u00e9gustation de Tranches"},"content":{"rendered":"<p>Lot de tranches avec 5 sachets d&#8217;assortiment de charcuteries ib\u00e9riques  et 5 sachets de tranche de jambon ib\u00e9rique de porc nourrit au fourrage  et au gland.<\/p>\n","protected":false},"excerpt":{"rendered":"<p>Lot de tranches avec 5 sachets d&#8217;assortiment de charcuteries ib&eacute;riques et 5 sachets de tranche de jambon ib&eacute;rique de porc nourrit au fourrage et au gland.<\/p>\n<p><em>*Prix &agrave; l&#8217;unit&eacute;.<\/em><\/p>\n","protected":false},"featured_media":1943,"comment_status":"open","ping_status":"closed","template":"","meta":[],"product_brand":[],"product_cat":[105],"product_tag":[112,129,132,127,119],"class_list":{"0":"post-1922","1":"product","2":"type-product","3":"status-publish","4":"has-post-thumbnail","6":"product_cat-lots","7":"product_tag-assortiment","8":"product_tag-degustation","9":"product_tag-embutidos-ibericos-fr","10":"product_tag-jambon-iberique","11":"product_tag-tranches","13":"first","14":"instock","15":"taxable","16":"shipping-taxable","17":"purchasable","18":"product-type-simple"},"yoast_head":"<!-- This site is optimized with the Yoast SEO plugin v27.3 - https:\/\/yoast.com\/product\/yoast-seo-wordpress\/ -->\n<title>Lot d\u00e9gustation de Tranches - Melquiades Rodr\u00edguez<\/title>\n<meta name=\"robots\" content=\"index, follow, max-snippet:-1, max-image-preview:large, max-video-preview:-1\" \/>\n<link rel=\"canonical\" href=\"https:\/\/www.melquiadesrodriguez.com\/fr\/producto\/lot-degustation-de-tranches\/\" \/>\n<meta property=\"og:locale\" content=\"fr_FR\" \/>\n<meta property=\"og:type\" content=\"article\" \/>\n<meta property=\"og:title\" content=\"Lot d\u00e9gustation de Tranches - Melquiades Rodr\u00edguez\" \/>\n<meta property=\"og:description\" content=\"Lot de tranches avec 5 sachets d&#039;assortiment de charcuteries ib&eacute;riques et 5 sachets de tranche de jambon ib&eacute;rique de porc nourrit au fourrage et au gland.  *Prix &agrave; l&#039;unit&eacute;.\" \/>\n<meta property=\"og:url\" content=\"https:\/\/www.melquiadesrodriguez.com\/fr\/producto\/lot-degustation-de-tranches\/\" \/>\n<meta property=\"og:site_name\" content=\"Melquiades Rodr\u00edguez\" \/>\n<meta property=\"article:publisher\" content=\"https:\/\/www.facebook.com\/Jamones-Melquiades-1517726898557586\/?fref=ts\" \/>\n<meta property=\"article:modified_time\" content=\"2016-06-06T09:33:26+00:00\" \/>\n<meta property=\"og:image\" content=\"https:\/\/www.melquiadesrodriguez.com\/wp-content\/uploads\/2016\/02\/Loncheados.jpg\" \/>\n\t<meta property=\"og:image:width\" content=\"567\" \/>\n\t<meta property=\"og:image:height\" content=\"425\" \/>\n\t<meta property=\"og:image:type\" content=\"image\/jpeg\" \/>\n<meta name=\"twitter:card\" content=\"summary_large_image\" \/>\n<meta name=\"twitter:site\" content=\"@JamonMelquiades\" \/>\n<script type=\"application\/ld+json\" class=\"yoast-schema-graph\">{\"@context\":\"https:\\\/\\\/schema.org\",\"@graph\":[{\"@type\":\"WebPage\",\"@id\":\"https:\\\/\\\/www.melquiadesrodriguez.com\\\/fr\\\/producto\\\/lot-degustation-de-tranches\\\/\",\"url\":\"https:\\\/\\\/www.melquiadesrodriguez.com\\\/fr\\\/producto\\\/lot-degustation-de-tranches\\\/\",\"name\":\"Lot d\u00e9gustation de Tranches - Melquiades Rodr\u00edguez\",\"isPartOf\":{\"@id\":\"https:\\\/\\\/www.melquiadesrodriguez.com\\\/fr\\\/#website\"},\"primaryImageOfPage\":{\"@id\":\"https:\\\/\\\/www.melquiadesrodriguez.com\\\/fr\\\/producto\\\/lot-degustation-de-tranches\\\/#primaryimage\"},\"image\":{\"@id\":\"https:\\\/\\\/www.melquiadesrodriguez.com\\\/fr\\\/producto\\\/lot-degustation-de-tranches\\\/#primaryimage\"},\"thumbnailUrl\":\"https:\\\/\\\/www.melquiadesrodriguez.com\\\/wp-content\\\/uploads\\\/2016\\\/02\\\/Loncheados.jpg\",\"datePublished\":\"2016-02-25T14:34:25+00:00\",\"dateModified\":\"2016-06-06T09:33:26+00:00\",\"breadcrumb\":{\"@id\":\"https:\\\/\\\/www.melquiadesrodriguez.com\\\/fr\\\/producto\\\/lot-degustation-de-tranches\\\/#breadcrumb\"},\"inLanguage\":\"fr-FR\",\"potentialAction\":[{\"@type\":\"ReadAction\",\"target\":[\"https:\\\/\\\/www.melquiadesrodriguez.com\\\/fr\\\/producto\\\/lot-degustation-de-tranches\\\/\"]}]},{\"@type\":\"ImageObject\",\"inLanguage\":\"fr-FR\",\"@id\":\"https:\\\/\\\/www.melquiadesrodriguez.com\\\/fr\\\/producto\\\/lot-degustation-de-tranches\\\/#primaryimage\",\"url\":\"https:\\\/\\\/www.melquiadesrodriguez.com\\\/wp-content\\\/uploads\\\/2016\\\/02\\\/Loncheados.jpg\",\"contentUrl\":\"https:\\\/\\\/www.melquiadesrodriguez.com\\\/wp-content\\\/uploads\\\/2016\\\/02\\\/Loncheados.jpg\",\"width\":567,\"height\":425},{\"@type\":\"BreadcrumbList\",\"@id\":\"https:\\\/\\\/www.melquiadesrodriguez.com\\\/fr\\\/producto\\\/lot-degustation-de-tranches\\\/#breadcrumb\",\"itemListElement\":[{\"@type\":\"ListItem\",\"position\":1,\"name\":\"Portada\",\"item\":\"https:\\\/\\\/www.melquiadesrodriguez.com\\\/fr\\\/\"},{\"@type\":\"ListItem\",\"position\":2,\"name\":\"Produits\",\"item\":\"https:\\\/\\\/www.melquiadesrodriguez.com\\\/fr\\\/produits\\\/\"},{\"@type\":\"ListItem\",\"position\":3,\"name\":\"Lot d\u00e9gustation de Tranches\"}]},{\"@type\":\"WebSite\",\"@id\":\"https:\\\/\\\/www.melquiadesrodriguez.com\\\/fr\\\/#website\",\"url\":\"https:\\\/\\\/www.melquiadesrodriguez.com\\\/fr\\\/\",\"name\":\"Melquiades Rodr\u00edguez\",\"description\":\"Jamones y Embutidos\",\"potentialAction\":[{\"@type\":\"SearchAction\",\"target\":{\"@type\":\"EntryPoint\",\"urlTemplate\":\"https:\\\/\\\/www.melquiadesrodriguez.com\\\/fr\\\/?s={search_term_string}\"},\"query-input\":{\"@type\":\"PropertyValueSpecification\",\"valueRequired\":true,\"valueName\":\"search_term_string\"}}],\"inLanguage\":\"fr-FR\"}]}<\/script>\n<!-- \/ Yoast SEO plugin. -->","yoast_head_json":{"title":"Lot d\u00e9gustation de Tranches - Melquiades Rodr\u00edguez","robots":{"index":"index","follow":"follow","max-snippet":"max-snippet:-1","max-image-preview":"max-image-preview:large","max-video-preview":"max-video-preview:-1"},"canonical":"https:\/\/www.melquiadesrodriguez.com\/fr\/producto\/lot-degustation-de-tranches\/","og_locale":"fr_FR","og_type":"article","og_title":"Lot d\u00e9gustation de Tranches - Melquiades Rodr\u00edguez","og_description":"Lot de tranches avec 5 sachets d'assortiment de charcuteries ib&eacute;riques et 5 sachets de tranche de jambon ib&eacute;rique de porc nourrit au fourrage et au gland.  *Prix &agrave; l'unit&eacute;.","og_url":"https:\/\/www.melquiadesrodriguez.com\/fr\/producto\/lot-degustation-de-tranches\/","og_site_name":"Melquiades Rodr\u00edguez","article_publisher":"https:\/\/www.facebook.com\/Jamones-Melquiades-1517726898557586\/?fref=ts","article_modified_time":"2016-06-06T09:33:26+00:00","og_image":[{"width":567,"height":425,"url":"https:\/\/www.melquiadesrodriguez.com\/wp-content\/uploads\/2016\/02\/Loncheados.jpg","type":"image\/jpeg"}],"twitter_card":"summary_large_image","twitter_site":"@JamonMelquiades","schema":{"@context":"https:\/\/schema.org","@graph":[{"@type":"WebPage","@id":"https:\/\/www.melquiadesrodriguez.com\/fr\/producto\/lot-degustation-de-tranches\/","url":"https:\/\/www.melquiadesrodriguez.com\/fr\/producto\/lot-degustation-de-tranches\/","name":"Lot d\u00e9gustation de Tranches - Melquiades Rodr\u00edguez","isPartOf":{"@id":"https:\/\/www.melquiadesrodriguez.com\/fr\/#website"},"primaryImageOfPage":{"@id":"https:\/\/www.melquiadesrodriguez.com\/fr\/producto\/lot-degustation-de-tranches\/#primaryimage"},"image":{"@id":"https:\/\/www.melquiadesrodriguez.com\/fr\/producto\/lot-degustation-de-tranches\/#primaryimage"},"thumbnailUrl":"https:\/\/www.melquiadesrodriguez.com\/wp-content\/uploads\/2016\/02\/Loncheados.jpg","datePublished":"2016-02-25T14:34:25+00:00","dateModified":"2016-06-06T09:33:26+00:00","breadcrumb":{"@id":"https:\/\/www.melquiadesrodriguez.com\/fr\/producto\/lot-degustation-de-tranches\/#breadcrumb"},"inLanguage":"fr-FR","potentialAction":[{"@type":"ReadAction","target":["https:\/\/www.melquiadesrodriguez.com\/fr\/producto\/lot-degustation-de-tranches\/"]}]},{"@type":"ImageObject","inLanguage":"fr-FR","@id":"https:\/\/www.melquiadesrodriguez.com\/fr\/producto\/lot-degustation-de-tranches\/#primaryimage","url":"https:\/\/www.melquiadesrodriguez.com\/wp-content\/uploads\/2016\/02\/Loncheados.jpg","contentUrl":"https:\/\/www.melquiadesrodriguez.com\/wp-content\/uploads\/2016\/02\/Loncheados.jpg","width":567,"height":425},{"@type":"BreadcrumbList","@id":"https:\/\/www.melquiadesrodriguez.com\/fr\/producto\/lot-degustation-de-tranches\/#breadcrumb","itemListElement":[{"@type":"ListItem","position":1,"name":"Portada","item":"https:\/\/www.melquiadesrodriguez.com\/fr\/"},{"@type":"ListItem","position":2,"name":"Produits","item":"https:\/\/www.melquiadesrodriguez.com\/fr\/produits\/"},{"@type":"ListItem","position":3,"name":"Lot d\u00e9gustation de Tranches"}]},{"@type":"WebSite","@id":"https:\/\/www.melquiadesrodriguez.com\/fr\/#website","url":"https:\/\/www.melquiadesrodriguez.com\/fr\/","name":"Melquiades Rodr\u00edguez","description":"Jamones y Embutidos","potentialAction":[{"@type":"SearchAction","target":{"@type":"EntryPoint","urlTemplate":"https:\/\/www.melquiadesrodriguez.com\/fr\/?s={search_term_string}"},"query-input":{"@type":"PropertyValueSpecification","valueRequired":true,"valueName":"search_term_string"}}],"inLanguage":"fr-FR"}]}},"_links":{"self":[{"href":"https:\/\/www.melquiadesrodriguez.com\/fr\/wp-json\/wp\/v2\/product\/1922","targetHints":{"allow":["GET"]}}],"collection":[{"href":"https:\/\/www.melquiadesrodriguez.com\/fr\/wp-json\/wp\/v2\/product"}],"about":[{"href":"https:\/\/www.melquiadesrodriguez.com\/fr\/wp-json\/wp\/v2\/types\/product"}],"replies":[{"embeddable":true,"href":"https:\/\/www.melquiadesrodriguez.com\/fr\/wp-json\/wp\/v2\/comments?post=1922"}],"wp:featuredmedia":[{"embeddable":true,"href":"https:\/\/www.melquiadesrodriguez.com\/fr\/wp-json\/wp\/v2\/media\/1943"}],"wp:attachment":[{"href":"https:\/\/www.melquiadesrodriguez.com\/fr\/wp-json\/wp\/v2\/media?parent=1922"}],"wp:term":[{"taxonomy":"product_brand","embeddable":true,"href":"https:\/\/www.melquiadesrodriguez.com\/fr\/wp-json\/wp\/v2\/product_brand?post=1922"},{"taxonomy":"product_cat","embeddable":true,"href":"https:\/\/www.melquiadesrodriguez.com\/fr\/wp-json\/wp\/v2\/product_cat?post=1922"},{"taxonomy":"product_tag","embeddable":true,"href":"https:\/\/www.melquiadesrodriguez.com\/fr\/wp-json\/wp\/v2\/product_tag?post=1922"}],"curies":[{"name":"wp","href":"https:\/\/api.w.org\/{rel}","templated":true}]}}