{"id":2375,"date":"2017-02-15T13:54:19","date_gmt":"2017-02-15T11:54:19","guid":{"rendered":""},"modified":"2020-05-27T07:00:04","modified_gmt":"2020-05-27T05:00:04","slug":"chorizo-zamorano-bougie-2","status":"publish","type":"product","link":"https:\/\/www.melquiadesrodriguez.com\/fr\/producto\/chorizo-zamorano-bougie-2\/","title":{"rendered":"Chorizo Zamorano Extra \u00c9PIC\u00c9"},"content":{"rendered":"<p>Chorizo \u00c9PIC\u00c9 de 0,5 kg environ certifi\u00e9 par la Marque Garantie \u201cChorizo Zamorano\u201d. Certifi\u00e9 par la junte de Castille et Leon avec la marque \u201cTERRE DE SAVEUR\u201d.<\/p>\n","protected":false},"excerpt":{"rendered":"<p>Chorizo \u00c9PIC\u00c9 de 0,5 kg environ certifi\u00e9 par la Marque Garantie \u201cChorizo Zamorano\u201d. Certifi\u00e9 par la junte de Castille et Leon avec la marque \u201cTERRE DE SAVEUR\u201d.<\/p>\n<p><em>*Prix \u00e0 l&#8217;unit\u00e9.<\/em><\/p>\n","protected":false},"featured_media":6713,"comment_status":"open","ping_status":"closed","template":"","meta":[],"product_brand":[],"product_cat":[104],"product_tag":[131],"class_list":{"0":"post-2375","1":"product","2":"type-product","3":"status-publish","4":"has-post-thumbnail","6":"product_cat-chorizo-et-saucisson","7":"product_tag-chorizo-zamorano-fr","9":"first","10":"instock","11":"taxable","12":"shipping-taxable","13":"purchasable","14":"product-type-simple"},"yoast_head":"<!-- This site is optimized with the Yoast SEO plugin v27.3 - https:\/\/yoast.com\/product\/yoast-seo-wordpress\/ -->\n<title>Chorizo bougie de 0,5 kg environ certifi\u00e9 par la Marque Garantie \u201cChorizo Zamorano\u201d. Melquiades Rodr\u00edguez<\/title>\n<meta name=\"description\" content=\"Chorizo Zamorano \u201cBougie\u201d. Melquiades Rodr\u00edguez.\" \/>\n<meta name=\"robots\" content=\"index, follow, max-snippet:-1, max-image-preview:large, max-video-preview:-1\" \/>\n<link rel=\"canonical\" href=\"https:\/\/www.melquiadesrodriguez.com\/fr\/producto\/chorizo-zamorano-bougie-2\/\" \/>\n<meta property=\"og:locale\" content=\"fr_FR\" \/>\n<meta property=\"og:type\" content=\"article\" \/>\n<meta property=\"og:title\" content=\"Chorizo bougie de 0,5 kg environ certifi\u00e9 par la Marque Garantie \u201cChorizo Zamorano\u201d. Melquiades Rodr\u00edguez\" \/>\n<meta property=\"og:description\" content=\"Chorizo Zamorano \u201cBougie\u201d. Melquiades Rodr\u00edguez.\" \/>\n<meta property=\"og:url\" content=\"https:\/\/www.melquiadesrodriguez.com\/fr\/producto\/chorizo-zamorano-bougie-2\/\" \/>\n<meta property=\"og:site_name\" content=\"Melquiades Rodr\u00edguez\" \/>\n<meta property=\"article:publisher\" content=\"https:\/\/www.facebook.com\/Jamones-Melquiades-1517726898557586\/?fref=ts\" \/>\n<meta property=\"article:modified_time\" content=\"2020-05-27T05:00:04+00:00\" \/>\n<meta property=\"og:image\" content=\"https:\/\/www.melquiadesrodriguez.com\/wp-content\/uploads\/2017\/02\/Chorizo_Picante_.jpg\" \/>\n\t<meta property=\"og:image:width\" content=\"850\" \/>\n\t<meta property=\"og:image:height\" content=\"850\" \/>\n\t<meta property=\"og:image:type\" content=\"image\/jpeg\" \/>\n<meta name=\"twitter:card\" content=\"summary_large_image\" \/>\n<meta name=\"twitter:site\" content=\"@JamonMelquiades\" \/>\n<script type=\"application\/ld+json\" class=\"yoast-schema-graph\">{\"@context\":\"https:\\\/\\\/schema.org\",\"@graph\":[{\"@type\":\"WebPage\",\"@id\":\"https:\\\/\\\/www.melquiadesrodriguez.com\\\/fr\\\/producto\\\/chorizo-zamorano-bougie-2\\\/\",\"url\":\"https:\\\/\\\/www.melquiadesrodriguez.com\\\/fr\\\/producto\\\/chorizo-zamorano-bougie-2\\\/\",\"name\":\"Chorizo bougie de 0,5 kg environ certifi\u00e9 par la Marque Garantie \u201cChorizo Zamorano\u201d. Melquiades Rodr\u00edguez\",\"isPartOf\":{\"@id\":\"https:\\\/\\\/www.melquiadesrodriguez.com\\\/fr\\\/#website\"},\"primaryImageOfPage\":{\"@id\":\"https:\\\/\\\/www.melquiadesrodriguez.com\\\/fr\\\/producto\\\/chorizo-zamorano-bougie-2\\\/#primaryimage\"},\"image\":{\"@id\":\"https:\\\/\\\/www.melquiadesrodriguez.com\\\/fr\\\/producto\\\/chorizo-zamorano-bougie-2\\\/#primaryimage\"},\"thumbnailUrl\":\"https:\\\/\\\/www.melquiadesrodriguez.com\\\/wp-content\\\/uploads\\\/2017\\\/02\\\/Chorizo_Picante_.jpg\",\"datePublished\":\"2017-02-15T11:54:19+00:00\",\"dateModified\":\"2020-05-27T05:00:04+00:00\",\"description\":\"Chorizo Zamorano \u201cBougie\u201d. Melquiades Rodr\u00edguez.\",\"breadcrumb\":{\"@id\":\"https:\\\/\\\/www.melquiadesrodriguez.com\\\/fr\\\/producto\\\/chorizo-zamorano-bougie-2\\\/#breadcrumb\"},\"inLanguage\":\"fr-FR\",\"potentialAction\":[{\"@type\":\"ReadAction\",\"target\":[\"https:\\\/\\\/www.melquiadesrodriguez.com\\\/fr\\\/producto\\\/chorizo-zamorano-bougie-2\\\/\"]}]},{\"@type\":\"ImageObject\",\"inLanguage\":\"fr-FR\",\"@id\":\"https:\\\/\\\/www.melquiadesrodriguez.com\\\/fr\\\/producto\\\/chorizo-zamorano-bougie-2\\\/#primaryimage\",\"url\":\"https:\\\/\\\/www.melquiadesrodriguez.com\\\/wp-content\\\/uploads\\\/2017\\\/02\\\/Chorizo_Picante_.jpg\",\"contentUrl\":\"https:\\\/\\\/www.melquiadesrodriguez.com\\\/wp-content\\\/uploads\\\/2017\\\/02\\\/Chorizo_Picante_.jpg\",\"width\":850,\"height\":850,\"caption\":\"Chorizo Zamorano \\\"sarta\\\" picante\"},{\"@type\":\"BreadcrumbList\",\"@id\":\"https:\\\/\\\/www.melquiadesrodriguez.com\\\/fr\\\/producto\\\/chorizo-zamorano-bougie-2\\\/#breadcrumb\",\"itemListElement\":[{\"@type\":\"ListItem\",\"position\":1,\"name\":\"Portada\",\"item\":\"https:\\\/\\\/www.melquiadesrodriguez.com\\\/fr\\\/\"},{\"@type\":\"ListItem\",\"position\":2,\"name\":\"Produits\",\"item\":\"https:\\\/\\\/www.melquiadesrodriguez.com\\\/fr\\\/produits\\\/\"},{\"@type\":\"ListItem\",\"position\":3,\"name\":\"Chorizo Zamorano Extra \u00c9PIC\u00c9\"}]},{\"@type\":\"WebSite\",\"@id\":\"https:\\\/\\\/www.melquiadesrodriguez.com\\\/fr\\\/#website\",\"url\":\"https:\\\/\\\/www.melquiadesrodriguez.com\\\/fr\\\/\",\"name\":\"Melquiades Rodr\u00edguez\",\"description\":\"Jamones y Embutidos\",\"potentialAction\":[{\"@type\":\"SearchAction\",\"target\":{\"@type\":\"EntryPoint\",\"urlTemplate\":\"https:\\\/\\\/www.melquiadesrodriguez.com\\\/fr\\\/?s={search_term_string}\"},\"query-input\":{\"@type\":\"PropertyValueSpecification\",\"valueRequired\":true,\"valueName\":\"search_term_string\"}}],\"inLanguage\":\"fr-FR\"}]}<\/script>\n<!-- \/ Yoast SEO plugin. -->","yoast_head_json":{"title":"Chorizo bougie de 0,5 kg environ certifi\u00e9 par la Marque Garantie \u201cChorizo Zamorano\u201d. Melquiades Rodr\u00edguez","description":"Chorizo Zamorano \u201cBougie\u201d. Melquiades Rodr\u00edguez.","robots":{"index":"index","follow":"follow","max-snippet":"max-snippet:-1","max-image-preview":"max-image-preview:large","max-video-preview":"max-video-preview:-1"},"canonical":"https:\/\/www.melquiadesrodriguez.com\/fr\/producto\/chorizo-zamorano-bougie-2\/","og_locale":"fr_FR","og_type":"article","og_title":"Chorizo bougie de 0,5 kg environ certifi\u00e9 par la Marque Garantie \u201cChorizo Zamorano\u201d. Melquiades Rodr\u00edguez","og_description":"Chorizo Zamorano \u201cBougie\u201d. Melquiades Rodr\u00edguez.","og_url":"https:\/\/www.melquiadesrodriguez.com\/fr\/producto\/chorizo-zamorano-bougie-2\/","og_site_name":"Melquiades Rodr\u00edguez","article_publisher":"https:\/\/www.facebook.com\/Jamones-Melquiades-1517726898557586\/?fref=ts","article_modified_time":"2020-05-27T05:00:04+00:00","og_image":[{"width":850,"height":850,"url":"https:\/\/www.melquiadesrodriguez.com\/wp-content\/uploads\/2017\/02\/Chorizo_Picante_.jpg","type":"image\/jpeg"}],"twitter_card":"summary_large_image","twitter_site":"@JamonMelquiades","schema":{"@context":"https:\/\/schema.org","@graph":[{"@type":"WebPage","@id":"https:\/\/www.melquiadesrodriguez.com\/fr\/producto\/chorizo-zamorano-bougie-2\/","url":"https:\/\/www.melquiadesrodriguez.com\/fr\/producto\/chorizo-zamorano-bougie-2\/","name":"Chorizo bougie de 0,5 kg environ certifi\u00e9 par la Marque Garantie \u201cChorizo Zamorano\u201d. Melquiades Rodr\u00edguez","isPartOf":{"@id":"https:\/\/www.melquiadesrodriguez.com\/fr\/#website"},"primaryImageOfPage":{"@id":"https:\/\/www.melquiadesrodriguez.com\/fr\/producto\/chorizo-zamorano-bougie-2\/#primaryimage"},"image":{"@id":"https:\/\/www.melquiadesrodriguez.com\/fr\/producto\/chorizo-zamorano-bougie-2\/#primaryimage"},"thumbnailUrl":"https:\/\/www.melquiadesrodriguez.com\/wp-content\/uploads\/2017\/02\/Chorizo_Picante_.jpg","datePublished":"2017-02-15T11:54:19+00:00","dateModified":"2020-05-27T05:00:04+00:00","description":"Chorizo Zamorano \u201cBougie\u201d. Melquiades Rodr\u00edguez.","breadcrumb":{"@id":"https:\/\/www.melquiadesrodriguez.com\/fr\/producto\/chorizo-zamorano-bougie-2\/#breadcrumb"},"inLanguage":"fr-FR","potentialAction":[{"@type":"ReadAction","target":["https:\/\/www.melquiadesrodriguez.com\/fr\/producto\/chorizo-zamorano-bougie-2\/"]}]},{"@type":"ImageObject","inLanguage":"fr-FR","@id":"https:\/\/www.melquiadesrodriguez.com\/fr\/producto\/chorizo-zamorano-bougie-2\/#primaryimage","url":"https:\/\/www.melquiadesrodriguez.com\/wp-content\/uploads\/2017\/02\/Chorizo_Picante_.jpg","contentUrl":"https:\/\/www.melquiadesrodriguez.com\/wp-content\/uploads\/2017\/02\/Chorizo_Picante_.jpg","width":850,"height":850,"caption":"Chorizo Zamorano \"sarta\" picante"},{"@type":"BreadcrumbList","@id":"https:\/\/www.melquiadesrodriguez.com\/fr\/producto\/chorizo-zamorano-bougie-2\/#breadcrumb","itemListElement":[{"@type":"ListItem","position":1,"name":"Portada","item":"https:\/\/www.melquiadesrodriguez.com\/fr\/"},{"@type":"ListItem","position":2,"name":"Produits","item":"https:\/\/www.melquiadesrodriguez.com\/fr\/produits\/"},{"@type":"ListItem","position":3,"name":"Chorizo Zamorano Extra \u00c9PIC\u00c9"}]},{"@type":"WebSite","@id":"https:\/\/www.melquiadesrodriguez.com\/fr\/#website","url":"https:\/\/www.melquiadesrodriguez.com\/fr\/","name":"Melquiades Rodr\u00edguez","description":"Jamones y Embutidos","potentialAction":[{"@type":"SearchAction","target":{"@type":"EntryPoint","urlTemplate":"https:\/\/www.melquiadesrodriguez.com\/fr\/?s={search_term_string}"},"query-input":{"@type":"PropertyValueSpecification","valueRequired":true,"valueName":"search_term_string"}}],"inLanguage":"fr-FR"}]}},"_links":{"self":[{"href":"https:\/\/www.melquiadesrodriguez.com\/fr\/wp-json\/wp\/v2\/product\/2375","targetHints":{"allow":["GET"]}}],"collection":[{"href":"https:\/\/www.melquiadesrodriguez.com\/fr\/wp-json\/wp\/v2\/product"}],"about":[{"href":"https:\/\/www.melquiadesrodriguez.com\/fr\/wp-json\/wp\/v2\/types\/product"}],"replies":[{"embeddable":true,"href":"https:\/\/www.melquiadesrodriguez.com\/fr\/wp-json\/wp\/v2\/comments?post=2375"}],"wp:featuredmedia":[{"embeddable":true,"href":"https:\/\/www.melquiadesrodriguez.com\/fr\/wp-json\/wp\/v2\/media\/6713"}],"wp:attachment":[{"href":"https:\/\/www.melquiadesrodriguez.com\/fr\/wp-json\/wp\/v2\/media?parent=2375"}],"wp:term":[{"taxonomy":"product_brand","embeddable":true,"href":"https:\/\/www.melquiadesrodriguez.com\/fr\/wp-json\/wp\/v2\/product_brand?post=2375"},{"taxonomy":"product_cat","embeddable":true,"href":"https:\/\/www.melquiadesrodriguez.com\/fr\/wp-json\/wp\/v2\/product_cat?post=2375"},{"taxonomy":"product_tag","embeddable":true,"href":"https:\/\/www.melquiadesrodriguez.com\/fr\/wp-json\/wp\/v2\/product_tag?post=2375"}],"curies":[{"name":"wp","href":"https:\/\/api.w.org\/{rel}","templated":true}]}}